{"id":6651,"date":"2022-11-25T13:01:02","date_gmt":"2022-11-25T13:01:02","guid":{"rendered":"https:\/\/trappsped.at\/?page_id=6651"},"modified":"2023-06-28T08:31:39","modified_gmt":"2023-06-28T08:31:39","slug":"transport-of-printing-presses","status":"publish","type":"page","link":"https:\/\/trappsped.at\/en\/industries\/transport-of-printing-presses\/","title":{"rendered":"Transport of printing presses"},"content":{"rendered":"<p>[vc_row full_width=&#8221;stretch_row_content_no_spaces&#8221;][vc_column]\r\n    <section id=\"\" class=\"hero-banner banner-bg \" data-background=\"https:\/\/trappsped.at\/wp-content\/uploads\/2022\/11\/Spedition_Trapp_Transport_Druckmaschinen.jpg\">\r\n        <div class=\"hero-banner-caption\">\r\n            <div class=\"container\">\r\n                <div class=\"hero-banner-info wow fadeInUp\" data-wow-delay=\"0.3s\" data-wow-duration=\"0.5s\">                        <h1>Professionally transported, assembled and installed.<\/h1><p>Safe relocation: transport of printing presses<\/p>\n                <\/div>\r\n            <\/div>\r\n        <\/div>\r\n    <\/section>\r\n    <section class=\"content-part pv-0\">\r\n        <div class=\"container\">\r\n            <div class=\"content-row grid-33 wow fadeInUp\" data-wow-delay=\"0.3s\" data-wow-duration=\"0.5s\">\r\n                <div class=\"row\">\r\n                    <div class=\"col-xl-6 offset-xl-6 col-lg-8 offset-lg-4 col-md-11 offset-md-1\">\r\n                        <div class=\"hero-service-row active-service grid-7\">\r\n                            <div class=\"row\">\r\n                                        <div class=\"col-lg-3 col-md-3 col-sm-6 col-6 mb-15\">\r\n                                            <div class=\"hero-service-blog not-active\">\r\n                                                <a href=\"https:\/\/trappsped.at\/en\/services\/land-transport\/\">                                                        <span><img decoding=\"async\" src=\"https:\/\/trappsped.at\/wp-content\/uploads\/2022\/02\/truck.svg\" alt=\"truck\"><\/span>                                                    <p>Land transport<\/p>\r\n                                                <\/a>\r\n                                            <\/div>\r\n                                        <\/div>\r\n                                        <div class=\"col-lg-3 col-md-3 col-sm-6 col-6 mb-15\">\r\n                                            <div class=\"hero-service-blog not-active\">\r\n                                                <a href=\"https:\/\/trappsped.at\/en\/services\/air-sea-freight\/\">                                                        <span><img decoding=\"async\" src=\"https:\/\/trappsped.at\/wp-content\/uploads\/2022\/02\/ship.svg\" alt=\"Spedition Trapp -\"><\/span>                                                    <p>Air &#038; sea freight<\/p>\r\n                                                <\/a>\r\n                                            <\/div>\r\n                                        <\/div>\r\n                                        <div class=\"col-lg-3 col-md-3 col-sm-6 col-6 mb-15\">\r\n                                            <div class=\"hero-service-blog not-active\">\r\n                                                <a href=\"https:\/\/trappsped.at\/en\/services\/special-transports\/\">                                                        <span><img decoding=\"async\" src=\"https:\/\/trappsped.at\/wp-content\/uploads\/2022\/02\/cargo.svg\" alt=\"cargo\"><\/span>                                                    <p>Special transports<\/p>\r\n                                                <\/a>\r\n                                            <\/div>\r\n                                        <\/div>\r\n                                        <div class=\"col-lg-3 col-md-3 col-sm-6 col-6 mb-15\">\r\n                                            <div class=\"hero-service-blog not-active\">\r\n                                                <a href=\"https:\/\/trappsped.at\/en\/services\/express-transports\/\">                                                        <span><img decoding=\"async\" src=\"https:\/\/trappsped.at\/wp-content\/uploads\/2022\/02\/fast-delivery.svg\" alt=\"fast-delivery\"><\/span>                                                    <p>Express transports<\/p>\r\n                                                <\/a>\r\n                                            <\/div>\r\n                                        <\/div>                            <\/div>\r\n                        <\/div>\r\n                    <\/div>\r\n                <\/div>\r\n            <\/div>\r\n        <\/div>\r\n    <\/section>[\/vc_column][\/vc_row][vc_row][vc_column]        <section id=\"\" class=\"content-part pb-10 \">\n            <div class=\"container\">\n                <div class=\"content-row\">\n                    <div class=\"row\">\n                        <div class=\"col-lg-6 col-md-12 col-sm-12 col-12\">\n                            <div class=\"content-flex\">                                    <div class=\"content-title mb-xl-60 mb-md-40 mb-30 wow fadeInUp\" data-wow-delay=\"0.3s\" data-wow-duration=\"0.5s\">\n                                        <div class=\"maxwidth-453\"><h2>We transport <strong>printing machines safely <\/strong><br \/>\nto their destination<\/h2><\/div>\n                                    <\/div>                                    <div class=\"sk-contact wow fadeInUp\" data-wow-delay=\"0.3s\" data-wow-duration=\"0.5s\">\n                                        <div class=\"sk-tab-contact-img\">                                                    <img decoding=\"async\" src=\"https:\/\/trappsped.at\/wp-content\/uploads\/2022\/02\/Wolfgang_Mirtl-Geschaeftsfuehrer_Spedition_TRAPP.jpg\" alt=\"Wolfgang Mirtl - Gesch\u00e4ftsf\u00fchrer Spedition TRAPP \u00d6sterreich\">                                        <\/div>\n                                        <div class=\"sk-tab-contact-col\">                                                <h3>Your Contact<\/h3>                                                <p><span>Wolfgang Mirtl<\/span>Import - Export <a href=\"\/en\/maerkte\/spain\/\">ESP<\/a> \/ <a href=\"\/en\/maerkte\/portugal\/\">PRT<\/a> \/ <a href=\"\/en\/markets\/united_kingdom\/\">GRB<\/a> \/ <a href=\"\/en\/markets\/united_kingdom\/\">IRL<\/a> <\/p>\n                                                <ul>                                                            <li class=\"phone\"><a href=\"tel:004377462058240\" title=\"+43 7746 20582-40\" class=\"\">+43 7746 20582-40<\/a><\/li>                                                            <li class=\"email\"><a href=\"mailto:mirtl@trappsped.at\" title=\"mirtl@trappsped.at\" class=\"\">mirtl@trappsped.at<\/a><\/li>                                                <\/ul>                                        <\/div>\n                                    <\/div>                            <\/div>\n                        <\/div>\n                        <div class=\"col-lg-6 col-md-12 col-sm-12 col-12\">\n                            <div class=\"content-info wow fadeInUp\" data-wow-delay=\"0.3s\" data-wow-duration=\"0.5s\">\n                                <p>When moving printing presses, transport requires plenty of finesse and accurate scheduling. As a rule, production is at a standstill while awaiting the new machine. When transporting printing presses, we place even more value on time-saving processing and reliable organisation. Transport is planned according to the size, place of use and delivery of the printing press. Our offer:<br \/>\nDisassembly of the printing press<\/p>\n<ul>\n<li>Loading and transport<\/li>\n<li>Storage or intermediate storage if required<\/li>\n<li>Delivery<\/li>\n<li>Installation of the printing press<\/li>\n<\/ul>\n<p>Play it safe so that your printing machines are transported, assembled and installed professionally.<\/p>\n<p>To find out more about transporting presses, rates and schedules, contact our dispatchers. We shall gladly advise you on available options.<\/p>\n                            <\/div>\n                        <\/div>\n                    <\/div>\n                <\/div>\n            <\/div>\n        <\/section>[\/vc_column][\/vc_row][vc_row][vc_column]<div id=\"\" class=\"trapp-space trapp-space-140055417269d866c31481e \"><\/div><style>.trapp-space-140055417269d866c31481e{height:50px;}@media (max-width: 1200px){.trapp-space-140055417269d866c31481e{height:30px;}}@media (max-width: 767px){.trapp-space-140055417269d866c31481e{height:10px;}}<\/style>[\/vc_column][\/vc_row]<\/p>\n","protected":false},"excerpt":{"rendered":"<p>[vc_row full_width=&#8221;stretch_row_content_no_spaces&#8221;][vc_column][\/vc_column][\/vc_row][vc_row][vc_column][\/vc_column][\/vc_row][vc_row][vc_column][\/vc_column][\/vc_row]<\/p>\n","protected":false},"author":1,"featured_media":0,"parent":3349,"menu_order":0,"comment_status":"closed","ping_status":"closed","template":"","meta":{"_acf_changed":false,"footnotes":""},"class_list":["post-6651","page","type-page","status-publish","hentry"],"acf":[],"yoast_head":"<!-- This site is optimized with the Yoast SEO plugin v27.3 - https:\/\/yoast.com\/product\/yoast-seo-wordpress\/ -->\n<title>Spedition Trapp - transport of printing machines<\/title>\n<meta name=\"description\" content=\"We offer time-saving processing and reliable organization of your printing machine transport - contact us.\" \/>\n<meta name=\"robots\" content=\"index, follow, max-snippet:-1, max-image-preview:large, max-video-preview:-1\" \/>\n<link rel=\"canonical\" href=\"https:\/\/trappsped.at\/en\/industries\/transport-of-printing-presses\/\" \/>\n<meta property=\"og:locale\" content=\"en_US\" \/>\n<meta property=\"og:type\" content=\"article\" \/>\n<meta property=\"og:title\" content=\"Spedition Trapp - transport of printing machines\" \/>\n<meta property=\"og:description\" content=\"We offer time-saving processing and reliable organization of your printing machine transport - contact us.\" \/>\n<meta property=\"og:url\" content=\"https:\/\/trappsped.at\/en\/industries\/transport-of-printing-presses\/\" \/>\n<meta property=\"og:site_name\" content=\"Spedition Trapp\" \/>\n<meta property=\"article:publisher\" content=\"https:\/\/www.facebook.com\/trappsped.at\/\" \/>\n<meta property=\"article:modified_time\" content=\"2023-06-28T08:31:39+00:00\" \/>\n<meta name=\"twitter:card\" content=\"summary_large_image\" \/>\n<meta name=\"twitter:label1\" content=\"Est. reading time\" \/>\n\t<meta name=\"twitter:data1\" content=\"1 minute\" \/>\n<script type=\"application\/ld+json\" class=\"yoast-schema-graph\">{\"@context\":\"https:\\\/\\\/schema.org\",\"@graph\":[{\"@type\":\"WebPage\",\"@id\":\"https:\\\/\\\/trappsped.at\\\/en\\\/industries\\\/transport-of-printing-presses\\\/\",\"url\":\"https:\\\/\\\/trappsped.at\\\/en\\\/industries\\\/transport-of-printing-presses\\\/\",\"name\":\"Spedition Trapp - transport of printing machines\",\"isPartOf\":{\"@id\":\"https:\\\/\\\/trappsped.at\\\/#website\"},\"datePublished\":\"2022-11-25T13:01:02+00:00\",\"dateModified\":\"2023-06-28T08:31:39+00:00\",\"description\":\"We offer time-saving processing and reliable organization of your printing machine transport - contact us.\",\"breadcrumb\":{\"@id\":\"https:\\\/\\\/trappsped.at\\\/en\\\/industries\\\/transport-of-printing-presses\\\/#breadcrumb\"},\"inLanguage\":\"en-US\",\"potentialAction\":[{\"@type\":\"ReadAction\",\"target\":[\"https:\\\/\\\/trappsped.at\\\/en\\\/industries\\\/transport-of-printing-presses\\\/\"]}]},{\"@type\":\"BreadcrumbList\",\"@id\":\"https:\\\/\\\/trappsped.at\\\/en\\\/industries\\\/transport-of-printing-presses\\\/#breadcrumb\",\"itemListElement\":[{\"@type\":\"ListItem\",\"position\":1,\"name\":\"Home\",\"item\":\"https:\\\/\\\/trappsped.at\\\/en\\\/\"},{\"@type\":\"ListItem\",\"position\":2,\"name\":\"Industries\",\"item\":\"https:\\\/\\\/trappsped.at\\\/en\\\/industries\\\/\"},{\"@type\":\"ListItem\",\"position\":3,\"name\":\"Transport of printing presses\"}]},{\"@type\":\"WebSite\",\"@id\":\"https:\\\/\\\/trappsped.at\\\/#website\",\"url\":\"https:\\\/\\\/trappsped.at\\\/\",\"name\":\"Spedition Trapp\",\"description\":\"Logistik der Extraklasse\",\"publisher\":{\"@id\":\"https:\\\/\\\/trappsped.at\\\/#organization\"},\"potentialAction\":[{\"@type\":\"SearchAction\",\"target\":{\"@type\":\"EntryPoint\",\"urlTemplate\":\"https:\\\/\\\/trappsped.at\\\/?s={search_term_string}\"},\"query-input\":{\"@type\":\"PropertyValueSpecification\",\"valueRequired\":true,\"valueName\":\"search_term_string\"}}],\"inLanguage\":\"en-US\"},{\"@type\":\"Organization\",\"@id\":\"https:\\\/\\\/trappsped.at\\\/#organization\",\"name\":\"Spedition Trapp GmbH\",\"url\":\"https:\\\/\\\/trappsped.at\\\/\",\"logo\":{\"@type\":\"ImageObject\",\"inLanguage\":\"en-US\",\"@id\":\"https:\\\/\\\/trappsped.at\\\/#\\\/schema\\\/logo\\\/image\\\/\",\"url\":\"https:\\\/\\\/trappsped.at\\\/wp-content\\\/uploads\\\/2022\\\/02\\\/Spedition-Trapp-Logo.svg\",\"contentUrl\":\"https:\\\/\\\/trappsped.at\\\/wp-content\\\/uploads\\\/2022\\\/02\\\/Spedition-Trapp-Logo.svg\",\"width\":1,\"height\":1,\"caption\":\"Spedition Trapp GmbH\"},\"image\":{\"@id\":\"https:\\\/\\\/trappsped.at\\\/#\\\/schema\\\/logo\\\/image\\\/\"},\"sameAs\":[\"https:\\\/\\\/www.facebook.com\\\/trappsped.at\\\/\",\"https:\\\/\\\/www.linkedin.com\\\/company\\\/trapp-spedition-gmbh\\\/\",\"https:\\\/\\\/www.xing.com\\\/pages\\\/trappspeditiongmbh\"]}]}<\/script>\n<!-- \/ Yoast SEO plugin. -->","yoast_head_json":{"title":"Spedition Trapp - transport of printing machines","description":"We offer time-saving processing and reliable organization of your printing machine transport - contact us.","robots":{"index":"index","follow":"follow","max-snippet":"max-snippet:-1","max-image-preview":"max-image-preview:large","max-video-preview":"max-video-preview:-1"},"canonical":"https:\/\/trappsped.at\/en\/industries\/transport-of-printing-presses\/","og_locale":"en_US","og_type":"article","og_title":"Spedition Trapp - transport of printing machines","og_description":"We offer time-saving processing and reliable organization of your printing machine transport - contact us.","og_url":"https:\/\/trappsped.at\/en\/industries\/transport-of-printing-presses\/","og_site_name":"Spedition Trapp","article_publisher":"https:\/\/www.facebook.com\/trappsped.at\/","article_modified_time":"2023-06-28T08:31:39+00:00","twitter_card":"summary_large_image","twitter_misc":{"Est. reading time":"1 minute"},"schema":{"@context":"https:\/\/schema.org","@graph":[{"@type":"WebPage","@id":"https:\/\/trappsped.at\/en\/industries\/transport-of-printing-presses\/","url":"https:\/\/trappsped.at\/en\/industries\/transport-of-printing-presses\/","name":"Spedition Trapp - transport of printing machines","isPartOf":{"@id":"https:\/\/trappsped.at\/#website"},"datePublished":"2022-11-25T13:01:02+00:00","dateModified":"2023-06-28T08:31:39+00:00","description":"We offer time-saving processing and reliable organization of your printing machine transport - contact us.","breadcrumb":{"@id":"https:\/\/trappsped.at\/en\/industries\/transport-of-printing-presses\/#breadcrumb"},"inLanguage":"en-US","potentialAction":[{"@type":"ReadAction","target":["https:\/\/trappsped.at\/en\/industries\/transport-of-printing-presses\/"]}]},{"@type":"BreadcrumbList","@id":"https:\/\/trappsped.at\/en\/industries\/transport-of-printing-presses\/#breadcrumb","itemListElement":[{"@type":"ListItem","position":1,"name":"Home","item":"https:\/\/trappsped.at\/en\/"},{"@type":"ListItem","position":2,"name":"Industries","item":"https:\/\/trappsped.at\/en\/industries\/"},{"@type":"ListItem","position":3,"name":"Transport of printing presses"}]},{"@type":"WebSite","@id":"https:\/\/trappsped.at\/#website","url":"https:\/\/trappsped.at\/","name":"Spedition Trapp","description":"Logistik der Extraklasse","publisher":{"@id":"https:\/\/trappsped.at\/#organization"},"potentialAction":[{"@type":"SearchAction","target":{"@type":"EntryPoint","urlTemplate":"https:\/\/trappsped.at\/?s={search_term_string}"},"query-input":{"@type":"PropertyValueSpecification","valueRequired":true,"valueName":"search_term_string"}}],"inLanguage":"en-US"},{"@type":"Organization","@id":"https:\/\/trappsped.at\/#organization","name":"Spedition Trapp GmbH","url":"https:\/\/trappsped.at\/","logo":{"@type":"ImageObject","inLanguage":"en-US","@id":"https:\/\/trappsped.at\/#\/schema\/logo\/image\/","url":"https:\/\/trappsped.at\/wp-content\/uploads\/2022\/02\/Spedition-Trapp-Logo.svg","contentUrl":"https:\/\/trappsped.at\/wp-content\/uploads\/2022\/02\/Spedition-Trapp-Logo.svg","width":1,"height":1,"caption":"Spedition Trapp GmbH"},"image":{"@id":"https:\/\/trappsped.at\/#\/schema\/logo\/image\/"},"sameAs":["https:\/\/www.facebook.com\/trappsped.at\/","https:\/\/www.linkedin.com\/company\/trapp-spedition-gmbh\/","https:\/\/www.xing.com\/pages\/trappspeditiongmbh"]}]}},"_links":{"self":[{"href":"https:\/\/trappsped.at\/en\/wp-json\/wp\/v2\/pages\/6651","targetHints":{"allow":["GET"]}}],"collection":[{"href":"https:\/\/trappsped.at\/en\/wp-json\/wp\/v2\/pages"}],"about":[{"href":"https:\/\/trappsped.at\/en\/wp-json\/wp\/v2\/types\/page"}],"author":[{"embeddable":true,"href":"https:\/\/trappsped.at\/en\/wp-json\/wp\/v2\/users\/1"}],"replies":[{"embeddable":true,"href":"https:\/\/trappsped.at\/en\/wp-json\/wp\/v2\/comments?post=6651"}],"version-history":[{"count":3,"href":"https:\/\/trappsped.at\/en\/wp-json\/wp\/v2\/pages\/6651\/revisions"}],"predecessor-version":[{"id":7089,"href":"https:\/\/trappsped.at\/en\/wp-json\/wp\/v2\/pages\/6651\/revisions\/7089"}],"up":[{"embeddable":true,"href":"https:\/\/trappsped.at\/en\/wp-json\/wp\/v2\/pages\/3349"}],"wp:attachment":[{"href":"https:\/\/trappsped.at\/en\/wp-json\/wp\/v2\/media?parent=6651"}],"curies":[{"name":"wp","href":"https:\/\/api.w.org\/{rel}","templated":true}]}}