{"id":3754,"date":"2022-02-16T09:53:16","date_gmt":"2022-02-16T09:53:16","guid":{"rendered":"https:\/\/trapp.webartists.at\/sectores\/"},"modified":"2022-12-19T08:52:54","modified_gmt":"2022-12-19T08:52:54","slug":"sectores","status":"publish","type":"page","link":"https:\/\/trappsped.at\/es\/sectores\/","title":{"rendered":"Sectores"},"content":{"rendered":"<p>[vc_row full_width=\u00bbstretch_row_content_no_spaces\u00bb][vc_column]\r\n    <section id=\"\" class=\"hero-banner banner-bg \" data-background=\"https:\/\/trappsped.at\/wp-content\/uploads\/2022\/08\/Spedition_Trapp_Unternehmen_Branchen.jpg\">\r\n        <div class=\"hero-banner-caption\">\r\n            <div class=\"container\">\r\n                <div class=\"hero-banner-info wow fadeInUp\" data-wow-delay=\"0.3s\" data-wow-duration=\"0.5s\">                        <h1>No importa de<br \/>\nqu\u00e9 sector se trate,<\/h1><p>nosotros siempre vamos un paso por delante.<\/p>\n                <\/div>\r\n            <\/div>\r\n        <\/div>\r\n    <\/section>\r\n    <section class=\"content-part pv-0\">\r\n        <div class=\"container\">\r\n            <div class=\"content-row grid-33 wow fadeInUp\" data-wow-delay=\"0.3s\" data-wow-duration=\"0.5s\">\r\n                <div class=\"row\">\r\n                    <div class=\"col-xl-6 offset-xl-6 col-lg-8 offset-lg-4 col-md-11 offset-md-1\">\r\n                        <div class=\"hero-service-row active-service grid-7\">\r\n                            <div class=\"row\">\r\n                                        <div class=\"col-lg-3 col-md-3 col-sm-6 col-6 mb-15\">\r\n                                            <div class=\"hero-service-blog not-active\">\r\n                                                <a href=\"https:\/\/trappsped.at\/es\/servicios\/transporte-terrestre\/\">                                                        <span><img decoding=\"async\" src=\"https:\/\/trappsped.at\/wp-content\/uploads\/2022\/02\/truck.svg\" alt=\"truck\"><\/span>                                                    <p>Transporte terrestre<\/p>\r\n                                                <\/a>\r\n                                            <\/div>\r\n                                        <\/div>\r\n                                        <div class=\"col-lg-3 col-md-3 col-sm-6 col-6 mb-15\">\r\n                                            <div class=\"hero-service-blog not-active\">\r\n                                                <a href=\"https:\/\/trappsped.at\/es\/servicios\/flete-aereo-y-maritimo\/\">                                                        <span><img decoding=\"async\" src=\"https:\/\/trappsped.at\/wp-content\/uploads\/2022\/02\/ship.svg\" alt=\"Spedition Trapp -\"><\/span>                                                    <p>Flete a\u00e9reo y mar\u00edtimo<\/p>\r\n                                                <\/a>\r\n                                            <\/div>\r\n                                        <\/div>\r\n                                        <div class=\"col-lg-3 col-md-3 col-sm-6 col-6 mb-15\">\r\n                                            <div class=\"hero-service-blog not-active\">\r\n                                                <a href=\"https:\/\/trappsped.at\/es\/servicios\/transporte-especial\/\">                                                        <span><img decoding=\"async\" src=\"https:\/\/trappsped.at\/wp-content\/uploads\/2022\/02\/cargo.svg\" alt=\"cargo\"><\/span>                                                    <p>Transporte especial<\/p>\r\n                                                <\/a>\r\n                                            <\/div>\r\n                                        <\/div>\r\n                                        <div class=\"col-lg-3 col-md-3 col-sm-6 col-6 mb-15\">\r\n                                            <div class=\"hero-service-blog not-active\">\r\n                                                <a href=\"https:\/\/trappsped.at\/es\/servicios\/transporte-urgente\/\">                                                        <span><img decoding=\"async\" src=\"https:\/\/trappsped.at\/wp-content\/uploads\/2022\/02\/fast-delivery.svg\" alt=\"fast-delivery\"><\/span>                                                    <p>Transporte urgente<\/p>\r\n                                                <\/a>\r\n                                            <\/div>\r\n                                        <\/div>                            <\/div>\r\n                        <\/div>\r\n                    <\/div>\r\n                <\/div>\r\n            <\/div>\r\n        <\/div>\r\n    <\/section>[\/vc_column][\/vc_row][vc_row][vc_column]        <section id=\"\" class=\"content-part pb-10 \">\n            <div class=\"container\">\n                <div class=\"content-row\">\n                    <div class=\"row\">\n                        <div class=\"col-lg-6 col-md-12 col-sm-12 col-12\">\n                            <div class=\"content-flex\">                                    <div class=\"content-title mb-xl-60 mb-md-40 mb-30 wow fadeInUp\" data-wow-delay=\"0.3s\" data-wow-duration=\"0.5s\">\n                                        <div class=\"maxwidth-453\"><h2><strong>Transporte<\/strong><br \/>\npor toda Europa<\/h2><\/div>\n                                    <\/div>                            <\/div>\n                        <\/div>\n                        <div class=\"col-lg-6 col-md-12 col-sm-12 col-12\">\n                            <div class=\"content-info wow fadeInUp\" data-wow-delay=\"0.3s\" data-wow-duration=\"0.5s\">\n                                <p>Llevamos sus mercanc\u00edas de forma segura y puntual a su destino por v\u00eda terrestre, mar\u00edtima o a\u00e9rea desde hace casi 35 a\u00f1os. No ofrecemos un servicio de log\u00edstica \u00aben serie\u00bb, sino uno de primera clase en el sector de las cargas parciales y completas. Por eso, con nosotros tiene una persona de contacto personal que est\u00e1 a su lado desde la recogida hasta la facturaci\u00f3n.<\/p>\n                            <\/div>\n                        <\/div>\n                    <\/div>\n                <\/div>\n            <\/div>\n        <\/section>[\/vc_column][\/vc_row][vc_row][vc_column]\n    <section id=\"\" class=\"content-part pt-md-50 pb-xxl-10 pb-xl-10 pb-md-10 pt-30 pb-10 \">\n        <div class=\"container\">\n            <div class=\"content-row grid-33\">\n                <div class=\"row\">\n                    \n    <div class=\"col-lg-4 col-md-6 col-sm-6 col-12 mb-xxl-65 mb-xl-50 mb-lg-30 mb-30\">\n        <div class=\"sk-post-blog wow fadeInUp\" data-wow-delay=\"0.3s\" data-wow-duration=\"0.5s\">\n            <div class=\"gallery-item\">                        <a href=\"\/es\/especialistas\/transporte-de-bobinas-y-acero\/\" title=\"Lee mas\" class=\"\">                    \n                    <img decoding=\"async\" src=\"https:\/\/trappsped.at\/wp-content\/uploads\/2022\/03\/Spedition_Trapp_Branchen_Stahl_T.jpg\" alt=\"Spedition Trapp - Coil- und Stahltransporte\">                        <\/a>                \n                <div class=\"sk-gallery-hover\">\n                    <div class=\"sk-gallery-left\">                    <\/div>\n                    <div class=\"sk-gallery-right\">                    <\/div>\n                <\/div>\n            <\/div>\n            <div class=\"sk-post-info\">                    <h3>                            <a href=\"\/es\/especialistas\/transporte-de-bobinas-y-acero\/\" title=\"Lee mas\" class=\"\">Transporte de bobinas y acero                            <\/a>                    <\/h3><p>Viajamos por las carreteras europeas con grandes mercanc\u00edas. Ofrecemos transportes especiales y soluciones para la industria del acero.<\/p>\n                    <a href=\"\/es\/especialistas\/transporte-de-bobinas-y-acero\/\" title=\"Lee mas\" class=\"main-btn\">Lee mas<span><\/span><\/a>            <\/div>\n        <\/div>\n    <\/div>\n    <div class=\"col-lg-4 col-md-6 col-sm-6 col-12 mb-xxl-65 mb-xl-50 mb-lg-30 mb-30\">\n        <div class=\"sk-post-blog wow fadeInUp\" data-wow-delay=\"0.3s\" data-wow-duration=\"0.5s\">\n            <div class=\"gallery-item\">                        <a href=\"\/es\/especialistas\/transporte-de-baldosas\/\" title=\"Lee mas\" class=\"\">                    \n                    <img decoding=\"async\" src=\"https:\/\/trappsped.at\/wp-content\/uploads\/2022\/03\/Spedition_Trapp_Branchen_Fliesen_T.jpg\" alt=\"Spedition Trapp - Fliesenindustrie\">                        <\/a>                \n                <div class=\"sk-gallery-hover\">\n                    <div class=\"sk-gallery-left\">                    <\/div>\n                    <div class=\"sk-gallery-right\">                    <\/div>\n                <\/div>\n            <\/div>\n            <div class=\"sk-post-info\">                    <h3>                            <a href=\"\/es\/especialistas\/transporte-de-baldosas\/\" title=\"Lee mas\" class=\"\">Transporte de baldosas                            <\/a>                    <\/h3><p>Gracias a nuestras propias sucursales en Espa\u00f1a e Italia, podemos transportar baldosas con rapidez y eficacia.<\/p>\n                    <a href=\"\/es\/especialistas\/transporte-de-baldosas\/\" title=\"Lee mas\" class=\"main-btn\">Lee mas<span><\/span><\/a>            <\/div>\n        <\/div>\n    <\/div>\n    <div class=\"col-lg-4 col-md-6 col-sm-6 col-12 mb-xxl-65 mb-xl-50 mb-lg-30 mb-30\">\n        <div class=\"sk-post-blog wow fadeInUp\" data-wow-delay=\"0.3s\" data-wow-duration=\"0.5s\">\n            <div class=\"gallery-item\">                        <a href=\"https:\/\/trappsped.at\/es\/sectores\/transporte-de-maquinas-de-impresion\/\" title=\"Lee mas\" class=\"\">                    \n                    <img decoding=\"async\" src=\"https:\/\/trappsped.at\/wp-content\/uploads\/2022\/11\/Spedition_Trapp_Transport_Druckmaschinen_T.jpg\" alt=\"Spedition Trapp - Transport von Druckmaschinen\">                        <\/a>                \n                <div class=\"sk-gallery-hover\">\n                    <div class=\"sk-gallery-left\">                    <\/div>\n                    <div class=\"sk-gallery-right\">                    <\/div>\n                <\/div>\n            <\/div>\n            <div class=\"sk-post-info\">                    <h3>                            <a href=\"https:\/\/trappsped.at\/es\/sectores\/transporte-de-maquinas-de-impresion\/\" title=\"Lee mas\" class=\"\">Transporte de m\u00e1quinas de impresi\u00f3n                            <\/a>                    <\/h3><p>Ahorro de tiempo y fiable: transportamos su m\u00e1quina de impresi\u00f3n.<\/p>\n                    <a href=\"https:\/\/trappsped.at\/es\/sectores\/transporte-de-maquinas-de-impresion\/\" title=\"Lee mas\" class=\"main-btn\">Lee mas<span><\/span><\/a>            <\/div>\n        <\/div>\n    <\/div>\n    <div class=\"col-lg-4 col-md-6 col-sm-6 col-12 mb-xxl-65 mb-xl-50 mb-lg-30 mb-30\">\n        <div class=\"sk-post-blog wow fadeInUp\" data-wow-delay=\"0.3s\" data-wow-duration=\"0.5s\">\n            <div class=\"gallery-item\">                        <a href=\"\/es\/sectores\/otros-sectores\/\" title=\"Lee mas\" class=\"\">                    \n                    <img decoding=\"async\" src=\"https:\/\/trappsped.at\/wp-content\/uploads\/2022\/08\/Spedition_Trapp_Branchen_weitere_T.jpg\" alt=\"Spedition Trapp - Branchen\">                        <\/a>                \n                <div class=\"sk-gallery-hover\">\n                    <div class=\"sk-gallery-left\">                    <\/div>\n                    <div class=\"sk-gallery-right\">                    <\/div>\n                <\/div>\n            <\/div>\n            <div class=\"sk-post-info\">                    <h3>                            <a href=\"\/es\/sectores\/otros-sectores\/\" title=\"Lee mas\" class=\"\">Otros sectores                            <\/a>                    <\/h3><p>Para nosotros no existen los callejones sin salida. En el sector del transporte y la log\u00edstica, encontramos la soluci\u00f3n adecuada para cada industria.<\/p>\n                    <a href=\"\/es\/sectores\/otros-sectores\/\" title=\"Lee mas\" class=\"main-btn\">Lee mas<span><\/span><\/a>            <\/div>\n        <\/div>\n    <\/div>                <\/div>\n            <\/div>\n        <\/div>\n    <\/section>[\/vc_column][\/vc_row]<\/p>\n","protected":false},"excerpt":{"rendered":"<p>[vc_row full_width=\u00bbstretch_row_content_no_spaces\u00bb][vc_column][\/vc_column][\/vc_row][vc_row][vc_column][\/vc_column][\/vc_row][vc_row][vc_column][\/vc_column][\/vc_row]<\/p>\n","protected":false},"author":1,"featured_media":0,"parent":0,"menu_order":0,"comment_status":"closed","ping_status":"closed","template":"","meta":{"_acf_changed":false,"footnotes":""},"class_list":["post-3754","page","type-page","status-publish","hentry"],"acf":[],"yoast_head":"<!-- This site is optimized with the Yoast SEO plugin v27.4 - https:\/\/yoast.com\/product\/yoast-seo-wordpress\/ -->\n<title>Spedition Trapp - log\u00edstica adecuada para todos los sectores<\/title>\n<meta name=\"description\" content=\"Cont\u00e1ctenos: soporte de expertos en log\u00edstica con conocimientos para el transporte de bobinas y acero, transporte de baldosas y otras industrias.\" \/>\n<meta name=\"robots\" content=\"index, follow, max-snippet:-1, max-image-preview:large, max-video-preview:-1\" \/>\n<link rel=\"canonical\" href=\"https:\/\/trappsped.at\/es\/sectores\/\" \/>\n<meta property=\"og:locale\" content=\"es_ES\" \/>\n<meta property=\"og:type\" content=\"article\" \/>\n<meta property=\"og:title\" content=\"Spedition Trapp - log\u00edstica adecuada para todos los sectores\" \/>\n<meta property=\"og:description\" content=\"Cont\u00e1ctenos: soporte de expertos en log\u00edstica con conocimientos para el transporte de bobinas y acero, transporte de baldosas y otras industrias.\" \/>\n<meta property=\"og:url\" content=\"https:\/\/trappsped.at\/es\/sectores\/\" \/>\n<meta property=\"og:site_name\" content=\"Spedition Trapp\" \/>\n<meta property=\"article:publisher\" content=\"https:\/\/www.facebook.com\/trappsped.at\/\" \/>\n<meta property=\"article:modified_time\" content=\"2022-12-19T08:52:54+00:00\" \/>\n<meta name=\"twitter:card\" content=\"summary_large_image\" \/>\n<meta name=\"twitter:label1\" content=\"Tiempo de lectura\" \/>\n\t<meta name=\"twitter:data1\" content=\"2 minutos\" \/>\n<script type=\"application\/ld+json\" class=\"yoast-schema-graph\">{\"@context\":\"https:\\\/\\\/schema.org\",\"@graph\":[{\"@type\":\"WebPage\",\"@id\":\"https:\\\/\\\/trappsped.at\\\/es\\\/sectores\\\/\",\"url\":\"https:\\\/\\\/trappsped.at\\\/es\\\/sectores\\\/\",\"name\":\"Spedition Trapp - log\u00edstica adecuada para todos los sectores\",\"isPartOf\":{\"@id\":\"https:\\\/\\\/trappsped.at\\\/#website\"},\"datePublished\":\"2022-02-16T09:53:16+00:00\",\"dateModified\":\"2022-12-19T08:52:54+00:00\",\"description\":\"Cont\u00e1ctenos: soporte de expertos en log\u00edstica con conocimientos para el transporte de bobinas y acero, transporte de baldosas y otras industrias.\",\"breadcrumb\":{\"@id\":\"https:\\\/\\\/trappsped.at\\\/es\\\/sectores\\\/#breadcrumb\"},\"inLanguage\":\"es\",\"potentialAction\":[{\"@type\":\"ReadAction\",\"target\":[\"https:\\\/\\\/trappsped.at\\\/es\\\/sectores\\\/\"]}]},{\"@type\":\"BreadcrumbList\",\"@id\":\"https:\\\/\\\/trappsped.at\\\/es\\\/sectores\\\/#breadcrumb\",\"itemListElement\":[{\"@type\":\"ListItem\",\"position\":1,\"name\":\"Home\",\"item\":\"https:\\\/\\\/trappsped.at\\\/es\\\/\"},{\"@type\":\"ListItem\",\"position\":2,\"name\":\"Sectores\"}]},{\"@type\":\"WebSite\",\"@id\":\"https:\\\/\\\/trappsped.at\\\/#website\",\"url\":\"https:\\\/\\\/trappsped.at\\\/\",\"name\":\"Spedition Trapp\",\"description\":\"Logistik der Extraklasse\",\"publisher\":{\"@id\":\"https:\\\/\\\/trappsped.at\\\/#organization\"},\"potentialAction\":[{\"@type\":\"SearchAction\",\"target\":{\"@type\":\"EntryPoint\",\"urlTemplate\":\"https:\\\/\\\/trappsped.at\\\/?s={search_term_string}\"},\"query-input\":{\"@type\":\"PropertyValueSpecification\",\"valueRequired\":true,\"valueName\":\"search_term_string\"}}],\"inLanguage\":\"es\"},{\"@type\":\"Organization\",\"@id\":\"https:\\\/\\\/trappsped.at\\\/#organization\",\"name\":\"Spedition Trapp GmbH\",\"url\":\"https:\\\/\\\/trappsped.at\\\/\",\"logo\":{\"@type\":\"ImageObject\",\"inLanguage\":\"es\",\"@id\":\"https:\\\/\\\/trappsped.at\\\/#\\\/schema\\\/logo\\\/image\\\/\",\"url\":\"https:\\\/\\\/trappsped.at\\\/wp-content\\\/uploads\\\/2022\\\/02\\\/Spedition-Trapp-Logo.svg\",\"contentUrl\":\"https:\\\/\\\/trappsped.at\\\/wp-content\\\/uploads\\\/2022\\\/02\\\/Spedition-Trapp-Logo.svg\",\"width\":1,\"height\":1,\"caption\":\"Spedition Trapp GmbH\"},\"image\":{\"@id\":\"https:\\\/\\\/trappsped.at\\\/#\\\/schema\\\/logo\\\/image\\\/\"},\"sameAs\":[\"https:\\\/\\\/www.facebook.com\\\/trappsped.at\\\/\",\"https:\\\/\\\/www.linkedin.com\\\/company\\\/trapp-spedition-gmbh\\\/\",\"https:\\\/\\\/www.xing.com\\\/pages\\\/trappspeditiongmbh\"]}]}<\/script>\n<!-- \/ Yoast SEO plugin. -->","yoast_head_json":{"title":"Spedition Trapp - log\u00edstica adecuada para todos los sectores","description":"Cont\u00e1ctenos: soporte de expertos en log\u00edstica con conocimientos para el transporte de bobinas y acero, transporte de baldosas y otras industrias.","robots":{"index":"index","follow":"follow","max-snippet":"max-snippet:-1","max-image-preview":"max-image-preview:large","max-video-preview":"max-video-preview:-1"},"canonical":"https:\/\/trappsped.at\/es\/sectores\/","og_locale":"es_ES","og_type":"article","og_title":"Spedition Trapp - log\u00edstica adecuada para todos los sectores","og_description":"Cont\u00e1ctenos: soporte de expertos en log\u00edstica con conocimientos para el transporte de bobinas y acero, transporte de baldosas y otras industrias.","og_url":"https:\/\/trappsped.at\/es\/sectores\/","og_site_name":"Spedition Trapp","article_publisher":"https:\/\/www.facebook.com\/trappsped.at\/","article_modified_time":"2022-12-19T08:52:54+00:00","twitter_card":"summary_large_image","twitter_misc":{"Tiempo de lectura":"2 minutos"},"schema":{"@context":"https:\/\/schema.org","@graph":[{"@type":"WebPage","@id":"https:\/\/trappsped.at\/es\/sectores\/","url":"https:\/\/trappsped.at\/es\/sectores\/","name":"Spedition Trapp - log\u00edstica adecuada para todos los sectores","isPartOf":{"@id":"https:\/\/trappsped.at\/#website"},"datePublished":"2022-02-16T09:53:16+00:00","dateModified":"2022-12-19T08:52:54+00:00","description":"Cont\u00e1ctenos: soporte de expertos en log\u00edstica con conocimientos para el transporte de bobinas y acero, transporte de baldosas y otras industrias.","breadcrumb":{"@id":"https:\/\/trappsped.at\/es\/sectores\/#breadcrumb"},"inLanguage":"es","potentialAction":[{"@type":"ReadAction","target":["https:\/\/trappsped.at\/es\/sectores\/"]}]},{"@type":"BreadcrumbList","@id":"https:\/\/trappsped.at\/es\/sectores\/#breadcrumb","itemListElement":[{"@type":"ListItem","position":1,"name":"Home","item":"https:\/\/trappsped.at\/es\/"},{"@type":"ListItem","position":2,"name":"Sectores"}]},{"@type":"WebSite","@id":"https:\/\/trappsped.at\/#website","url":"https:\/\/trappsped.at\/","name":"Spedition Trapp","description":"Logistik der Extraklasse","publisher":{"@id":"https:\/\/trappsped.at\/#organization"},"potentialAction":[{"@type":"SearchAction","target":{"@type":"EntryPoint","urlTemplate":"https:\/\/trappsped.at\/?s={search_term_string}"},"query-input":{"@type":"PropertyValueSpecification","valueRequired":true,"valueName":"search_term_string"}}],"inLanguage":"es"},{"@type":"Organization","@id":"https:\/\/trappsped.at\/#organization","name":"Spedition Trapp GmbH","url":"https:\/\/trappsped.at\/","logo":{"@type":"ImageObject","inLanguage":"es","@id":"https:\/\/trappsped.at\/#\/schema\/logo\/image\/","url":"https:\/\/trappsped.at\/wp-content\/uploads\/2022\/02\/Spedition-Trapp-Logo.svg","contentUrl":"https:\/\/trappsped.at\/wp-content\/uploads\/2022\/02\/Spedition-Trapp-Logo.svg","width":1,"height":1,"caption":"Spedition Trapp GmbH"},"image":{"@id":"https:\/\/trappsped.at\/#\/schema\/logo\/image\/"},"sameAs":["https:\/\/www.facebook.com\/trappsped.at\/","https:\/\/www.linkedin.com\/company\/trapp-spedition-gmbh\/","https:\/\/www.xing.com\/pages\/trappspeditiongmbh"]}]}},"_links":{"self":[{"href":"https:\/\/trappsped.at\/es\/wp-json\/wp\/v2\/pages\/3754","targetHints":{"allow":["GET"]}}],"collection":[{"href":"https:\/\/trappsped.at\/es\/wp-json\/wp\/v2\/pages"}],"about":[{"href":"https:\/\/trappsped.at\/es\/wp-json\/wp\/v2\/types\/page"}],"author":[{"embeddable":true,"href":"https:\/\/trappsped.at\/es\/wp-json\/wp\/v2\/users\/1"}],"replies":[{"embeddable":true,"href":"https:\/\/trappsped.at\/es\/wp-json\/wp\/v2\/comments?post=3754"}],"version-history":[{"count":1,"href":"https:\/\/trappsped.at\/es\/wp-json\/wp\/v2\/pages\/3754\/revisions"}],"predecessor-version":[{"id":6715,"href":"https:\/\/trappsped.at\/es\/wp-json\/wp\/v2\/pages\/3754\/revisions\/6715"}],"wp:attachment":[{"href":"https:\/\/trappsped.at\/es\/wp-json\/wp\/v2\/media?parent=3754"}],"curies":[{"name":"wp","href":"https:\/\/api.w.org\/{rel}","templated":true}]}}