{"id":3756,"date":"2022-03-10T16:13:01","date_gmt":"2022-03-10T16:13:01","guid":{"rendered":"https:\/\/trapp.webartists.at\/sectores\/otros-sectores\/"},"modified":"2024-10-12T14:09:43","modified_gmt":"2024-10-12T14:09:43","slug":"otros-sectores","status":"publish","type":"page","link":"https:\/\/trappsped.at\/es\/sectores\/otros-sectores\/","title":{"rendered":"Otros sectores"},"content":{"rendered":"<p>[vc_row full_width=\u00bbstretch_row_content_no_spaces\u00bb][vc_column]\r\n    <section id=\"\" class=\"hero-banner banner-bg \" data-background=\"https:\/\/trappsped.at\/wp-content\/uploads\/2022\/08\/Spedition_Trapp_Branchen_weitere.jpg\">\r\n        <div class=\"hero-banner-caption\">\r\n            <div class=\"container\">\r\n                <div class=\"hero-banner-info wow fadeInUp\" data-wow-delay=\"0.3s\" data-wow-duration=\"0.5s\">                        <h1>Transporte flexible y r\u00e1pido.<\/h1><p>Mant\u00e9ngase en marcha.<\/p>\n                <\/div>\r\n            <\/div>\r\n        <\/div>\r\n    <\/section>\r\n    <section class=\"content-part pv-0\">\r\n        <div class=\"container\">\r\n            <div class=\"content-row grid-33 wow fadeInUp\" data-wow-delay=\"0.3s\" data-wow-duration=\"0.5s\">\r\n                <div class=\"row\">\r\n                    <div class=\"col-xl-6 offset-xl-6 col-lg-8 offset-lg-4 col-md-11 offset-md-1\">\r\n                        <div class=\"hero-service-row active-service grid-7\">\r\n                            <div class=\"row\">\r\n                                        <div class=\"col-lg-3 col-md-3 col-sm-6 col-6 mb-15\">\r\n                                            <div class=\"hero-service-blog not-active\">\r\n                                                <a href=\"https:\/\/trappsped.at\/es\/servicios\/transporte-terrestre\/\">                                                        <span><img decoding=\"async\" src=\"https:\/\/trappsped.at\/wp-content\/uploads\/2022\/02\/truck.svg\" alt=\"truck\"><\/span>                                                    <p>Transporte terrestre<\/p>\r\n                                                <\/a>\r\n                                            <\/div>\r\n                                        <\/div>\r\n                                        <div class=\"col-lg-3 col-md-3 col-sm-6 col-6 mb-15\">\r\n                                            <div class=\"hero-service-blog not-active\">\r\n                                                <a href=\"https:\/\/trappsped.at\/es\/servicios\/flete-aereo-y-maritimo\/\">                                                        <span><img decoding=\"async\" src=\"https:\/\/trappsped.at\/wp-content\/uploads\/2022\/02\/ship.svg\" alt=\"Spedition Trapp -\"><\/span>                                                    <p>Flete a\u00e9reo y mar\u00edtimo<\/p>\r\n                                                <\/a>\r\n                                            <\/div>\r\n                                        <\/div>\r\n                                        <div class=\"col-lg-3 col-md-3 col-sm-6 col-6 mb-15\">\r\n                                            <div class=\"hero-service-blog not-active\">\r\n                                                <a href=\"https:\/\/trappsped.at\/es\/servicios\/transporte-especial\/\">                                                        <span><img decoding=\"async\" src=\"https:\/\/trappsped.at\/wp-content\/uploads\/2022\/02\/cargo.svg\" alt=\"cargo\"><\/span>                                                    <p>Transporte especial<\/p>\r\n                                                <\/a>\r\n                                            <\/div>\r\n                                        <\/div>\r\n                                        <div class=\"col-lg-3 col-md-3 col-sm-6 col-6 mb-15\">\r\n                                            <div class=\"hero-service-blog not-active\">\r\n                                                <a href=\"https:\/\/trappsped.at\/es\/servicios\/transporte-urgente\/\">                                                        <span><img decoding=\"async\" src=\"https:\/\/trappsped.at\/wp-content\/uploads\/2022\/02\/fast-delivery.svg\" alt=\"fast-delivery\"><\/span>                                                    <p>Transporte urgente<\/p>\r\n                                                <\/a>\r\n                                            <\/div>\r\n                                        <\/div>                            <\/div>\r\n                        <\/div>\r\n                    <\/div>\r\n                <\/div>\r\n            <\/div>\r\n        <\/div>\r\n    <\/section>[\/vc_column][\/vc_row][vc_row][vc_column]        <section id=\"\" class=\"content-part pb-10 \">\n            <div class=\"container\">\n                <div class=\"content-row\">\n                    <div class=\"row\">\n                        <div class=\"col-lg-6 col-md-12 col-sm-12 col-12\">\n                            <div class=\"content-flex\">                                    <div class=\"content-title mb-xl-60 mb-md-40 mb-30 wow fadeInUp\" data-wow-delay=\"0.3s\" data-wow-duration=\"0.5s\">\n                                        <div class=\"maxwidth-453\"><h2><strong>Soluciones de transporte<\/strong> para todos los sectores<\/h2><\/div>\n                                    <\/div>                                    <div class=\"sk-contact wow fadeInUp\" data-wow-delay=\"0.3s\" data-wow-duration=\"0.5s\">\n                                        <div class=\"sk-tab-contact-img\">                                                    <img decoding=\"async\" src=\"https:\/\/trappsped.at\/wp-content\/uploads\/2022\/02\/Andreas-Loscher-TRAPP-Spedition-Osterreich.jpg\" alt=\"Andreas L\u00f6scher TRAPP Spedition \u00d6sterreich\">                                        <\/div>\n                                        <div class=\"sk-tab-contact-col\">                                                <h3>Tu contacto<\/h3>                                                <p><span>Andreas L\u00f6scher<\/span>Importaci\u00f3n y exportaci\u00f3n <a href=\"\/es\/maerkte\/alemania\/\">GER<\/a> \/ <a href=\"\/es\/mercados\/italia-francia\/\">FRA<\/a> \/ <a href=\"\/es\/mercados\/italia-francia\/\">ITA<\/a> \/ <a href=\"\/es\/maerkte\/benelux\/\">BENELUX<\/a><\/p>\n                                                <ul>                                                            <li class=\"phone\"><a href=\"tel:004377462058237\" title=\"+43 7746 20582-37\" class=\"\">+43 7746 20582-37<\/a><\/li>                                                            <li class=\"email\"><a href=\"mailto:loescher@trappsped.at\" title=\"loescher@trappsped.at\" class=\"\">loescher@trappsped.at<\/a><\/li>                                                <\/ul>                                        <\/div>\n                                    <\/div>                            <\/div>\n                        <\/div>\n                        <div class=\"col-lg-6 col-md-12 col-sm-12 col-12\">\n                            <div class=\"content-info wow fadeInUp\" data-wow-delay=\"0.3s\" data-wow-duration=\"0.5s\">\n                                <p>Adem\u00e1s de los transportes de baldosas y acero, ofrecemos cargas completas y parciales en toda Europa para una amplia gama de sectores.<\/p>\n<p>ndependientemente de su sector, aprovechamos las sinergias para hacer ofertas atractivas y garantizar plazos de entrega cortos.<\/p>\n<p>Nuestros servicios:<\/p>\n<ul>\n<li>Aceptaci\u00f3n y planificaci\u00f3n de pedidos<\/li>\n<li>Carga y descarga in situ<\/li>\n<li>Recogida en nuestro propio almac\u00e9n<\/li>\n<li>Embalaje neutro a petici\u00f3n<\/li>\n<li>Inspecci\u00f3n de la mercanc\u00eda<\/li>\n<li>Gesti\u00f3n de aduanas y seguros<\/li>\n<\/ul>\n<p>Somos su socio log\u00edstico de confianza para un transporte flexible y r\u00e1pido en todos los sectores.<\/p>\n                            <\/div>\n                        <\/div>\n                    <\/div>\n                <\/div>\n            <\/div>\n        <\/section>[\/vc_column][\/vc_row][vc_row][vc_column]<div id=\"\" class=\"trapp-space trapp-space-174788602269df8b88ea311 \"><\/div><style>.trapp-space-174788602269df8b88ea311{height:50px;}@media (max-width: 1200px){.trapp-space-174788602269df8b88ea311{height:30px;}}@media (max-width: 767px){.trapp-space-174788602269df8b88ea311{height:10px;}}<\/style>[\/vc_column][\/vc_row][vc_row][vc_column]<div id=\"\" class=\"trapp-space trapp-space-45037832769df8b88ea373 \"><\/div><style>.trapp-space-45037832769df8b88ea373{height:50px;}@media (max-width: 1200px){.trapp-space-45037832769df8b88ea373{height:30px;}}@media (max-width: 767px){.trapp-space-45037832769df8b88ea373{height:10px;}}<\/style>[\/vc_column][\/vc_row][vc_row][vc_column]\n    <div id=\"\" class=\"\">\n        <div class=\"content-title wow fadeInUp\" data-wow-delay=\"0.3s\" data-wow-duration=\"0.5s\">\n            <div class=\"maxwidth-50\"><h2><strong>Ejemplos de sectores<\/strong><\/h2>\n<\/div>\n        <\/div>\n    <\/div>[vc_column_text]La empresa de transporte Trapp ofrece una variedad de soluciones espec\u00edficas para cada sector con el fin de satisfacer las diversas necesidades de sus clientes. Aqu\u00ed algunos de los sectores especializados:[\/vc_column_text]<div id=\"\" class=\"trapp-space trapp-space-110527587369df8b88ea825 \"><\/div><style>.trapp-space-110527587369df8b88ea825{height:50px;}@media (max-width: 991px){.trapp-space-110527587369df8b88ea825{height:30px;}}@media (max-width: 574px){.trapp-space-110527587369df8b88ea825{height:10px;}}<\/style>[\/vc_column][\/vc_row][vc_row][vc_column width=\u00bb1\/2&#8243;][vc_column_text]<\/p>\n<h3>Industria Automotriz<\/h3>\n<ul>\n<li>Transporte de piezas de veh\u00edculos y accesorios<\/li>\n<li>Entregas just-in-time para l\u00edneas de producci\u00f3n<\/li>\n<li>Soluciones de transporte especial para prototipos y veh\u00edculos de exhibici\u00f3n<\/li>\n<\/ul>\n<h3>Industria Qu\u00edmica<\/h3>\n<ul>\n<li>Transporte seguro de productos qu\u00edmicos y materiales peligrosos<\/li>\n<li>Cumplimiento de normas de seguridad y medioambientales<\/li>\n<li>Soluciones de embalaje y contenedores especiales<\/li>\n<\/ul>\n<h3>Industria Alimentaria<\/h3>\n<ul>\n<li>Transportes refrigerados para productos frescos y congelados<\/li>\n<li>Soluciones log\u00edsticas conformes a HACCP<\/li>\n<li>Cadenas de suministro r\u00e1pidas y flexibles para productos perecederos<\/li>\n<\/ul>\n<h3>Industria Farmac\u00e9utica<\/h3>\n<ul>\n<li>Transportes a temperatura controlada para medicamentos y vacunas<\/li>\n<li>Cumplimiento de las directrices de GDP (Buenas Pr\u00e1cticas de Distribuci\u00f3n)<\/li>\n<li>Soluciones especiales de embalaje y manipulaci\u00f3n<\/li>\n<\/ul>\n<h3>Sector Minorista<\/h3>\n<ul>\n<li>Distribuci\u00f3n de bienes de consumo a tiendas y clientes finales<\/li>\n<li>Log\u00edstica de almacenamiento y gesti\u00f3n de inventario<\/li>\n<li>Log\u00edstica de devoluciones y opciones de entrega personalizadas<\/li>\n<\/ul>\n<h3>Industria Electr\u00f3nica<\/h3>\n<ul>\n<li>Transporte seguro de dispositivos electr\u00f3nicos sensibles<\/li>\n<li>Soluciones de embalaje para proteger contra da\u00f1os y humedad<\/li>\n<li>Entregas just-in-time para instalaciones de producci\u00f3n<\/li>\n<\/ul>\n<h3>Industria de la Construcci\u00f3n<\/h3>\n<ul>\n<li>Transporte de materiales de construcci\u00f3n y maquinaria pesada<\/li>\n<li>Soluciones log\u00edsticas para grandes proyectos y obras<\/li>\n<li>Flexibilidad en la entrega y almacenamiento de materiales de construcci\u00f3n<\/li>\n<\/ul>\n<h3>Industria de la Moda<\/h3>\n<ul>\n<li>Transporte de textiles y ropa<\/li>\n<li>Log\u00edstica de almacenamiento y gesti\u00f3n de inventario<\/li>\n<li>Cadenas de suministro r\u00e1pidas para colecciones de temporada<\/li>\n<\/ul>\n<p>[\/vc_column_text][\/vc_column][vc_column width=\u00bb1\/2&#8243;][vc_column_text]<\/p>\n<h3>Industria del Mueble<\/h3>\n<ul>\n<li>Transporte de muebles y art\u00edculos de decoraci\u00f3n<\/li>\n<li>Servicios de montaje e instalaci\u00f3n<\/li>\n<li>Embalajes especiales para protecci\u00f3n durante el transporte<\/li>\n<\/ul>\n<h3>Sector Energ\u00e9tico<\/h3>\n<ul>\n<li>Transporte de equipos y materiales para proyectos energ\u00e9ticos<\/li>\n<li>Soluciones log\u00edsticas para proyectos de energ\u00eda renovable<\/li>\n<li>Transportes pesados y especializados para el sector energ\u00e9tico<\/li>\n<\/ul>\n<h3>Industria Pesquera<\/h3>\n<ul>\n<li>Transportes refrigerados y congelados para pescado y mariscos<\/li>\n<li>Cumplimiento de normas de higiene y seguridad<\/li>\n<li>Cadenas de suministro r\u00e1pidas y eficientes<\/li>\n<\/ul>\n<h3>Ingenier\u00eda Mec\u00e1nica<\/h3>\n<ul>\n<li>Transporte de maquinaria y equipos<\/li>\n<li>Transportes especializados para maquinaria grande y pesada<\/li>\n<li>Cumplimiento de normas y est\u00e1ndares de seguridad<\/li>\n<\/ul>\n<h3>Industria del Petr\u00f3leo y Gas<\/h3>\n<ul>\n<li>Soluciones log\u00edsticas para exploraci\u00f3n y producci\u00f3n<\/li>\n<li>Transportes pesados y especializados para plataformas de perforaci\u00f3n y equipos<\/li>\n<li>Cumplimiento de normas de seguridad y medioambientales<\/li>\n<\/ul>\n<h3>Industria del Papel y Celulosa<\/h3>\n<ul>\n<li>Transporte de materias primas y productos terminados<\/li>\n<li>Log\u00edstica de almacenamiento y gesti\u00f3n de inventarios<\/li>\n<li>Cumplimiento de normas ambientales y de calidad<\/li>\n<\/ul>\n<h3>Agricultura<\/h3>\n<ul>\n<li>Transporte de productos agr\u00edcolas y maquinaria<\/li>\n<li>Transportes refrigerados para productos frescos<\/li>\n<li>Soluciones log\u00edsticas para productos estacionales y \u00e9pocas de cosecha<\/li>\n<\/ul>\n<h3>Industria Textil<\/h3>\n<ul>\n<li>Transporte de materias primas y textiles terminados<\/li>\n<li>Log\u00edstica de almacenamiento y gesti\u00f3n de inventarios<\/li>\n<li>Cadenas de suministro r\u00e1pidas y flexibles<\/li>\n<\/ul>\n<p>[\/vc_column_text][\/vc_column][\/vc_row][vc_row][vc_column]<div id=\"\" class=\"trapp-space trapp-space-29650193069df8b88ea874 \"><\/div><style>.trapp-space-29650193069df8b88ea874{height:100px;}@media (max-width: 1200px){.trapp-space-29650193069df8b88ea874{height:50px;}}@media (max-width: 767px){.trapp-space-29650193069df8b88ea874{height:30px;}}<\/style>[\/vc_column][\/vc_row]<\/p>\n","protected":false},"excerpt":{"rendered":"<p>[vc_row full_width=\u00bbstretch_row_content_no_spaces\u00bb][vc_column][\/vc_column][\/vc_row][vc_row][vc_column][\/vc_column][\/vc_row][vc_row][vc_column][\/vc_column][\/vc_row][vc_row][vc_column][\/vc_column][\/vc_row][vc_row][vc_column][vc_column_text]La empresa de transporte Trapp ofrece una variedad de soluciones espec\u00edficas para cada sector con el fin de satisfacer las diversas necesidades de sus clientes. Aqu\u00ed algunos de los sectores especializados:[\/vc_column_text][\/vc_column][\/vc_row][vc_row][vc_column width=\u00bb1\/2&#8243;][vc_column_text] Industria Automotriz Transporte de piezas de veh\u00edculos y accesorios Entregas just-in-time para l\u00edneas de producci\u00f3n Soluciones de&#8230;<\/p>\n","protected":false},"author":1,"featured_media":0,"parent":3754,"menu_order":0,"comment_status":"closed","ping_status":"closed","template":"","meta":{"_acf_changed":false,"footnotes":""},"class_list":["post-3756","page","type-page","status-publish","hentry"],"acf":[],"yoast_head":"<!-- This site is optimized with the Yoast SEO plugin v27.4 - https:\/\/yoast.com\/product\/yoast-seo-wordpress\/ -->\n<title>Spedition Trapp - socio log\u00edstico para todas las sucursales<\/title>\n<meta name=\"description\" content=\"Ofrecemos cargas completas y parciales en toda Europa para una amplia variedad de industrias: cont\u00e1ctenos.\" \/>\n<meta name=\"robots\" content=\"index, follow, max-snippet:-1, max-image-preview:large, max-video-preview:-1\" \/>\n<link rel=\"canonical\" href=\"https:\/\/trappsped.at\/es\/sectores\/otros-sectores\/\" \/>\n<meta property=\"og:locale\" content=\"es_ES\" \/>\n<meta property=\"og:type\" content=\"article\" \/>\n<meta property=\"og:title\" content=\"Spedition Trapp - socio log\u00edstico para todas las sucursales\" \/>\n<meta property=\"og:description\" content=\"Ofrecemos cargas completas y parciales en toda Europa para una amplia variedad de industrias: cont\u00e1ctenos.\" \/>\n<meta property=\"og:url\" content=\"https:\/\/trappsped.at\/es\/sectores\/otros-sectores\/\" \/>\n<meta property=\"og:site_name\" content=\"Spedition Trapp\" \/>\n<meta property=\"article:publisher\" content=\"https:\/\/www.facebook.com\/trappsped.at\/\" \/>\n<meta property=\"article:modified_time\" content=\"2024-10-12T14:09:43+00:00\" \/>\n<meta name=\"twitter:card\" content=\"summary_large_image\" \/>\n<meta name=\"twitter:label1\" content=\"Tiempo de lectura\" \/>\n\t<meta name=\"twitter:data1\" content=\"4 minutos\" \/>\n<script type=\"application\/ld+json\" class=\"yoast-schema-graph\">{\"@context\":\"https:\\\/\\\/schema.org\",\"@graph\":[{\"@type\":\"WebPage\",\"@id\":\"https:\\\/\\\/trappsped.at\\\/es\\\/sectores\\\/otros-sectores\\\/\",\"url\":\"https:\\\/\\\/trappsped.at\\\/es\\\/sectores\\\/otros-sectores\\\/\",\"name\":\"Spedition Trapp - socio log\u00edstico para todas las sucursales\",\"isPartOf\":{\"@id\":\"https:\\\/\\\/trappsped.at\\\/#website\"},\"datePublished\":\"2022-03-10T16:13:01+00:00\",\"dateModified\":\"2024-10-12T14:09:43+00:00\",\"description\":\"Ofrecemos cargas completas y parciales en toda Europa para una amplia variedad de industrias: cont\u00e1ctenos.\",\"breadcrumb\":{\"@id\":\"https:\\\/\\\/trappsped.at\\\/es\\\/sectores\\\/otros-sectores\\\/#breadcrumb\"},\"inLanguage\":\"es\",\"potentialAction\":[{\"@type\":\"ReadAction\",\"target\":[\"https:\\\/\\\/trappsped.at\\\/es\\\/sectores\\\/otros-sectores\\\/\"]}]},{\"@type\":\"BreadcrumbList\",\"@id\":\"https:\\\/\\\/trappsped.at\\\/es\\\/sectores\\\/otros-sectores\\\/#breadcrumb\",\"itemListElement\":[{\"@type\":\"ListItem\",\"position\":1,\"name\":\"Home\",\"item\":\"https:\\\/\\\/trappsped.at\\\/es\\\/\"},{\"@type\":\"ListItem\",\"position\":2,\"name\":\"Sectores\",\"item\":\"https:\\\/\\\/trappsped.at\\\/es\\\/sectores\\\/\"},{\"@type\":\"ListItem\",\"position\":3,\"name\":\"Otros sectores\"}]},{\"@type\":\"WebSite\",\"@id\":\"https:\\\/\\\/trappsped.at\\\/#website\",\"url\":\"https:\\\/\\\/trappsped.at\\\/\",\"name\":\"Spedition Trapp\",\"description\":\"Logistik der Extraklasse\",\"publisher\":{\"@id\":\"https:\\\/\\\/trappsped.at\\\/#organization\"},\"potentialAction\":[{\"@type\":\"SearchAction\",\"target\":{\"@type\":\"EntryPoint\",\"urlTemplate\":\"https:\\\/\\\/trappsped.at\\\/?s={search_term_string}\"},\"query-input\":{\"@type\":\"PropertyValueSpecification\",\"valueRequired\":true,\"valueName\":\"search_term_string\"}}],\"inLanguage\":\"es\"},{\"@type\":\"Organization\",\"@id\":\"https:\\\/\\\/trappsped.at\\\/#organization\",\"name\":\"Spedition Trapp GmbH\",\"url\":\"https:\\\/\\\/trappsped.at\\\/\",\"logo\":{\"@type\":\"ImageObject\",\"inLanguage\":\"es\",\"@id\":\"https:\\\/\\\/trappsped.at\\\/#\\\/schema\\\/logo\\\/image\\\/\",\"url\":\"https:\\\/\\\/trappsped.at\\\/wp-content\\\/uploads\\\/2022\\\/02\\\/Spedition-Trapp-Logo.svg\",\"contentUrl\":\"https:\\\/\\\/trappsped.at\\\/wp-content\\\/uploads\\\/2022\\\/02\\\/Spedition-Trapp-Logo.svg\",\"width\":1,\"height\":1,\"caption\":\"Spedition Trapp GmbH\"},\"image\":{\"@id\":\"https:\\\/\\\/trappsped.at\\\/#\\\/schema\\\/logo\\\/image\\\/\"},\"sameAs\":[\"https:\\\/\\\/www.facebook.com\\\/trappsped.at\\\/\",\"https:\\\/\\\/www.linkedin.com\\\/company\\\/trapp-spedition-gmbh\\\/\",\"https:\\\/\\\/www.xing.com\\\/pages\\\/trappspeditiongmbh\"]}]}<\/script>\n<!-- \/ Yoast SEO plugin. -->","yoast_head_json":{"title":"Spedition Trapp - socio log\u00edstico para todas las sucursales","description":"Ofrecemos cargas completas y parciales en toda Europa para una amplia variedad de industrias: cont\u00e1ctenos.","robots":{"index":"index","follow":"follow","max-snippet":"max-snippet:-1","max-image-preview":"max-image-preview:large","max-video-preview":"max-video-preview:-1"},"canonical":"https:\/\/trappsped.at\/es\/sectores\/otros-sectores\/","og_locale":"es_ES","og_type":"article","og_title":"Spedition Trapp - socio log\u00edstico para todas las sucursales","og_description":"Ofrecemos cargas completas y parciales en toda Europa para una amplia variedad de industrias: cont\u00e1ctenos.","og_url":"https:\/\/trappsped.at\/es\/sectores\/otros-sectores\/","og_site_name":"Spedition Trapp","article_publisher":"https:\/\/www.facebook.com\/trappsped.at\/","article_modified_time":"2024-10-12T14:09:43+00:00","twitter_card":"summary_large_image","twitter_misc":{"Tiempo de lectura":"4 minutos"},"schema":{"@context":"https:\/\/schema.org","@graph":[{"@type":"WebPage","@id":"https:\/\/trappsped.at\/es\/sectores\/otros-sectores\/","url":"https:\/\/trappsped.at\/es\/sectores\/otros-sectores\/","name":"Spedition Trapp - socio log\u00edstico para todas las sucursales","isPartOf":{"@id":"https:\/\/trappsped.at\/#website"},"datePublished":"2022-03-10T16:13:01+00:00","dateModified":"2024-10-12T14:09:43+00:00","description":"Ofrecemos cargas completas y parciales en toda Europa para una amplia variedad de industrias: cont\u00e1ctenos.","breadcrumb":{"@id":"https:\/\/trappsped.at\/es\/sectores\/otros-sectores\/#breadcrumb"},"inLanguage":"es","potentialAction":[{"@type":"ReadAction","target":["https:\/\/trappsped.at\/es\/sectores\/otros-sectores\/"]}]},{"@type":"BreadcrumbList","@id":"https:\/\/trappsped.at\/es\/sectores\/otros-sectores\/#breadcrumb","itemListElement":[{"@type":"ListItem","position":1,"name":"Home","item":"https:\/\/trappsped.at\/es\/"},{"@type":"ListItem","position":2,"name":"Sectores","item":"https:\/\/trappsped.at\/es\/sectores\/"},{"@type":"ListItem","position":3,"name":"Otros sectores"}]},{"@type":"WebSite","@id":"https:\/\/trappsped.at\/#website","url":"https:\/\/trappsped.at\/","name":"Spedition Trapp","description":"Logistik der Extraklasse","publisher":{"@id":"https:\/\/trappsped.at\/#organization"},"potentialAction":[{"@type":"SearchAction","target":{"@type":"EntryPoint","urlTemplate":"https:\/\/trappsped.at\/?s={search_term_string}"},"query-input":{"@type":"PropertyValueSpecification","valueRequired":true,"valueName":"search_term_string"}}],"inLanguage":"es"},{"@type":"Organization","@id":"https:\/\/trappsped.at\/#organization","name":"Spedition Trapp GmbH","url":"https:\/\/trappsped.at\/","logo":{"@type":"ImageObject","inLanguage":"es","@id":"https:\/\/trappsped.at\/#\/schema\/logo\/image\/","url":"https:\/\/trappsped.at\/wp-content\/uploads\/2022\/02\/Spedition-Trapp-Logo.svg","contentUrl":"https:\/\/trappsped.at\/wp-content\/uploads\/2022\/02\/Spedition-Trapp-Logo.svg","width":1,"height":1,"caption":"Spedition Trapp GmbH"},"image":{"@id":"https:\/\/trappsped.at\/#\/schema\/logo\/image\/"},"sameAs":["https:\/\/www.facebook.com\/trappsped.at\/","https:\/\/www.linkedin.com\/company\/trapp-spedition-gmbh\/","https:\/\/www.xing.com\/pages\/trappspeditiongmbh"]}]}},"_links":{"self":[{"href":"https:\/\/trappsped.at\/es\/wp-json\/wp\/v2\/pages\/3756","targetHints":{"allow":["GET"]}}],"collection":[{"href":"https:\/\/trappsped.at\/es\/wp-json\/wp\/v2\/pages"}],"about":[{"href":"https:\/\/trappsped.at\/es\/wp-json\/wp\/v2\/types\/page"}],"author":[{"embeddable":true,"href":"https:\/\/trappsped.at\/es\/wp-json\/wp\/v2\/users\/1"}],"replies":[{"embeddable":true,"href":"https:\/\/trappsped.at\/es\/wp-json\/wp\/v2\/comments?post=3756"}],"version-history":[{"count":3,"href":"https:\/\/trappsped.at\/es\/wp-json\/wp\/v2\/pages\/3756\/revisions"}],"predecessor-version":[{"id":9978,"href":"https:\/\/trappsped.at\/es\/wp-json\/wp\/v2\/pages\/3756\/revisions\/9978"}],"up":[{"embeddable":true,"href":"https:\/\/trappsped.at\/es\/wp-json\/wp\/v2\/pages\/3754"}],"wp:attachment":[{"href":"https:\/\/trappsped.at\/es\/wp-json\/wp\/v2\/media?parent=3756"}],"curies":[{"name":"wp","href":"https:\/\/api.w.org\/{rel}","templated":true}]}}