{"id":3768,"date":"2022-03-10T17:43:53","date_gmt":"2022-03-10T17:43:53","guid":{"rendered":"https:\/\/trapp.webartists.at\/quienes-somos\/flota-de-vehiculos\/"},"modified":"2024-10-12T14:25:08","modified_gmt":"2024-10-12T14:25:08","slug":"flota-de-vehiculos","status":"publish","type":"page","link":"https:\/\/trappsped.at\/es\/quienes-somos\/flota-de-vehiculos\/","title":{"rendered":"Flota de veh\u00edculos"},"content":{"rendered":"<p>[vc_row full_width=\u00bbstretch_row_content_no_spaces\u00bb][vc_column]\r\n    <section id=\"\" class=\"hero-banner banner-bg \" data-background=\"https:\/\/trappsped.at\/wp-content\/uploads\/2022\/08\/Spedition_Trapp_Fuhrpark.jpg\">\r\n        <div class=\"hero-banner-caption\">\r\n            <div class=\"container\">\r\n                <div class=\"hero-banner-info wow fadeInUp\" data-wow-delay=\"0.3s\" data-wow-duration=\"0.5s\">                        <h1>El veh\u00edculo adecuado para cada tipo de transporte.<\/h1><p>Estamos disponibles para usted cada d\u00eda.<\/p>\n                <\/div>\r\n            <\/div>\r\n        <\/div>\r\n    <\/section>\r\n    <section class=\"content-part pv-0\">\r\n        <div class=\"container\">\r\n            <div class=\"content-row grid-33 wow fadeInUp\" data-wow-delay=\"0.3s\" data-wow-duration=\"0.5s\">\r\n                <div class=\"row\">\r\n                    <div class=\"col-xl-6 offset-xl-6 col-lg-8 offset-lg-4 col-md-11 offset-md-1\">\r\n                        <div class=\"hero-service-row active-service grid-7\">\r\n                            <div class=\"row\">\r\n                                        <div class=\"col-lg-3 col-md-3 col-sm-6 col-6 mb-15\">\r\n                                            <div class=\"hero-service-blog not-active\">\r\n                                                <a href=\"https:\/\/trappsped.at\/es\/servicios\/transporte-terrestre\/\">                                                        <span><img decoding=\"async\" src=\"https:\/\/trappsped.at\/wp-content\/uploads\/2022\/02\/truck.svg\" alt=\"truck\"><\/span>                                                    <p>Transporte terrestre<\/p>\r\n                                                <\/a>\r\n                                            <\/div>\r\n                                        <\/div>\r\n                                        <div class=\"col-lg-3 col-md-3 col-sm-6 col-6 mb-15\">\r\n                                            <div class=\"hero-service-blog not-active\">\r\n                                                <a href=\"https:\/\/trappsped.at\/es\/servicios\/flete-aereo-y-maritimo\/\">                                                        <span><img decoding=\"async\" src=\"https:\/\/trappsped.at\/wp-content\/uploads\/2022\/02\/ship.svg\" alt=\"Spedition Trapp -\"><\/span>                                                    <p>Flete a\u00e9reo y mar\u00edtimo<\/p>\r\n                                                <\/a>\r\n                                            <\/div>\r\n                                        <\/div>\r\n                                        <div class=\"col-lg-3 col-md-3 col-sm-6 col-6 mb-15\">\r\n                                            <div class=\"hero-service-blog not-active\">\r\n                                                <a href=\"https:\/\/trappsped.at\/es\/servicios\/transporte-especial\/\">                                                        <span><img decoding=\"async\" src=\"https:\/\/trappsped.at\/wp-content\/uploads\/2022\/02\/cargo.svg\" alt=\"cargo\"><\/span>                                                    <p>Transporte especial<\/p>\r\n                                                <\/a>\r\n                                            <\/div>\r\n                                        <\/div>\r\n                                        <div class=\"col-lg-3 col-md-3 col-sm-6 col-6 mb-15\">\r\n                                            <div class=\"hero-service-blog not-active\">\r\n                                                <a href=\"https:\/\/trappsped.at\/es\/servicios\/transporte-urgente\/\">                                                        <span><img decoding=\"async\" src=\"https:\/\/trappsped.at\/wp-content\/uploads\/2022\/02\/fast-delivery.svg\" alt=\"fast-delivery\"><\/span>                                                    <p>Transporte urgente<\/p>\r\n                                                <\/a>\r\n                                            <\/div>\r\n                                        <\/div>                            <\/div>\r\n                        <\/div>\r\n                    <\/div>\r\n                <\/div>\r\n            <\/div>\r\n        <\/div>\r\n    <\/section>[\/vc_column][\/vc_row][vc_row][vc_column]        <section id=\"\" class=\"content-part pb-10 \">\n            <div class=\"container\">\n                <div class=\"content-row\">\n                    <div class=\"row\">\n                        <div class=\"col-lg-6 col-md-12 col-sm-12 col-12\">\n                            <div class=\"content-flex\">                                    <div class=\"content-title mb-xl-60 mb-md-40 mb-30 wow fadeInUp\" data-wow-delay=\"0.3s\" data-wow-duration=\"0.5s\">\n                                        <div class=\"maxwidth-453\"><h2>Respetamos el medioambiente seg\u00fan la <strong>norma Euro 6<\/strong><\/h2><\/div>\n                                    <\/div>                            <\/div>\n                        <\/div>\n                        <div class=\"col-lg-6 col-md-12 col-sm-12 col-12\">\n                            <div class=\"content-info wow fadeInUp\" data-wow-delay=\"0.3s\" data-wow-duration=\"0.5s\">\n                                <p>Cada uno de nuestros camiones cumple los l\u00edmites de la norma Euro 6, la m\u00e1s reciente de la UE en materia de emisiones de escape. Pero eso no es todo: los veh\u00edculos est\u00e1n actualizados con las \u00faltimas tecnolog\u00edas y son rastreados por GPS para proporcionarle una seguridad adicional. Con 110 veh\u00edculos, nuestra flota es lo suficientemente grande como para tener el veh\u00edculo adecuado para cada tipo de transporte de mercanc\u00edas.<\/p>\n                            <\/div>\n                        <\/div>\n                    <\/div>\n                <\/div>\n            <\/div>\n        <\/section>[\/vc_column][\/vc_row][vc_row][vc_column width=\u00bb1\/2&#8243; css=\u00bb.vc_custom_1726043162210{padding-right: 40px !important;padding-left: 30px !important;}\u00bb]\n    <div id=\"\" class=\"\">\n        <div class=\"content-title wow fadeInUp\" data-wow-delay=\"0.3s\" data-wow-duration=\"0.5s\">\n            <div class=\"maxwidth-50\"><h2><strong>Tipos de veh\u00edculos<\/strong><\/h2>\n<\/div>\n        <\/div>\n    <\/div>[vc_column_text]Nuestra flota incluye varios tipos de veh\u00edculos, entre ellos:<\/p>\n<ul>\n<li><strong>Camiones y semirremolques<\/strong>: Para el transporte de carga est\u00e1ndar y mercanc\u00edas de gran volumen.<\/li>\n<li><strong>Veh\u00edculos especiales<\/strong>: Para transportes pesados y especiales, como transporte de bobinas y acero, as\u00ed como transporte de m\u00e1quinas de impresi\u00f3n.<\/li>\n<li><strong>Veh\u00edculos refrigerados<\/strong>: Para el transporte de mercanc\u00edas sensibles a la temperatura, como alimentos y productos farmac\u00e9uticos.<\/li>\n<\/ul>\n<p>[\/vc_column_text][\/vc_column][vc_column width=\u00bb1\/2&#8243;]\n    <div id=\"\" class=\"\">\n        <div class=\"content-title wow fadeInUp\" data-wow-delay=\"0.3s\" data-wow-duration=\"0.5s\">\n            <div class=\"maxwidth-50\"><h2><strong>Equipamiento<\/strong><\/h2>\n<\/div>\n        <\/div>\n    <\/div>[vc_column_text]Los veh\u00edculos est\u00e1n equipados con tecnolog\u00eda moderna para garantizar un transporte seguro y eficiente de las mercanc\u00edas. Esto incluye:<\/p>\n<ul>\n<li>Sistemas de rastreo GPS para el monitoreo en tiempo real de los transportes.<\/li>\n<li>Sistemas especializados de aseguramiento de carga para mercanc\u00edas sensibles y pesadas.<\/li>\n<\/ul>\n<p>La empresa de transporte Trapp da gran importancia a la sostenibilidad y al respeto por el medio ambiente. La flota se moderniza regularmente para reducir las emisiones de CO\u2082 y cumplir con los est\u00e1ndares ambientales actuales.[\/vc_column_text]<div id=\"\" class=\"trapp-space trapp-space-13032861969e01c94c7d95 \"><\/div><style>.trapp-space-13032861969e01c94c7d95{height:50px;}@media (max-width: 991px){.trapp-space-13032861969e01c94c7d95{height:30px;}}@media (max-width: 574px){.trapp-space-13032861969e01c94c7d95{height:10px;}}<\/style>[\/vc_column][\/vc_row][vc_row gap=\u00bb20&#8243;][vc_column width=\u00bb1\/4&#8243;]\r\n    <div id=\"\" class=\"content-info wow fadeInUp \" data-wow-delay=\"0.3s\" data-wow-duration=\"0.5s\">\r\n        <p><strong>4 Specialliner<\/strong><\/p>\n    <\/div>[vc_single_image image=\u00bb3024&#8243; img_size=\u00bbfull\u00bb][\/vc_column][vc_column width=\u00bb1\/4&#8243;]\r\n    <div id=\"\" class=\"content-info wow fadeInUp \" data-wow-delay=\"0.3s\" data-wow-duration=\"0.5s\">\r\n        <p><strong>4 Megaliner<\/strong><\/p>\n    <\/div>[vc_single_image image=\u00bb3022&#8243; img_size=\u00bbfull\u00bb][\/vc_column][vc_column width=\u00bb1\/4&#8243;]\r\n    <div id=\"\" class=\"content-info wow fadeInUp \" data-wow-delay=\"0.3s\" data-wow-duration=\"0.5s\">\r\n        <p><strong>27 Coil-Tautliner<\/strong><\/p>\n    <\/div>[vc_single_image image=\u00bb3028&#8243; img_size=\u00bbfull\u00bb][\/vc_column][vc_column width=\u00bb1\/4&#8243;]\r\n    <div id=\"\" class=\"content-info wow fadeInUp \" data-wow-delay=\"0.3s\" data-wow-duration=\"0.5s\">\r\n        <p><strong>73 Tautliner<\/strong><\/p>\n    <\/div>[vc_single_image image=\u00bb3026&#8243; img_size=\u00bbfull\u00bb][\/vc_column][\/vc_row][vc_row][vc_column]<div id=\"\" class=\"trapp-space trapp-space-189366241569e01c94c89d2 \"><\/div><style>.trapp-space-189366241569e01c94c89d2{height:50px;}@media (max-width: 1200px){.trapp-space-189366241569e01c94c89d2{height:30px;}}@media (max-width: 767px){.trapp-space-189366241569e01c94c89d2{height:10px;}}<\/style>[\/vc_column][\/vc_row]<\/p>\n","protected":false},"excerpt":{"rendered":"<p>[vc_row full_width=\u00bbstretch_row_content_no_spaces\u00bb][vc_column][\/vc_column][\/vc_row][vc_row][vc_column][\/vc_column][\/vc_row][vc_row][vc_column width=\u00bb1\/2&#8243; css=\u00bb.vc_custom_1726043162210{padding-right: 40px !important;padding-left: 30px !important;}\u00bb][vc_column_text]Nuestra flota incluye varios tipos de veh\u00edculos, entre ellos: Camiones y semirremolques: Para el transporte de carga est\u00e1ndar y mercanc\u00edas de gran volumen. Veh\u00edculos especiales: Para transportes pesados y especiales, como transporte de bobinas y acero, as\u00ed como transporte de m\u00e1quinas de impresi\u00f3n&#8230;.<\/p>\n","protected":false},"author":1,"featured_media":0,"parent":3766,"menu_order":0,"comment_status":"closed","ping_status":"closed","template":"","meta":{"_acf_changed":false,"footnotes":""},"class_list":["post-3768","page","type-page","status-publish","hentry"],"acf":[],"yoast_head":"<!-- This site is optimized with the Yoast SEO plugin v27.4 - https:\/\/yoast.com\/product\/yoast-seo-wordpress\/ -->\n<title>Spedition Trapp: el veh\u00edculo adecuado para cada transporte<\/title>\n<meta name=\"description\" content=\"Con 110 veh\u00edculos, nuestra flota es lo suficientemente grande como para ofrecer el veh\u00edculo adecuado para cada tipo de transporte.\" \/>\n<meta name=\"robots\" content=\"index, follow, max-snippet:-1, max-image-preview:large, max-video-preview:-1\" \/>\n<link rel=\"canonical\" href=\"https:\/\/trappsped.at\/es\/quienes-somos\/flota-de-vehiculos\/\" \/>\n<meta property=\"og:locale\" content=\"es_ES\" \/>\n<meta property=\"og:type\" content=\"article\" \/>\n<meta property=\"og:title\" content=\"Spedition Trapp: el veh\u00edculo adecuado para cada transporte\" \/>\n<meta property=\"og:description\" content=\"Con 110 veh\u00edculos, nuestra flota es lo suficientemente grande como para ofrecer el veh\u00edculo adecuado para cada tipo de transporte.\" \/>\n<meta property=\"og:url\" content=\"https:\/\/trappsped.at\/es\/quienes-somos\/flota-de-vehiculos\/\" \/>\n<meta property=\"og:site_name\" content=\"Spedition Trapp\" \/>\n<meta property=\"article:publisher\" content=\"https:\/\/www.facebook.com\/trappsped.at\/\" \/>\n<meta property=\"article:modified_time\" content=\"2024-10-12T14:25:08+00:00\" \/>\n<meta name=\"twitter:card\" content=\"summary_large_image\" \/>\n<meta name=\"twitter:label1\" content=\"Tiempo de lectura\" \/>\n\t<meta name=\"twitter:data1\" content=\"3 minutos\" \/>\n<script type=\"application\/ld+json\" class=\"yoast-schema-graph\">{\"@context\":\"https:\\\/\\\/schema.org\",\"@graph\":[{\"@type\":\"WebPage\",\"@id\":\"https:\\\/\\\/trappsped.at\\\/es\\\/quienes-somos\\\/flota-de-vehiculos\\\/\",\"url\":\"https:\\\/\\\/trappsped.at\\\/es\\\/quienes-somos\\\/flota-de-vehiculos\\\/\",\"name\":\"Spedition Trapp: el veh\u00edculo adecuado para cada transporte\",\"isPartOf\":{\"@id\":\"https:\\\/\\\/trappsped.at\\\/#website\"},\"datePublished\":\"2022-03-10T17:43:53+00:00\",\"dateModified\":\"2024-10-12T14:25:08+00:00\",\"description\":\"Con 110 veh\u00edculos, nuestra flota es lo suficientemente grande como para ofrecer el veh\u00edculo adecuado para cada tipo de transporte.\",\"breadcrumb\":{\"@id\":\"https:\\\/\\\/trappsped.at\\\/es\\\/quienes-somos\\\/flota-de-vehiculos\\\/#breadcrumb\"},\"inLanguage\":\"es\",\"potentialAction\":[{\"@type\":\"ReadAction\",\"target\":[\"https:\\\/\\\/trappsped.at\\\/es\\\/quienes-somos\\\/flota-de-vehiculos\\\/\"]}]},{\"@type\":\"BreadcrumbList\",\"@id\":\"https:\\\/\\\/trappsped.at\\\/es\\\/quienes-somos\\\/flota-de-vehiculos\\\/#breadcrumb\",\"itemListElement\":[{\"@type\":\"ListItem\",\"position\":1,\"name\":\"Home\",\"item\":\"https:\\\/\\\/trappsped.at\\\/es\\\/\"},{\"@type\":\"ListItem\",\"position\":2,\"name\":\"Qui\u00e9nes somos\",\"item\":\"https:\\\/\\\/trappsped.at\\\/es\\\/quienes-somos\\\/\"},{\"@type\":\"ListItem\",\"position\":3,\"name\":\"Flota de veh\u00edculos\"}]},{\"@type\":\"WebSite\",\"@id\":\"https:\\\/\\\/trappsped.at\\\/#website\",\"url\":\"https:\\\/\\\/trappsped.at\\\/\",\"name\":\"Spedition Trapp\",\"description\":\"Logistik der Extraklasse\",\"publisher\":{\"@id\":\"https:\\\/\\\/trappsped.at\\\/#organization\"},\"potentialAction\":[{\"@type\":\"SearchAction\",\"target\":{\"@type\":\"EntryPoint\",\"urlTemplate\":\"https:\\\/\\\/trappsped.at\\\/?s={search_term_string}\"},\"query-input\":{\"@type\":\"PropertyValueSpecification\",\"valueRequired\":true,\"valueName\":\"search_term_string\"}}],\"inLanguage\":\"es\"},{\"@type\":\"Organization\",\"@id\":\"https:\\\/\\\/trappsped.at\\\/#organization\",\"name\":\"Spedition Trapp GmbH\",\"url\":\"https:\\\/\\\/trappsped.at\\\/\",\"logo\":{\"@type\":\"ImageObject\",\"inLanguage\":\"es\",\"@id\":\"https:\\\/\\\/trappsped.at\\\/#\\\/schema\\\/logo\\\/image\\\/\",\"url\":\"https:\\\/\\\/trappsped.at\\\/wp-content\\\/uploads\\\/2022\\\/02\\\/Spedition-Trapp-Logo.svg\",\"contentUrl\":\"https:\\\/\\\/trappsped.at\\\/wp-content\\\/uploads\\\/2022\\\/02\\\/Spedition-Trapp-Logo.svg\",\"width\":1,\"height\":1,\"caption\":\"Spedition Trapp GmbH\"},\"image\":{\"@id\":\"https:\\\/\\\/trappsped.at\\\/#\\\/schema\\\/logo\\\/image\\\/\"},\"sameAs\":[\"https:\\\/\\\/www.facebook.com\\\/trappsped.at\\\/\",\"https:\\\/\\\/www.linkedin.com\\\/company\\\/trapp-spedition-gmbh\\\/\",\"https:\\\/\\\/www.xing.com\\\/pages\\\/trappspeditiongmbh\"]}]}<\/script>\n<!-- \/ Yoast SEO plugin. -->","yoast_head_json":{"title":"Spedition Trapp: el veh\u00edculo adecuado para cada transporte","description":"Con 110 veh\u00edculos, nuestra flota es lo suficientemente grande como para ofrecer el veh\u00edculo adecuado para cada tipo de transporte.","robots":{"index":"index","follow":"follow","max-snippet":"max-snippet:-1","max-image-preview":"max-image-preview:large","max-video-preview":"max-video-preview:-1"},"canonical":"https:\/\/trappsped.at\/es\/quienes-somos\/flota-de-vehiculos\/","og_locale":"es_ES","og_type":"article","og_title":"Spedition Trapp: el veh\u00edculo adecuado para cada transporte","og_description":"Con 110 veh\u00edculos, nuestra flota es lo suficientemente grande como para ofrecer el veh\u00edculo adecuado para cada tipo de transporte.","og_url":"https:\/\/trappsped.at\/es\/quienes-somos\/flota-de-vehiculos\/","og_site_name":"Spedition Trapp","article_publisher":"https:\/\/www.facebook.com\/trappsped.at\/","article_modified_time":"2024-10-12T14:25:08+00:00","twitter_card":"summary_large_image","twitter_misc":{"Tiempo de lectura":"3 minutos"},"schema":{"@context":"https:\/\/schema.org","@graph":[{"@type":"WebPage","@id":"https:\/\/trappsped.at\/es\/quienes-somos\/flota-de-vehiculos\/","url":"https:\/\/trappsped.at\/es\/quienes-somos\/flota-de-vehiculos\/","name":"Spedition Trapp: el veh\u00edculo adecuado para cada transporte","isPartOf":{"@id":"https:\/\/trappsped.at\/#website"},"datePublished":"2022-03-10T17:43:53+00:00","dateModified":"2024-10-12T14:25:08+00:00","description":"Con 110 veh\u00edculos, nuestra flota es lo suficientemente grande como para ofrecer el veh\u00edculo adecuado para cada tipo de transporte.","breadcrumb":{"@id":"https:\/\/trappsped.at\/es\/quienes-somos\/flota-de-vehiculos\/#breadcrumb"},"inLanguage":"es","potentialAction":[{"@type":"ReadAction","target":["https:\/\/trappsped.at\/es\/quienes-somos\/flota-de-vehiculos\/"]}]},{"@type":"BreadcrumbList","@id":"https:\/\/trappsped.at\/es\/quienes-somos\/flota-de-vehiculos\/#breadcrumb","itemListElement":[{"@type":"ListItem","position":1,"name":"Home","item":"https:\/\/trappsped.at\/es\/"},{"@type":"ListItem","position":2,"name":"Qui\u00e9nes somos","item":"https:\/\/trappsped.at\/es\/quienes-somos\/"},{"@type":"ListItem","position":3,"name":"Flota de veh\u00edculos"}]},{"@type":"WebSite","@id":"https:\/\/trappsped.at\/#website","url":"https:\/\/trappsped.at\/","name":"Spedition Trapp","description":"Logistik der Extraklasse","publisher":{"@id":"https:\/\/trappsped.at\/#organization"},"potentialAction":[{"@type":"SearchAction","target":{"@type":"EntryPoint","urlTemplate":"https:\/\/trappsped.at\/?s={search_term_string}"},"query-input":{"@type":"PropertyValueSpecification","valueRequired":true,"valueName":"search_term_string"}}],"inLanguage":"es"},{"@type":"Organization","@id":"https:\/\/trappsped.at\/#organization","name":"Spedition Trapp GmbH","url":"https:\/\/trappsped.at\/","logo":{"@type":"ImageObject","inLanguage":"es","@id":"https:\/\/trappsped.at\/#\/schema\/logo\/image\/","url":"https:\/\/trappsped.at\/wp-content\/uploads\/2022\/02\/Spedition-Trapp-Logo.svg","contentUrl":"https:\/\/trappsped.at\/wp-content\/uploads\/2022\/02\/Spedition-Trapp-Logo.svg","width":1,"height":1,"caption":"Spedition Trapp GmbH"},"image":{"@id":"https:\/\/trappsped.at\/#\/schema\/logo\/image\/"},"sameAs":["https:\/\/www.facebook.com\/trappsped.at\/","https:\/\/www.linkedin.com\/company\/trapp-spedition-gmbh\/","https:\/\/www.xing.com\/pages\/trappspeditiongmbh"]}]}},"_links":{"self":[{"href":"https:\/\/trappsped.at\/es\/wp-json\/wp\/v2\/pages\/3768","targetHints":{"allow":["GET"]}}],"collection":[{"href":"https:\/\/trappsped.at\/es\/wp-json\/wp\/v2\/pages"}],"about":[{"href":"https:\/\/trappsped.at\/es\/wp-json\/wp\/v2\/types\/page"}],"author":[{"embeddable":true,"href":"https:\/\/trappsped.at\/es\/wp-json\/wp\/v2\/users\/1"}],"replies":[{"embeddable":true,"href":"https:\/\/trappsped.at\/es\/wp-json\/wp\/v2\/comments?post=3768"}],"version-history":[{"count":2,"href":"https:\/\/trappsped.at\/es\/wp-json\/wp\/v2\/pages\/3768\/revisions"}],"predecessor-version":[{"id":9993,"href":"https:\/\/trappsped.at\/es\/wp-json\/wp\/v2\/pages\/3768\/revisions\/9993"}],"up":[{"embeddable":true,"href":"https:\/\/trappsped.at\/es\/wp-json\/wp\/v2\/pages\/3766"}],"wp:attachment":[{"href":"https:\/\/trappsped.at\/es\/wp-json\/wp\/v2\/media?parent=3768"}],"curies":[{"name":"wp","href":"https:\/\/api.w.org\/{rel}","templated":true}]}}