{"id":3770,"date":"2022-03-11T08:38:24","date_gmt":"2022-03-11T08:38:24","guid":{"rendered":"https:\/\/trapp.webartists.at\/quienes-somos\/logistica-de-almacenamiento\/"},"modified":"2024-10-12T14:29:36","modified_gmt":"2024-10-12T14:29:36","slug":"logistica-de-almacenamiento","status":"publish","type":"page","link":"https:\/\/trappsped.at\/es\/quienes-somos\/logistica-de-almacenamiento\/","title":{"rendered":"Log\u00edstica de almacenamiento"},"content":{"rendered":"<p>[vc_row full_width=\u00bbstretch_row_content_no_spaces\u00bb][vc_column]\r\n    <section id=\"\" class=\"hero-banner banner-bg \" data-background=\"https:\/\/trappsped.at\/wp-content\/uploads\/2022\/08\/Spedition_Trapp_Lager.jpg\">\r\n        <div class=\"hero-banner-caption\">\r\n            <div class=\"container\">\r\n                <div class=\"hero-banner-info wow fadeInUp\" data-wow-delay=\"0.3s\" data-wow-duration=\"0.5s\">                        <h1>Almac\u00e9n y log\u00edstica<br \/>\nbajo un mismo techo.<\/h1><p>Benef\u00edciese de nuestra eficiencia y flexibilidad.<\/p>\n                <\/div>\r\n            <\/div>\r\n        <\/div>\r\n    <\/section>\r\n    <section class=\"content-part pv-0\">\r\n        <div class=\"container\">\r\n            <div class=\"content-row grid-33 wow fadeInUp\" data-wow-delay=\"0.3s\" data-wow-duration=\"0.5s\">\r\n                <div class=\"row\">\r\n                    <div class=\"col-xl-6 offset-xl-6 col-lg-8 offset-lg-4 col-md-11 offset-md-1\">\r\n                        <div class=\"hero-service-row active-service grid-7\">\r\n                            <div class=\"row\">\r\n                                        <div class=\"col-lg-3 col-md-3 col-sm-6 col-6 mb-15\">\r\n                                            <div class=\"hero-service-blog not-active\">\r\n                                                <a href=\"https:\/\/trappsped.at\/es\/servicios\/transporte-terrestre\/\">                                                        <span><img decoding=\"async\" src=\"https:\/\/trappsped.at\/wp-content\/uploads\/2022\/02\/truck.svg\" alt=\"truck\"><\/span>                                                    <p>Transporte terrestre<\/p>\r\n                                                <\/a>\r\n                                            <\/div>\r\n                                        <\/div>\r\n                                        <div class=\"col-lg-3 col-md-3 col-sm-6 col-6 mb-15\">\r\n                                            <div class=\"hero-service-blog not-active\">\r\n                                                <a href=\"https:\/\/trappsped.at\/es\/servicios\/flete-aereo-y-maritimo\/\">                                                        <span><img decoding=\"async\" src=\"https:\/\/trappsped.at\/wp-content\/uploads\/2022\/02\/ship.svg\" alt=\"Spedition Trapp -\"><\/span>                                                    <p>Flete a\u00e9reo y mar\u00edtimo<\/p>\r\n                                                <\/a>\r\n                                            <\/div>\r\n                                        <\/div>\r\n                                        <div class=\"col-lg-3 col-md-3 col-sm-6 col-6 mb-15\">\r\n                                            <div class=\"hero-service-blog not-active\">\r\n                                                <a href=\"https:\/\/trappsped.at\/es\/servicios\/transporte-especial\/\">                                                        <span><img decoding=\"async\" src=\"https:\/\/trappsped.at\/wp-content\/uploads\/2022\/02\/cargo.svg\" alt=\"cargo\"><\/span>                                                    <p>Transporte especial<\/p>\r\n                                                <\/a>\r\n                                            <\/div>\r\n                                        <\/div>\r\n                                        <div class=\"col-lg-3 col-md-3 col-sm-6 col-6 mb-15\">\r\n                                            <div class=\"hero-service-blog not-active\">\r\n                                                <a href=\"https:\/\/trappsped.at\/es\/servicios\/transporte-urgente\/\">                                                        <span><img decoding=\"async\" src=\"https:\/\/trappsped.at\/wp-content\/uploads\/2022\/02\/fast-delivery.svg\" alt=\"fast-delivery\"><\/span>                                                    <p>Transporte urgente<\/p>\r\n                                                <\/a>\r\n                                            <\/div>\r\n                                        <\/div>                            <\/div>\r\n                        <\/div>\r\n                    <\/div>\r\n                <\/div>\r\n            <\/div>\r\n        <\/div>\r\n    <\/section>[\/vc_column][\/vc_row][vc_row][vc_column]        <section id=\"\" class=\"content-part pb-10 \">\n            <div class=\"container\">\n                <div class=\"content-row\">\n                    <div class=\"row\">\n                        <div class=\"col-lg-6 col-md-12 col-sm-12 col-12\">\n                            <div class=\"content-flex\">                                    <div class=\"content-title mb-xl-60 mb-md-40 mb-30 wow fadeInUp\" data-wow-delay=\"0.3s\" data-wow-duration=\"0.5s\">\n                                        <div class=\"maxwidth-453\"><h2>Log\u00edstica de almac\u00e9n<br \/>\na m\u00e1s de <strong>10.000 m<sup>2<\/sup><\/strong><\/h2><\/div>\n                                    <\/div>                            <\/div>\n                        <\/div>\n                        <div class=\"col-lg-6 col-md-12 col-sm-12 col-12\">\n                            <div class=\"content-info wow fadeInUp\" data-wow-delay=\"0.3s\" data-wow-duration=\"0.5s\">\n                                <p>Almacenar, recargar, embalar, cambio de etiquetado y empaquetado: en m\u00e1s de 10 000 metros cuadrados de espacio de almacenamiento cubierto en Lengau, nos ocupamos de muchos aspectos del negocio diario del transporte. Las mercanc\u00edas se recogen y se cargan seg\u00fan el tipo y se llevan con seguridad a su destino. Solo se cargan juntas las mercanc\u00edas que puedan combinarse y no se afecten negativamente entre ellas.<\/p>\n<ul>\n<li>10 000 m\u00b2 de superficie de almacenamiento cubierta<\/li>\n<li>500 m\u00b2 de superficie de almacenamiento calefactable<\/li>\n<li>Carretillas especiales de 1,5 a 8 toneladas<\/li>\n<li>Conexi\u00f3n ferroviaria<\/li>\n<\/ul>\n                            <\/div>\n                        <\/div>\n                    <\/div>\n                <\/div>\n            <\/div>\n        <\/section>[\/vc_column][\/vc_row][vc_row][vc_column]<div id=\"\" class=\"trapp-space trapp-space-178430983569e2538720bcc \"><\/div><style>.trapp-space-178430983569e2538720bcc{height:50px;}@media (max-width: 1200px){.trapp-space-178430983569e2538720bcc{height:30px;}}@media (max-width: 767px){.trapp-space-178430983569e2538720bcc{height:10px;}}<\/style>[\/vc_column][\/vc_row][vc_row][vc_column width=\u00bb1\/2&#8243; css=\u00bb.vc_custom_1726043982945{padding-right: 40px !important;padding-left: 30px !important;}\u00bb]\n    <div id=\"\" class=\"\">\n        <div class=\"content-title wow fadeInUp\" data-wow-delay=\"0.3s\" data-wow-duration=\"0.5s\">\n            <div class=\"maxwidth-50\"><h2><strong>\u00c1rea de almacenamiento<\/strong><\/h2>\n<\/div>\n        <\/div>\n    <\/div>[vc_column_text]<strong>\u00c1rea de almacenamiento cubierta<\/strong>: Disponemos de un \u00e1rea de almacenamiento cubierta de 10.000 m\u00b2, que ofrece soluciones de almacenamiento flexibles y seguras.[\/vc_column_text]<div id=\"\" class=\"trapp-space trapp-space-74683174669e2538720eb2 \"><\/div><style>.trapp-space-74683174669e2538720eb2{height:50px;}@media (max-width: 1200px){.trapp-space-74683174669e2538720eb2{height:30px;}}@media (max-width: 767px){.trapp-space-74683174669e2538720eb2{height:10px;}}<\/style>\n    <div id=\"\" class=\"\">\n        <div class=\"content-title wow fadeInUp\" data-wow-delay=\"0.3s\" data-wow-duration=\"0.5s\">\n            <div class=\"maxwidth-50\"><h2><strong>Servicios<\/strong><\/h2>\n<\/div>\n        <\/div>\n    <\/div>[vc_column_text]Log\u00edstica de almacenamiento: Ofrecemos servicios integrales de log\u00edstica de almacenamiento, que incluyen tanto almacenamiento a corto como a largo plazo. Esto es particularmente beneficioso para las empresas que necesitan un almacenamiento temporal de sus mercanc\u00edas.<\/p>\n<p>Preparaci\u00f3n de pedidos y embalaje: Adem\u00e1s del almacenamiento, tambi\u00e9n ofrecemos servicios como la preparaci\u00f3n de pedidos y el embalaje, para garantizar que las mercanc\u00edas est\u00e9n \u00f3ptimamente preparadas para su posterior transporte.<\/p>\n<p>Gesti\u00f3n de inventarios: Una gesti\u00f3n profesional de inventarios ayuda a los clientes a administrar eficientemente sus existencias y a mantener siempre el control sobre sus productos.[\/vc_column_text]<div id=\"\" class=\"trapp-space trapp-space-31359175869e253872114c \"><\/div><style>.trapp-space-31359175869e253872114c{height:50px;}@media (max-width: 1200px){.trapp-space-31359175869e253872114c{height:30px;}}@media (max-width: 767px){.trapp-space-31359175869e253872114c{height:10px;}}<\/style>\n    <div id=\"\" class=\"\">\n        <div class=\"content-title wow fadeInUp\" data-wow-delay=\"0.3s\" data-wow-duration=\"0.5s\">\n            <div class=\"maxwidth-50\"><h2><strong>Equipamiento<\/strong> t\u00e9cnico<\/h2>\n<\/div>\n        <\/div>\n    <\/div>[vc_column_text]Tecnolog\u00eda moderna: Los almacenes est\u00e1n equipados con tecnolog\u00eda moderna para garantizar un almacenamiento eficiente y seguro. Esto incluye sistemas de estanter\u00edas, carretillas elevadoras y equipos de seguridad.<\/p>\n<p>Procesos respaldados por TI: Mediante el uso de procesos respaldados por TI, podemos garantizar una gesti\u00f3n transparente y eficiente de los inventarios. Esto incluye la supervisi\u00f3n y gesti\u00f3n en tiempo real de las existencias.[\/vc_column_text][\/vc_column][vc_column width=\u00bb1\/2&#8243;]\n    <div id=\"\" class=\"\">\n        <div class=\"content-title wow fadeInUp\" data-wow-delay=\"0.3s\" data-wow-duration=\"0.5s\">\n            <div class=\"maxwidth-50\"><h2>Ventajas <strong>adicionales<\/strong><\/h2>\n<\/div>\n        <\/div>\n    <\/div>[vc_column_text]Seguridad: Los almacenes est\u00e1n bien protegidos para garantizar la seguridad de las mercanc\u00edas almacenadas. Esto incluye medidas de seguridad como videovigilancia y controles de acceso.<\/p>\n<p>Flexibilidad: Las soluciones de log\u00edstica de almacenamiento son flexibles y pueden adaptarse a las necesidades espec\u00edficas de los clientes, ya sea para fluctuaciones estacionales o para requisitos especiales de determinadas industrias.<\/p>\n<p>Soluciones personalizadas: Ofrecemos soluciones de log\u00edstica de almacenamiento a medida, dise\u00f1adas para satisfacer las necesidades y requisitos individuales de los clientes. Esto incluye tambi\u00e9n requisitos especiales como el almacenamiento a temperatura controlada para productos sensibles.[\/vc_column_text]<div id=\"\" class=\"trapp-space trapp-space-191660445869e2538721627 \"><\/div><style>.trapp-space-191660445869e2538721627{height:50px;}@media (max-width: 1200px){.trapp-space-191660445869e2538721627{height:30px;}}@media (max-width: 767px){.trapp-space-191660445869e2538721627{height:10px;}}<\/style>\n    <div id=\"\" class=\"\">\n        <div class=\"content-title wow fadeInUp\" data-wow-delay=\"0.3s\" data-wow-duration=\"0.5s\">\n            <div class=\"maxwidth-50\"><h2><strong>Soluciones para sectores industriales<\/strong><\/h2>\n<\/div>\n        <\/div>\n    <\/div>[vc_column_text]Nuestra log\u00edstica de almacenamiento est\u00e1 adaptada a los requisitos de diversos sectores, por ejemplo:<\/p>\n<ul>\n<li>Industria automotriz: Almacenamiento de piezas de veh\u00edculos y accesorios.<\/li>\n<li>Industria alimentaria: Almacenamiento a temperatura controlada de alimentos.<\/li>\n<li>Industria farmac\u00e9utica: Almacenamiento bajo estrictas condiciones higi\u00e9nicas.<\/li>\n<li>Comercio minorista: Almacenamiento y preparaci\u00f3n de pedidos de bienes de consumo.<\/li>\n<li>Electr\u00f3nica: Protecci\u00f3n de dispositivos electr\u00f3nicos sensibles.<\/li>\n<\/ul>\n<p>[\/vc_column_text]<div id=\"\" class=\"trapp-space trapp-space-65321123169e25387218c4 \"><\/div><style>.trapp-space-65321123169e25387218c4{height:50px;}@media (max-width: 1200px){.trapp-space-65321123169e25387218c4{height:30px;}}@media (max-width: 767px){.trapp-space-65321123169e25387218c4{height:10px;}}<\/style>[\/vc_column][\/vc_row][vc_row][vc_column]<div id=\"\" class=\"trapp-space trapp-space-196005114569e25387218f2 \"><\/div><style>.trapp-space-196005114569e25387218f2{height:50px;}@media (max-width: 1200px){.trapp-space-196005114569e25387218f2{height:30px;}}@media (max-width: 767px){.trapp-space-196005114569e25387218f2{height:10px;}}<\/style>[\/vc_column][\/vc_row]<\/p>\n","protected":false},"excerpt":{"rendered":"<p>[vc_row full_width=\u00bbstretch_row_content_no_spaces\u00bb][vc_column][\/vc_column][\/vc_row][vc_row][vc_column][\/vc_column][\/vc_row][vc_row][vc_column][\/vc_column][\/vc_row][vc_row][vc_column width=\u00bb1\/2&#8243; css=\u00bb.vc_custom_1726043982945{padding-right: 40px !important;padding-left: 30px !important;}\u00bb][vc_column_text]\u00c1rea de almacenamiento cubierta: Disponemos de un \u00e1rea de almacenamiento cubierta de 10.000 m\u00b2, que ofrece soluciones de almacenamiento flexibles y seguras.[\/vc_column_text][vc_column_text]Log\u00edstica de almacenamiento: Ofrecemos servicios integrales de log\u00edstica de almacenamiento, que incluyen tanto almacenamiento a corto como a largo plazo. Esto es&#8230;<\/p>\n","protected":false},"author":1,"featured_media":0,"parent":3766,"menu_order":0,"comment_status":"closed","ping_status":"closed","template":"","meta":{"_acf_changed":false,"footnotes":""},"class_list":["post-3770","page","type-page","status-publish","hentry"],"acf":[],"yoast_head":"<!-- This site is optimized with the Yoast SEO plugin v27.4 - https:\/\/yoast.com\/product\/yoast-seo-wordpress\/ -->\n<title>Spedition Trapp - Lagerlogistik<\/title>\n<meta name=\"description\" content=\"Spedition Trapp - log\u00edstica de almacenamiento\" \/>\n<meta name=\"robots\" content=\"index, follow, max-snippet:-1, max-image-preview:large, max-video-preview:-1\" \/>\n<link rel=\"canonical\" href=\"https:\/\/trappsped.at\/es\/quienes-somos\/logistica-de-almacenamiento\/\" \/>\n<meta property=\"og:locale\" content=\"es_ES\" \/>\n<meta property=\"og:type\" content=\"article\" \/>\n<meta property=\"og:title\" content=\"Spedition Trapp - Lagerlogistik\" \/>\n<meta property=\"og:description\" content=\"Spedition Trapp - log\u00edstica de almacenamiento\" \/>\n<meta property=\"og:url\" content=\"https:\/\/trappsped.at\/es\/quienes-somos\/logistica-de-almacenamiento\/\" \/>\n<meta property=\"og:site_name\" content=\"Spedition Trapp\" \/>\n<meta property=\"article:publisher\" content=\"https:\/\/www.facebook.com\/trappsped.at\/\" \/>\n<meta property=\"article:modified_time\" content=\"2024-10-12T14:29:36+00:00\" \/>\n<meta name=\"twitter:card\" content=\"summary_large_image\" \/>\n<meta name=\"twitter:label1\" content=\"Tiempo de lectura\" \/>\n\t<meta name=\"twitter:data1\" content=\"4 minutos\" \/>\n<script type=\"application\/ld+json\" class=\"yoast-schema-graph\">{\"@context\":\"https:\\\/\\\/schema.org\",\"@graph\":[{\"@type\":\"WebPage\",\"@id\":\"https:\\\/\\\/trappsped.at\\\/es\\\/quienes-somos\\\/logistica-de-almacenamiento\\\/\",\"url\":\"https:\\\/\\\/trappsped.at\\\/es\\\/quienes-somos\\\/logistica-de-almacenamiento\\\/\",\"name\":\"Spedition Trapp - Lagerlogistik\",\"isPartOf\":{\"@id\":\"https:\\\/\\\/trappsped.at\\\/#website\"},\"datePublished\":\"2022-03-11T08:38:24+00:00\",\"dateModified\":\"2024-10-12T14:29:36+00:00\",\"description\":\"Spedition Trapp - log\u00edstica de almacenamiento\",\"breadcrumb\":{\"@id\":\"https:\\\/\\\/trappsped.at\\\/es\\\/quienes-somos\\\/logistica-de-almacenamiento\\\/#breadcrumb\"},\"inLanguage\":\"es\",\"potentialAction\":[{\"@type\":\"ReadAction\",\"target\":[\"https:\\\/\\\/trappsped.at\\\/es\\\/quienes-somos\\\/logistica-de-almacenamiento\\\/\"]}]},{\"@type\":\"BreadcrumbList\",\"@id\":\"https:\\\/\\\/trappsped.at\\\/es\\\/quienes-somos\\\/logistica-de-almacenamiento\\\/#breadcrumb\",\"itemListElement\":[{\"@type\":\"ListItem\",\"position\":1,\"name\":\"Home\",\"item\":\"https:\\\/\\\/trappsped.at\\\/es\\\/\"},{\"@type\":\"ListItem\",\"position\":2,\"name\":\"Qui\u00e9nes somos\",\"item\":\"https:\\\/\\\/trappsped.at\\\/es\\\/quienes-somos\\\/\"},{\"@type\":\"ListItem\",\"position\":3,\"name\":\"Log\u00edstica de almacenamiento\"}]},{\"@type\":\"WebSite\",\"@id\":\"https:\\\/\\\/trappsped.at\\\/#website\",\"url\":\"https:\\\/\\\/trappsped.at\\\/\",\"name\":\"Spedition Trapp\",\"description\":\"Logistik der Extraklasse\",\"publisher\":{\"@id\":\"https:\\\/\\\/trappsped.at\\\/#organization\"},\"potentialAction\":[{\"@type\":\"SearchAction\",\"target\":{\"@type\":\"EntryPoint\",\"urlTemplate\":\"https:\\\/\\\/trappsped.at\\\/?s={search_term_string}\"},\"query-input\":{\"@type\":\"PropertyValueSpecification\",\"valueRequired\":true,\"valueName\":\"search_term_string\"}}],\"inLanguage\":\"es\"},{\"@type\":\"Organization\",\"@id\":\"https:\\\/\\\/trappsped.at\\\/#organization\",\"name\":\"Spedition Trapp GmbH\",\"url\":\"https:\\\/\\\/trappsped.at\\\/\",\"logo\":{\"@type\":\"ImageObject\",\"inLanguage\":\"es\",\"@id\":\"https:\\\/\\\/trappsped.at\\\/#\\\/schema\\\/logo\\\/image\\\/\",\"url\":\"https:\\\/\\\/trappsped.at\\\/wp-content\\\/uploads\\\/2022\\\/02\\\/Spedition-Trapp-Logo.svg\",\"contentUrl\":\"https:\\\/\\\/trappsped.at\\\/wp-content\\\/uploads\\\/2022\\\/02\\\/Spedition-Trapp-Logo.svg\",\"width\":1,\"height\":1,\"caption\":\"Spedition Trapp GmbH\"},\"image\":{\"@id\":\"https:\\\/\\\/trappsped.at\\\/#\\\/schema\\\/logo\\\/image\\\/\"},\"sameAs\":[\"https:\\\/\\\/www.facebook.com\\\/trappsped.at\\\/\",\"https:\\\/\\\/www.linkedin.com\\\/company\\\/trapp-spedition-gmbh\\\/\",\"https:\\\/\\\/www.xing.com\\\/pages\\\/trappspeditiongmbh\"]}]}<\/script>\n<!-- \/ Yoast SEO plugin. -->","yoast_head_json":{"title":"Spedition Trapp - Lagerlogistik","description":"Spedition Trapp - log\u00edstica de almacenamiento","robots":{"index":"index","follow":"follow","max-snippet":"max-snippet:-1","max-image-preview":"max-image-preview:large","max-video-preview":"max-video-preview:-1"},"canonical":"https:\/\/trappsped.at\/es\/quienes-somos\/logistica-de-almacenamiento\/","og_locale":"es_ES","og_type":"article","og_title":"Spedition Trapp - Lagerlogistik","og_description":"Spedition Trapp - log\u00edstica de almacenamiento","og_url":"https:\/\/trappsped.at\/es\/quienes-somos\/logistica-de-almacenamiento\/","og_site_name":"Spedition Trapp","article_publisher":"https:\/\/www.facebook.com\/trappsped.at\/","article_modified_time":"2024-10-12T14:29:36+00:00","twitter_card":"summary_large_image","twitter_misc":{"Tiempo de lectura":"4 minutos"},"schema":{"@context":"https:\/\/schema.org","@graph":[{"@type":"WebPage","@id":"https:\/\/trappsped.at\/es\/quienes-somos\/logistica-de-almacenamiento\/","url":"https:\/\/trappsped.at\/es\/quienes-somos\/logistica-de-almacenamiento\/","name":"Spedition Trapp - Lagerlogistik","isPartOf":{"@id":"https:\/\/trappsped.at\/#website"},"datePublished":"2022-03-11T08:38:24+00:00","dateModified":"2024-10-12T14:29:36+00:00","description":"Spedition Trapp - log\u00edstica de almacenamiento","breadcrumb":{"@id":"https:\/\/trappsped.at\/es\/quienes-somos\/logistica-de-almacenamiento\/#breadcrumb"},"inLanguage":"es","potentialAction":[{"@type":"ReadAction","target":["https:\/\/trappsped.at\/es\/quienes-somos\/logistica-de-almacenamiento\/"]}]},{"@type":"BreadcrumbList","@id":"https:\/\/trappsped.at\/es\/quienes-somos\/logistica-de-almacenamiento\/#breadcrumb","itemListElement":[{"@type":"ListItem","position":1,"name":"Home","item":"https:\/\/trappsped.at\/es\/"},{"@type":"ListItem","position":2,"name":"Qui\u00e9nes somos","item":"https:\/\/trappsped.at\/es\/quienes-somos\/"},{"@type":"ListItem","position":3,"name":"Log\u00edstica de almacenamiento"}]},{"@type":"WebSite","@id":"https:\/\/trappsped.at\/#website","url":"https:\/\/trappsped.at\/","name":"Spedition Trapp","description":"Logistik der Extraklasse","publisher":{"@id":"https:\/\/trappsped.at\/#organization"},"potentialAction":[{"@type":"SearchAction","target":{"@type":"EntryPoint","urlTemplate":"https:\/\/trappsped.at\/?s={search_term_string}"},"query-input":{"@type":"PropertyValueSpecification","valueRequired":true,"valueName":"search_term_string"}}],"inLanguage":"es"},{"@type":"Organization","@id":"https:\/\/trappsped.at\/#organization","name":"Spedition Trapp GmbH","url":"https:\/\/trappsped.at\/","logo":{"@type":"ImageObject","inLanguage":"es","@id":"https:\/\/trappsped.at\/#\/schema\/logo\/image\/","url":"https:\/\/trappsped.at\/wp-content\/uploads\/2022\/02\/Spedition-Trapp-Logo.svg","contentUrl":"https:\/\/trappsped.at\/wp-content\/uploads\/2022\/02\/Spedition-Trapp-Logo.svg","width":1,"height":1,"caption":"Spedition Trapp GmbH"},"image":{"@id":"https:\/\/trappsped.at\/#\/schema\/logo\/image\/"},"sameAs":["https:\/\/www.facebook.com\/trappsped.at\/","https:\/\/www.linkedin.com\/company\/trapp-spedition-gmbh\/","https:\/\/www.xing.com\/pages\/trappspeditiongmbh"]}]}},"_links":{"self":[{"href":"https:\/\/trappsped.at\/es\/wp-json\/wp\/v2\/pages\/3770","targetHints":{"allow":["GET"]}}],"collection":[{"href":"https:\/\/trappsped.at\/es\/wp-json\/wp\/v2\/pages"}],"about":[{"href":"https:\/\/trappsped.at\/es\/wp-json\/wp\/v2\/types\/page"}],"author":[{"embeddable":true,"href":"https:\/\/trappsped.at\/es\/wp-json\/wp\/v2\/users\/1"}],"replies":[{"embeddable":true,"href":"https:\/\/trappsped.at\/es\/wp-json\/wp\/v2\/comments?post=3770"}],"version-history":[{"count":2,"href":"https:\/\/trappsped.at\/es\/wp-json\/wp\/v2\/pages\/3770\/revisions"}],"predecessor-version":[{"id":9995,"href":"https:\/\/trappsped.at\/es\/wp-json\/wp\/v2\/pages\/3770\/revisions\/9995"}],"up":[{"embeddable":true,"href":"https:\/\/trappsped.at\/es\/wp-json\/wp\/v2\/pages\/3766"}],"wp:attachment":[{"href":"https:\/\/trappsped.at\/es\/wp-json\/wp\/v2\/media?parent=3770"}],"curies":[{"name":"wp","href":"https:\/\/api.w.org\/{rel}","templated":true}]}}