{"id":3772,"date":"2022-03-11T08:40:00","date_gmt":"2022-03-11T08:40:00","guid":{"rendered":"https:\/\/trapp.webartists.at\/quienes-somos\/seguro-de-transporte\/"},"modified":"2024-10-12T14:31:26","modified_gmt":"2024-10-12T14:31:26","slug":"seguro-de-transporte","status":"publish","type":"page","link":"https:\/\/trappsped.at\/es\/quienes-somos\/seguro-de-transporte\/","title":{"rendered":"Seguro de transporte"},"content":{"rendered":"<p>[vc_row full_width=\u00bbstretch_row_content_no_spaces\u00bb][vc_column]\r\n    <section id=\"\" class=\"hero-banner banner-bg \" data-background=\"https:\/\/trappsped.at\/wp-content\/uploads\/2022\/08\/Spedition_Trapp_UeberUns-Versicherung-1.jpg\">\r\n        <div class=\"hero-banner-caption\">\r\n            <div class=\"container\">\r\n                <div class=\"hero-banner-info wow fadeInUp\" data-wow-delay=\"0.3s\" data-wow-duration=\"0.5s\">                        <h1>En cualquier caso, su mercanc\u00eda estar\u00e1 bien asegurada.<\/h1><p>Contrate su seguro de transporte.<\/p>\n                <\/div>\r\n            <\/div>\r\n        <\/div>\r\n    <\/section>\r\n    <section class=\"content-part pv-0\">\r\n        <div class=\"container\">\r\n            <div class=\"content-row grid-33 wow fadeInUp\" data-wow-delay=\"0.3s\" data-wow-duration=\"0.5s\">\r\n                <div class=\"row\">\r\n                    <div class=\"col-xl-6 offset-xl-6 col-lg-8 offset-lg-4 col-md-11 offset-md-1\">\r\n                        <div class=\"hero-service-row active-service grid-7\">\r\n                            <div class=\"row\">\r\n                                        <div class=\"col-lg-3 col-md-3 col-sm-6 col-6 mb-15\">\r\n                                            <div class=\"hero-service-blog not-active\">\r\n                                                <a href=\"https:\/\/trappsped.at\/es\/servicios\/transporte-terrestre\/\">                                                        <span><img decoding=\"async\" src=\"https:\/\/trappsped.at\/wp-content\/uploads\/2022\/02\/truck.svg\" alt=\"truck\"><\/span>                                                    <p>Transporte terrestre<\/p>\r\n                                                <\/a>\r\n                                            <\/div>\r\n                                        <\/div>\r\n                                        <div class=\"col-lg-3 col-md-3 col-sm-6 col-6 mb-15\">\r\n                                            <div class=\"hero-service-blog not-active\">\r\n                                                <a href=\"https:\/\/trappsped.at\/es\/servicios\/flete-aereo-y-maritimo\/\">                                                        <span><img decoding=\"async\" src=\"https:\/\/trappsped.at\/wp-content\/uploads\/2022\/02\/ship.svg\" alt=\"Spedition Trapp -\"><\/span>                                                    <p>Flete a\u00e9reo y mar\u00edtimo<\/p>\r\n                                                <\/a>\r\n                                            <\/div>\r\n                                        <\/div>\r\n                                        <div class=\"col-lg-3 col-md-3 col-sm-6 col-6 mb-15\">\r\n                                            <div class=\"hero-service-blog not-active\">\r\n                                                <a href=\"https:\/\/trappsped.at\/es\/servicios\/transporte-especial\/\">                                                        <span><img decoding=\"async\" src=\"https:\/\/trappsped.at\/wp-content\/uploads\/2022\/02\/cargo.svg\" alt=\"cargo\"><\/span>                                                    <p>Transporte especial<\/p>\r\n                                                <\/a>\r\n                                            <\/div>\r\n                                        <\/div>\r\n                                        <div class=\"col-lg-3 col-md-3 col-sm-6 col-6 mb-15\">\r\n                                            <div class=\"hero-service-blog not-active\">\r\n                                                <a href=\"https:\/\/trappsped.at\/es\/servicios\/transporte-urgente\/\">                                                        <span><img decoding=\"async\" src=\"https:\/\/trappsped.at\/wp-content\/uploads\/2022\/02\/fast-delivery.svg\" alt=\"fast-delivery\"><\/span>                                                    <p>Transporte urgente<\/p>\r\n                                                <\/a>\r\n                                            <\/div>\r\n                                        <\/div>                            <\/div>\r\n                        <\/div>\r\n                    <\/div>\r\n                <\/div>\r\n            <\/div>\r\n        <\/div>\r\n    <\/section>[\/vc_column][\/vc_row][vc_row][vc_column]        <section id=\"\" class=\"content-part pb-10 \">\n            <div class=\"container\">\n                <div class=\"content-row\">\n                    <div class=\"row\">\n                        <div class=\"col-lg-6 col-md-12 col-sm-12 col-12\">\n                            <div class=\"content-flex\">                                    <div class=\"content-title mb-xl-60 mb-md-40 mb-30 wow fadeInUp\" data-wow-delay=\"0.3s\" data-wow-duration=\"0.5s\">\n                                        <div class=\"maxwidth-453\"><h2><strong>Seguro de transporte<\/strong><\/h2><\/div>\n                                    <\/div>                            <\/div>\n                        <\/div>\n                        <div class=\"col-lg-6 col-md-12 col-sm-12 col-12\">\n                            <div class=\"content-info wow fadeInUp\" data-wow-delay=\"0.3s\" data-wow-duration=\"0.5s\">\n                                <p>Env\u00ede incluso grandes mercanc\u00edas a trav\u00e9s del mundo sin preocupaciones. Un seguro de transporte adecuado protege su transporte en funci\u00f3n de su valor y le protege de las consecuencias econ\u00f3micas en caso de da\u00f1os. Con m\u00e1s de 35 a\u00f1os de experiencia en el negocio del transporte, sabemos lo que importa en materia de seguros de transporte y hemos encontrado una oferta excepcional para los transportes exigentes con el seguro \u00abSelect Masterpiece\u00bb.<\/p>\n<ul>\n<li>Cobertura total de todos los riesgos seg\u00fan A\u00d6TB 2011 o ICC A y la cl\u00e1usula de exclusi\u00f3n de contaminaci\u00f3n radiactiva del instituto, cl\u00e1usula de clasificaci\u00f3n del instituto 01\/01\/2001, cl\u00e1usula de sanciones, etc.<\/li>\n<li>Cobertura total para la carga en cubierta (contenedor cerrado)<\/li>\n<li>Incluye cobertura en caso de sabotaje, confiscaci\u00f3n, da\u00f1os y mucho m\u00e1s<\/li>\n<\/ul>\n<p>Estaremos encantados de ayudarle a contratar el seguro de transporte Masterpiece y de ofrecerle un seguro al mejor precio. Para que siempre est\u00e9s bien asegurado.<\/p>\n                            <\/div>\n                        <\/div>\n                    <\/div>\n                <\/div>\n            <\/div>\n        <\/section>[\/vc_column][\/vc_row][vc_row][vc_column]<div id=\"\" class=\"trapp-space trapp-space-176865242669e079ab1fd6a \"><\/div><style>.trapp-space-176865242669e079ab1fd6a{height:50px;}@media (max-width: 1200px){.trapp-space-176865242669e079ab1fd6a{height:30px;}}@media (max-width: 767px){.trapp-space-176865242669e079ab1fd6a{height:10px;}}<\/style>[\/vc_column][\/vc_row][vc_row][vc_column]<div id=\"\" class=\"trapp-space trapp-space-182915967969e079ab1fd99 \"><\/div><style>.trapp-space-182915967969e079ab1fd99{height:50px;}@media (max-width: 1200px){.trapp-space-182915967969e079ab1fd99{height:30px;}}@media (max-width: 767px){.trapp-space-182915967969e079ab1fd99{height:10px;}}<\/style>[\/vc_column][\/vc_row][vc_row css=\u00bb.vc_custom_1728742428518{padding-right: 40px !important;padding-left: 30px !important;}\u00bb][vc_column]\n    <div id=\"\" class=\"\">\n        <div class=\"content-title wow fadeInUp\" data-wow-delay=\"0.3s\" data-wow-duration=\"0.5s\">\n            <div class=\"maxwidth-50\"><h2>Aspectos del <strong>seguro de transporte<\/strong><\/h2>\n<\/div>\n        <\/div>\n    <\/div><div id=\"\" class=\"trapp-space trapp-space-137837120769e079ab1ffe7 \"><\/div><style>.trapp-space-137837120769e079ab1ffe7{height:50px;}@media (max-width: 1200px){.trapp-space-137837120769e079ab1ffe7{height:30px;}}@media (max-width: 767px){.trapp-space-137837120769e079ab1ffe7{height:10px;}}<\/style>[\/vc_column][\/vc_row][vc_row css=\u00bb.vc_custom_1726045102945{padding-right: 40px !important;padding-left: 30px !important;}\u00bb][vc_column width=\u00bb1\/2&#8243;][vc_column_text]Protecci\u00f3n integral: Seguro contra da\u00f1os, p\u00e9rdida y robo.<\/p>\n<p>Opciones de seguro: Opciones de seguro personalizables para necesidades espec\u00edficas.<\/p>\n<p>Experiencia en diversos sectores: Experiencia en el aseguramiento de mercanc\u00edas de diferentes sectores (industria automotriz, industria qu\u00edmica, industria alimentaria, etc.).<\/p>\n<p>Transportes especiales: Seguro para transportes especiales y pesados, como el transporte de bobinas y acero, y m\u00e1quinas de impresi\u00f3n.[\/vc_column_text][\/vc_column][vc_column width=\u00bb1\/2&#8243;][vc_column_text]Competencia t\u00e9cnica y legal: Formaci\u00f3n regular y cumplimiento de normativas internacionales.<\/p>\n<p>Asesoramiento individual: Asesoramiento personalizado para la selecci\u00f3n de soluciones de seguro \u00f3ptimas.<\/p>\n<p>Tramitaci\u00f3n transparente: Gesti\u00f3n r\u00e1pida y transparente de reclamaciones.<\/p>\n<p>Alianzas: Colaboraci\u00f3n con empresas aseguradoras de renombre.[\/vc_column_text][\/vc_column][\/vc_row][vc_row][vc_column]<div id=\"\" class=\"trapp-space trapp-space-6103597169e079ab2000a \"><\/div><style>.trapp-space-6103597169e079ab2000a{height:50px;}@media (max-width: 1200px){.trapp-space-6103597169e079ab2000a{height:30px;}}@media (max-width: 767px){.trapp-space-6103597169e079ab2000a{height:10px;}}<\/style>[\/vc_column][\/vc_row]<\/p>\n","protected":false},"excerpt":{"rendered":"<p>[vc_row full_width=\u00bbstretch_row_content_no_spaces\u00bb][vc_column][\/vc_column][\/vc_row][vc_row][vc_column][\/vc_column][\/vc_row][vc_row][vc_column][\/vc_column][\/vc_row][vc_row][vc_column][\/vc_column][\/vc_row][vc_row css=\u00bb.vc_custom_1728742428518{padding-right: 40px !important;padding-left: 30px !important;}\u00bb][vc_column][\/vc_column][\/vc_row][vc_row css=\u00bb.vc_custom_1726045102945{padding-right: 40px !important;padding-left: 30px !important;}\u00bb][vc_column width=\u00bb1\/2&#8243;][vc_column_text]Protecci\u00f3n integral: Seguro contra da\u00f1os, p\u00e9rdida y robo. Opciones de seguro: Opciones de seguro personalizables para necesidades espec\u00edficas. Experiencia en diversos sectores: Experiencia en el aseguramiento de mercanc\u00edas de diferentes sectores (industria automotriz, industria qu\u00edmica, industria alimentaria, etc.)&#8230;.<\/p>\n","protected":false},"author":1,"featured_media":0,"parent":3766,"menu_order":0,"comment_status":"closed","ping_status":"closed","template":"","meta":{"_acf_changed":false,"footnotes":""},"class_list":["post-3772","page","type-page","status-publish","hentry"],"acf":[],"yoast_head":"<!-- This site is optimized with the Yoast SEO plugin v27.4 - https:\/\/yoast.com\/product\/yoast-seo-wordpress\/ -->\n<title>Spedition Trapp - seguro de transporte adecuado<\/title>\n<meta name=\"description\" content=\"Sabemos lo importante y con el seguro Select Masterpiece tenemos una oferta destacada para tus transportes.\" \/>\n<meta name=\"robots\" content=\"index, follow, max-snippet:-1, max-image-preview:large, max-video-preview:-1\" \/>\n<link rel=\"canonical\" href=\"https:\/\/trappsped.at\/es\/quienes-somos\/seguro-de-transporte\/\" \/>\n<meta property=\"og:locale\" content=\"es_ES\" \/>\n<meta property=\"og:type\" content=\"article\" \/>\n<meta property=\"og:title\" content=\"Spedition Trapp - seguro de transporte adecuado\" \/>\n<meta property=\"og:description\" content=\"Sabemos lo importante y con el seguro Select Masterpiece tenemos una oferta destacada para tus transportes.\" \/>\n<meta property=\"og:url\" content=\"https:\/\/trappsped.at\/es\/quienes-somos\/seguro-de-transporte\/\" \/>\n<meta property=\"og:site_name\" content=\"Spedition Trapp\" \/>\n<meta property=\"article:publisher\" content=\"https:\/\/www.facebook.com\/trappsped.at\/\" \/>\n<meta property=\"article:modified_time\" content=\"2024-10-12T14:31:26+00:00\" \/>\n<meta name=\"twitter:card\" content=\"summary_large_image\" \/>\n<meta name=\"twitter:label1\" content=\"Tiempo de lectura\" \/>\n\t<meta name=\"twitter:data1\" content=\"2 minutos\" \/>\n<script type=\"application\/ld+json\" class=\"yoast-schema-graph\">{\"@context\":\"https:\\\/\\\/schema.org\",\"@graph\":[{\"@type\":\"WebPage\",\"@id\":\"https:\\\/\\\/trappsped.at\\\/es\\\/quienes-somos\\\/seguro-de-transporte\\\/\",\"url\":\"https:\\\/\\\/trappsped.at\\\/es\\\/quienes-somos\\\/seguro-de-transporte\\\/\",\"name\":\"Spedition Trapp - seguro de transporte adecuado\",\"isPartOf\":{\"@id\":\"https:\\\/\\\/trappsped.at\\\/#website\"},\"datePublished\":\"2022-03-11T08:40:00+00:00\",\"dateModified\":\"2024-10-12T14:31:26+00:00\",\"description\":\"Sabemos lo importante y con el seguro Select Masterpiece tenemos una oferta destacada para tus transportes.\",\"breadcrumb\":{\"@id\":\"https:\\\/\\\/trappsped.at\\\/es\\\/quienes-somos\\\/seguro-de-transporte\\\/#breadcrumb\"},\"inLanguage\":\"es\",\"potentialAction\":[{\"@type\":\"ReadAction\",\"target\":[\"https:\\\/\\\/trappsped.at\\\/es\\\/quienes-somos\\\/seguro-de-transporte\\\/\"]}]},{\"@type\":\"BreadcrumbList\",\"@id\":\"https:\\\/\\\/trappsped.at\\\/es\\\/quienes-somos\\\/seguro-de-transporte\\\/#breadcrumb\",\"itemListElement\":[{\"@type\":\"ListItem\",\"position\":1,\"name\":\"Home\",\"item\":\"https:\\\/\\\/trappsped.at\\\/es\\\/\"},{\"@type\":\"ListItem\",\"position\":2,\"name\":\"Qui\u00e9nes somos\",\"item\":\"https:\\\/\\\/trappsped.at\\\/es\\\/quienes-somos\\\/\"},{\"@type\":\"ListItem\",\"position\":3,\"name\":\"Seguro de transporte\"}]},{\"@type\":\"WebSite\",\"@id\":\"https:\\\/\\\/trappsped.at\\\/#website\",\"url\":\"https:\\\/\\\/trappsped.at\\\/\",\"name\":\"Spedition Trapp\",\"description\":\"Logistik der Extraklasse\",\"publisher\":{\"@id\":\"https:\\\/\\\/trappsped.at\\\/#organization\"},\"potentialAction\":[{\"@type\":\"SearchAction\",\"target\":{\"@type\":\"EntryPoint\",\"urlTemplate\":\"https:\\\/\\\/trappsped.at\\\/?s={search_term_string}\"},\"query-input\":{\"@type\":\"PropertyValueSpecification\",\"valueRequired\":true,\"valueName\":\"search_term_string\"}}],\"inLanguage\":\"es\"},{\"@type\":\"Organization\",\"@id\":\"https:\\\/\\\/trappsped.at\\\/#organization\",\"name\":\"Spedition Trapp GmbH\",\"url\":\"https:\\\/\\\/trappsped.at\\\/\",\"logo\":{\"@type\":\"ImageObject\",\"inLanguage\":\"es\",\"@id\":\"https:\\\/\\\/trappsped.at\\\/#\\\/schema\\\/logo\\\/image\\\/\",\"url\":\"https:\\\/\\\/trappsped.at\\\/wp-content\\\/uploads\\\/2022\\\/02\\\/Spedition-Trapp-Logo.svg\",\"contentUrl\":\"https:\\\/\\\/trappsped.at\\\/wp-content\\\/uploads\\\/2022\\\/02\\\/Spedition-Trapp-Logo.svg\",\"width\":1,\"height\":1,\"caption\":\"Spedition Trapp GmbH\"},\"image\":{\"@id\":\"https:\\\/\\\/trappsped.at\\\/#\\\/schema\\\/logo\\\/image\\\/\"},\"sameAs\":[\"https:\\\/\\\/www.facebook.com\\\/trappsped.at\\\/\",\"https:\\\/\\\/www.linkedin.com\\\/company\\\/trapp-spedition-gmbh\\\/\",\"https:\\\/\\\/www.xing.com\\\/pages\\\/trappspeditiongmbh\"]}]}<\/script>\n<!-- \/ Yoast SEO plugin. -->","yoast_head_json":{"title":"Spedition Trapp - seguro de transporte adecuado","description":"Sabemos lo importante y con el seguro Select Masterpiece tenemos una oferta destacada para tus transportes.","robots":{"index":"index","follow":"follow","max-snippet":"max-snippet:-1","max-image-preview":"max-image-preview:large","max-video-preview":"max-video-preview:-1"},"canonical":"https:\/\/trappsped.at\/es\/quienes-somos\/seguro-de-transporte\/","og_locale":"es_ES","og_type":"article","og_title":"Spedition Trapp - seguro de transporte adecuado","og_description":"Sabemos lo importante y con el seguro Select Masterpiece tenemos una oferta destacada para tus transportes.","og_url":"https:\/\/trappsped.at\/es\/quienes-somos\/seguro-de-transporte\/","og_site_name":"Spedition Trapp","article_publisher":"https:\/\/www.facebook.com\/trappsped.at\/","article_modified_time":"2024-10-12T14:31:26+00:00","twitter_card":"summary_large_image","twitter_misc":{"Tiempo de lectura":"2 minutos"},"schema":{"@context":"https:\/\/schema.org","@graph":[{"@type":"WebPage","@id":"https:\/\/trappsped.at\/es\/quienes-somos\/seguro-de-transporte\/","url":"https:\/\/trappsped.at\/es\/quienes-somos\/seguro-de-transporte\/","name":"Spedition Trapp - seguro de transporte adecuado","isPartOf":{"@id":"https:\/\/trappsped.at\/#website"},"datePublished":"2022-03-11T08:40:00+00:00","dateModified":"2024-10-12T14:31:26+00:00","description":"Sabemos lo importante y con el seguro Select Masterpiece tenemos una oferta destacada para tus transportes.","breadcrumb":{"@id":"https:\/\/trappsped.at\/es\/quienes-somos\/seguro-de-transporte\/#breadcrumb"},"inLanguage":"es","potentialAction":[{"@type":"ReadAction","target":["https:\/\/trappsped.at\/es\/quienes-somos\/seguro-de-transporte\/"]}]},{"@type":"BreadcrumbList","@id":"https:\/\/trappsped.at\/es\/quienes-somos\/seguro-de-transporte\/#breadcrumb","itemListElement":[{"@type":"ListItem","position":1,"name":"Home","item":"https:\/\/trappsped.at\/es\/"},{"@type":"ListItem","position":2,"name":"Qui\u00e9nes somos","item":"https:\/\/trappsped.at\/es\/quienes-somos\/"},{"@type":"ListItem","position":3,"name":"Seguro de transporte"}]},{"@type":"WebSite","@id":"https:\/\/trappsped.at\/#website","url":"https:\/\/trappsped.at\/","name":"Spedition Trapp","description":"Logistik der Extraklasse","publisher":{"@id":"https:\/\/trappsped.at\/#organization"},"potentialAction":[{"@type":"SearchAction","target":{"@type":"EntryPoint","urlTemplate":"https:\/\/trappsped.at\/?s={search_term_string}"},"query-input":{"@type":"PropertyValueSpecification","valueRequired":true,"valueName":"search_term_string"}}],"inLanguage":"es"},{"@type":"Organization","@id":"https:\/\/trappsped.at\/#organization","name":"Spedition Trapp GmbH","url":"https:\/\/trappsped.at\/","logo":{"@type":"ImageObject","inLanguage":"es","@id":"https:\/\/trappsped.at\/#\/schema\/logo\/image\/","url":"https:\/\/trappsped.at\/wp-content\/uploads\/2022\/02\/Spedition-Trapp-Logo.svg","contentUrl":"https:\/\/trappsped.at\/wp-content\/uploads\/2022\/02\/Spedition-Trapp-Logo.svg","width":1,"height":1,"caption":"Spedition Trapp GmbH"},"image":{"@id":"https:\/\/trappsped.at\/#\/schema\/logo\/image\/"},"sameAs":["https:\/\/www.facebook.com\/trappsped.at\/","https:\/\/www.linkedin.com\/company\/trapp-spedition-gmbh\/","https:\/\/www.xing.com\/pages\/trappspeditiongmbh"]}]}},"_links":{"self":[{"href":"https:\/\/trappsped.at\/es\/wp-json\/wp\/v2\/pages\/3772","targetHints":{"allow":["GET"]}}],"collection":[{"href":"https:\/\/trappsped.at\/es\/wp-json\/wp\/v2\/pages"}],"about":[{"href":"https:\/\/trappsped.at\/es\/wp-json\/wp\/v2\/types\/page"}],"author":[{"embeddable":true,"href":"https:\/\/trappsped.at\/es\/wp-json\/wp\/v2\/users\/1"}],"replies":[{"embeddable":true,"href":"https:\/\/trappsped.at\/es\/wp-json\/wp\/v2\/comments?post=3772"}],"version-history":[{"count":2,"href":"https:\/\/trappsped.at\/es\/wp-json\/wp\/v2\/pages\/3772\/revisions"}],"predecessor-version":[{"id":9996,"href":"https:\/\/trappsped.at\/es\/wp-json\/wp\/v2\/pages\/3772\/revisions\/9996"}],"up":[{"embeddable":true,"href":"https:\/\/trappsped.at\/es\/wp-json\/wp\/v2\/pages\/3766"}],"wp:attachment":[{"href":"https:\/\/trappsped.at\/es\/wp-json\/wp\/v2\/media?parent=3772"}],"curies":[{"name":"wp","href":"https:\/\/api.w.org\/{rel}","templated":true}]}}