{"id":3774,"date":"2022-03-11T08:39:14","date_gmt":"2022-03-11T08:39:14","guid":{"rendered":"https:\/\/trapp.webartists.at\/quienes-somos\/conocimientos\/"},"modified":"2022-09-24T13:38:03","modified_gmt":"2022-09-24T13:38:03","slug":"conocimientos","status":"publish","type":"page","link":"https:\/\/trappsped.at\/es\/quienes-somos\/conocimientos\/","title":{"rendered":"Conocimientos"},"content":{"rendered":"<p>[vc_row full_width=\u00bbstretch_row_content_no_spaces\u00bb][vc_column]\r\n    <section id=\"\" class=\"hero-banner banner-bg \" data-background=\"https:\/\/trappsped.at\/wp-content\/uploads\/2022\/08\/Spedition_Trapp_KnowHow.jpg\">\r\n        <div class=\"hero-banner-caption\">\r\n            <div class=\"container\">\r\n                <div class=\"hero-banner-info wow fadeInUp\" data-wow-delay=\"0.3s\" data-wow-duration=\"0.5s\">                        <h1>Experiencia y saber hacer<\/h1><p>Benef\u00edciese de nuestros conocimientos<\/p>\n                <\/div>\r\n            <\/div>\r\n        <\/div>\r\n    <\/section>\r\n    <section class=\"content-part pv-0\">\r\n        <div class=\"container\">\r\n            <div class=\"content-row grid-33 wow fadeInUp\" data-wow-delay=\"0.3s\" data-wow-duration=\"0.5s\">\r\n                <div class=\"row\">\r\n                    <div class=\"col-xl-6 offset-xl-6 col-lg-8 offset-lg-4 col-md-11 offset-md-1\">\r\n                        <div class=\"hero-service-row active-service grid-7\">\r\n                            <div class=\"row\">\r\n                                        <div class=\"col-lg-3 col-md-3 col-sm-6 col-6 mb-15\">\r\n                                            <div class=\"hero-service-blog not-active\">\r\n                                                <a href=\"https:\/\/trappsped.at\/es\/servicios\/transporte-terrestre\/\">                                                        <span><img decoding=\"async\" src=\"https:\/\/trappsped.at\/wp-content\/uploads\/2022\/02\/truck.svg\" alt=\"truck\"><\/span>                                                    <p>Transporte terrestre<\/p>\r\n                                                <\/a>\r\n                                            <\/div>\r\n                                        <\/div>\r\n                                        <div class=\"col-lg-3 col-md-3 col-sm-6 col-6 mb-15\">\r\n                                            <div class=\"hero-service-blog not-active\">\r\n                                                <a href=\"https:\/\/trappsped.at\/es\/servicios\/flete-aereo-y-maritimo\/\">                                                        <span><img decoding=\"async\" src=\"https:\/\/trappsped.at\/wp-content\/uploads\/2022\/02\/ship.svg\" alt=\"Spedition Trapp -\"><\/span>                                                    <p>Flete a\u00e9reo y mar\u00edtimo<\/p>\r\n                                                <\/a>\r\n                                            <\/div>\r\n                                        <\/div>\r\n                                        <div class=\"col-lg-3 col-md-3 col-sm-6 col-6 mb-15\">\r\n                                            <div class=\"hero-service-blog not-active\">\r\n                                                <a href=\"https:\/\/trappsped.at\/es\/servicios\/transporte-especial\/\">                                                        <span><img decoding=\"async\" src=\"https:\/\/trappsped.at\/wp-content\/uploads\/2022\/02\/cargo.svg\" alt=\"cargo\"><\/span>                                                    <p>Transporte especial<\/p>\r\n                                                <\/a>\r\n                                            <\/div>\r\n                                        <\/div>\r\n                                        <div class=\"col-lg-3 col-md-3 col-sm-6 col-6 mb-15\">\r\n                                            <div class=\"hero-service-blog not-active\">\r\n                                                <a href=\"https:\/\/trappsped.at\/es\/servicios\/transporte-urgente\/\">                                                        <span><img decoding=\"async\" src=\"https:\/\/trappsped.at\/wp-content\/uploads\/2022\/02\/fast-delivery.svg\" alt=\"fast-delivery\"><\/span>                                                    <p>Transporte urgente<\/p>\r\n                                                <\/a>\r\n                                            <\/div>\r\n                                        <\/div>                            <\/div>\r\n                        <\/div>\r\n                    <\/div>\r\n                <\/div>\r\n            <\/div>\r\n        <\/div>\r\n    <\/section>[\/vc_column][\/vc_row][vc_row][vc_column]        <section id=\"\" class=\"content-part pb-10 \">\n            <div class=\"container\">\n                <div class=\"content-row\">\n                    <div class=\"row\">\n                        <div class=\"col-lg-6 col-md-12 col-sm-12 col-12\">\n                            <div class=\"content-flex\">                                    <div class=\"content-title mb-xl-60 mb-md-40 mb-30 wow fadeInUp\" data-wow-delay=\"0.3s\" data-wow-duration=\"0.5s\">\n                                        <div class=\"maxwidth-453\"><h2><strong>Mercados<\/strong> y <strong>Seguridad<\/strong><\/h2><\/div>\n                                    <\/div>                            <\/div>\n                        <\/div>\n                        <div class=\"col-lg-6 col-md-12 col-sm-12 col-12\">\n                            <div class=\"content-info wow fadeInUp\" data-wow-delay=\"0.3s\" data-wow-duration=\"0.5s\">\n                                <p>Italiano, espa\u00f1ol, ingl\u00e9s: hablamos los idiomas de sus mercados objetivo. Eso hace que los tr\u00e1mites sean m\u00e1s transparentes, las conexiones m\u00e1s estables y los beneficios mayores.<\/p>\n<p>En el transporte terrestre, hemos creado una red de seguridad fiable con plazas de estacionamiento seguras y vigiladas en todo momento. Garantizamos una seguridad adicional para sus mercanc\u00edas mediante el doble seguimiento por GPS.<\/p>\n                            <\/div>\n                        <\/div>\n                    <\/div>\n                <\/div>\n            <\/div>\n        <\/section>[\/vc_column][\/vc_row][vc_row css=\u00bb.vc_custom_1647341613966{padding-right: 18px !important;padding-left: 18px !important;}\u00bb][vc_column]<div id=\"\" class=\"trapp-space trapp-space-54882803369e73f0238b7d \"><\/div><style>.trapp-space-54882803369e73f0238b7d{height:50px;}@media (max-width: 767px){.trapp-space-54882803369e73f0238b7d{height:20px;}}<\/style>[\/vc_column][\/vc_row][vc_row css=\u00bb.vc_custom_1647341624497{padding-right: 18px !important;padding-left: 18px !important;}\u00bb][vc_column width=\u00bb1\/2&#8243;][vc_single_image image=\u00bb1938&#8243; img_size=\u00bbfull\u00bb][\/vc_column][vc_column width=\u00bb1\/2&#8243;]\n    <div id=\"\" class=\"\">\n        <div class=\"content-title wow fadeInUp\" data-wow-delay=\"0.3s\" data-wow-duration=\"0.5s\">\n            <div class=\"maxwidth-50\"><h2>Mercanc\u00eda de <strong>todo tipo<\/strong><\/h2>\n<\/div>\n        <\/div>\n    <\/div><div id=\"\" class=\"trapp-space trapp-space-104127999369e73f0238f57 \"><\/div><style>.trapp-space-104127999369e73f0238f57{height:50px;}@media (max-width: 1200px){.trapp-space-104127999369e73f0238f57{height:30px;}}@media (max-width: 767px){.trapp-space-104127999369e73f0238f57{height:10px;}}<\/style>\r\n    <div id=\"\" class=\"content-info wow fadeInUp \" data-wow-delay=\"0.3s\" data-wow-duration=\"0.5s\">\r\n        <p>Somos especialistas en una amplia gama que incluye desde productos de alimentaci\u00f3n hasta vigas de acero sobredimensionadas. Tras m\u00e1s de tres d\u00e9cadas trabajando en servicios log\u00edsticos, sabemos c\u00f3mo manejar todo tipo de mercanc\u00edas.<\/p>\n<p>La gesti\u00f3n de permisos, los veh\u00edculos de asistencia para transportes especiales y las rutas perfectamente planificadas forman parte de nuestro programa est\u00e1ndar.<\/p>\n    <\/div>[\/vc_column][\/vc_row][vc_row][vc_column]<div id=\"\" class=\"trapp-space trapp-space-46020572569e73f02392e6 \"><\/div><style>.trapp-space-46020572569e73f02392e6{height:50px;}@media (max-width: 1200px){.trapp-space-46020572569e73f02392e6{height:30px;}}@media (max-width: 767px){.trapp-space-46020572569e73f02392e6{height:10px;}}<\/style>[\/vc_column][\/vc_row][vc_row css=\u00bb.vc_custom_1647341624497{padding-right: 18px !important;padding-left: 18px !important;}\u00bb][vc_column]\n    <div id=\"\" class=\"\">\n        <div class=\"content-title wow fadeInUp\" data-wow-delay=\"0.3s\" data-wow-duration=\"0.5s\">\n            <div class=\"maxwidth-50\"><h2><strong>Tr\u00e1mites<\/strong> regulados<\/h2>\n<\/div>\n        <\/div>\n    <\/div><div id=\"\" class=\"trapp-space trapp-space-30193889869e73f0239648 \"><\/div><style>.trapp-space-30193889869e73f0239648{height:50px;}@media (max-width: 1200px){.trapp-space-30193889869e73f0239648{height:30px;}}@media (max-width: 767px){.trapp-space-30193889869e73f0239648{height:10px;}}<\/style>[\/vc_column][\/vc_row][vc_row css=\u00bb.vc_custom_1647341624497{padding-right: 18px !important;padding-left: 18px !important;}\u00bb][vc_column width=\u00bb1\/2&#8243;]\r\n    <div id=\"\" class=\"content-info wow fadeInUp \" data-wow-delay=\"0.3s\" data-wow-duration=\"0.5s\">\r\n        <p>Otros pa\u00edses, otras costumbres. Cada mercado tiene sus propias caracter\u00edsticas y regulaciones. Desde el principio, nos aseguramos de que todos los documentos est\u00e9n presentes y de que se cumplan todos los requisitos legales. De este modo, el proceso de despacho de aduanas es r\u00e1pido y seguro.<\/p>\n    <\/div>[\/vc_column][vc_column width=\u00bb1\/2&#8243;]\r\n    <div id=\"\" class=\"content-info wow fadeInUp \" data-wow-delay=\"0.3s\" data-wow-duration=\"0.5s\">\r\n        <p>En el caso de transportes especiales con un alto valor de la mercanc\u00eda, le apoyamos en el aseguramiento y la gesti\u00f3n de los tr\u00e1mites.<\/p>\n    <\/div>[\/vc_column][\/vc_row][vc_row][vc_column]<div id=\"\" class=\"trapp-space trapp-space-196879537469e73f0239c98 \"><\/div><style>.trapp-space-196879537469e73f0239c98{height:50px;}@media (max-width: 1200px){.trapp-space-196879537469e73f0239c98{height:30px;}}@media (max-width: 767px){.trapp-space-196879537469e73f0239c98{height:10px;}}<\/style>[\/vc_column][\/vc_row]<\/p>\n","protected":false},"excerpt":{"rendered":"<p>[vc_row full_width=\u00bbstretch_row_content_no_spaces\u00bb][vc_column][\/vc_column][\/vc_row][vc_row][vc_column][\/vc_column][\/vc_row][vc_row css=\u00bb.vc_custom_1647341613966{padding-right: 18px !important;padding-left: 18px !important;}\u00bb][vc_column][\/vc_column][\/vc_row][vc_row css=\u00bb.vc_custom_1647341624497{padding-right: 18px !important;padding-left: 18px !important;}\u00bb][vc_column width=\u00bb1\/2&#8243;][vc_single_image image=\u00bb1938&#8243; img_size=\u00bbfull\u00bb][\/vc_column][vc_column width=\u00bb1\/2&#8243;][\/vc_column][\/vc_row][vc_row][vc_column][\/vc_column][\/vc_row][vc_row css=\u00bb.vc_custom_1647341624497{padding-right: 18px !important;padding-left: 18px !important;}\u00bb][vc_column][\/vc_column][\/vc_row][vc_row css=\u00bb.vc_custom_1647341624497{padding-right: 18px !important;padding-left: 18px !important;}\u00bb][vc_column width=\u00bb1\/2&#8243;][\/vc_column][vc_column width=\u00bb1\/2&#8243;][\/vc_column][\/vc_row][vc_row][vc_column][\/vc_column][\/vc_row]<\/p>\n","protected":false},"author":1,"featured_media":0,"parent":3766,"menu_order":0,"comment_status":"closed","ping_status":"closed","template":"","meta":{"_acf_changed":false,"footnotes":""},"class_list":["post-3774","page","type-page","status-publish","hentry"],"acf":[],"yoast_head":"<!-- This site is optimized with the Yoast SEO plugin v27.4 - https:\/\/yoast.com\/product\/yoast-seo-wordpress\/ -->\n<title>Spedition Trapp - conocimientos de log\u00edstica<\/title>\n<meta name=\"description\" content=\"Conocimiento de idiomas y tr\u00e1mites, seguridad y compatibilidad con el medio ambiente: todo esto lo tenemos en cuenta a la hora de transportarlo.\" \/>\n<meta name=\"robots\" content=\"index, follow, max-snippet:-1, max-image-preview:large, max-video-preview:-1\" \/>\n<link rel=\"canonical\" href=\"https:\/\/trappsped.at\/es\/quienes-somos\/conocimientos\/\" \/>\n<meta property=\"og:locale\" content=\"es_ES\" \/>\n<meta property=\"og:type\" content=\"article\" \/>\n<meta property=\"og:title\" content=\"Spedition Trapp - conocimientos de log\u00edstica\" \/>\n<meta property=\"og:description\" content=\"Conocimiento de idiomas y tr\u00e1mites, seguridad y compatibilidad con el medio ambiente: todo esto lo tenemos en cuenta a la hora de transportarlo.\" \/>\n<meta property=\"og:url\" content=\"https:\/\/trappsped.at\/es\/quienes-somos\/conocimientos\/\" \/>\n<meta property=\"og:site_name\" content=\"Spedition Trapp\" \/>\n<meta property=\"article:publisher\" content=\"https:\/\/www.facebook.com\/trappsped.at\/\" \/>\n<meta property=\"article:modified_time\" content=\"2022-09-24T13:38:03+00:00\" \/>\n<meta name=\"twitter:card\" content=\"summary_large_image\" \/>\n<meta name=\"twitter:label1\" content=\"Tiempo de lectura\" \/>\n\t<meta name=\"twitter:data1\" content=\"2 minutos\" \/>\n<script type=\"application\/ld+json\" class=\"yoast-schema-graph\">{\"@context\":\"https:\\\/\\\/schema.org\",\"@graph\":[{\"@type\":\"WebPage\",\"@id\":\"https:\\\/\\\/trappsped.at\\\/es\\\/quienes-somos\\\/conocimientos\\\/\",\"url\":\"https:\\\/\\\/trappsped.at\\\/es\\\/quienes-somos\\\/conocimientos\\\/\",\"name\":\"Spedition Trapp - conocimientos de log\u00edstica\",\"isPartOf\":{\"@id\":\"https:\\\/\\\/trappsped.at\\\/#website\"},\"datePublished\":\"2022-03-11T08:39:14+00:00\",\"dateModified\":\"2022-09-24T13:38:03+00:00\",\"description\":\"Conocimiento de idiomas y tr\u00e1mites, seguridad y compatibilidad con el medio ambiente: todo esto lo tenemos en cuenta a la hora de transportarlo.\",\"breadcrumb\":{\"@id\":\"https:\\\/\\\/trappsped.at\\\/es\\\/quienes-somos\\\/conocimientos\\\/#breadcrumb\"},\"inLanguage\":\"es\",\"potentialAction\":[{\"@type\":\"ReadAction\",\"target\":[\"https:\\\/\\\/trappsped.at\\\/es\\\/quienes-somos\\\/conocimientos\\\/\"]}]},{\"@type\":\"BreadcrumbList\",\"@id\":\"https:\\\/\\\/trappsped.at\\\/es\\\/quienes-somos\\\/conocimientos\\\/#breadcrumb\",\"itemListElement\":[{\"@type\":\"ListItem\",\"position\":1,\"name\":\"Home\",\"item\":\"https:\\\/\\\/trappsped.at\\\/es\\\/\"},{\"@type\":\"ListItem\",\"position\":2,\"name\":\"Qui\u00e9nes somos\",\"item\":\"https:\\\/\\\/trappsped.at\\\/es\\\/quienes-somos\\\/\"},{\"@type\":\"ListItem\",\"position\":3,\"name\":\"Conocimientos\"}]},{\"@type\":\"WebSite\",\"@id\":\"https:\\\/\\\/trappsped.at\\\/#website\",\"url\":\"https:\\\/\\\/trappsped.at\\\/\",\"name\":\"Spedition Trapp\",\"description\":\"Logistik der Extraklasse\",\"publisher\":{\"@id\":\"https:\\\/\\\/trappsped.at\\\/#organization\"},\"potentialAction\":[{\"@type\":\"SearchAction\",\"target\":{\"@type\":\"EntryPoint\",\"urlTemplate\":\"https:\\\/\\\/trappsped.at\\\/?s={search_term_string}\"},\"query-input\":{\"@type\":\"PropertyValueSpecification\",\"valueRequired\":true,\"valueName\":\"search_term_string\"}}],\"inLanguage\":\"es\"},{\"@type\":\"Organization\",\"@id\":\"https:\\\/\\\/trappsped.at\\\/#organization\",\"name\":\"Spedition Trapp GmbH\",\"url\":\"https:\\\/\\\/trappsped.at\\\/\",\"logo\":{\"@type\":\"ImageObject\",\"inLanguage\":\"es\",\"@id\":\"https:\\\/\\\/trappsped.at\\\/#\\\/schema\\\/logo\\\/image\\\/\",\"url\":\"https:\\\/\\\/trappsped.at\\\/wp-content\\\/uploads\\\/2022\\\/02\\\/Spedition-Trapp-Logo.svg\",\"contentUrl\":\"https:\\\/\\\/trappsped.at\\\/wp-content\\\/uploads\\\/2022\\\/02\\\/Spedition-Trapp-Logo.svg\",\"width\":1,\"height\":1,\"caption\":\"Spedition Trapp GmbH\"},\"image\":{\"@id\":\"https:\\\/\\\/trappsped.at\\\/#\\\/schema\\\/logo\\\/image\\\/\"},\"sameAs\":[\"https:\\\/\\\/www.facebook.com\\\/trappsped.at\\\/\",\"https:\\\/\\\/www.linkedin.com\\\/company\\\/trapp-spedition-gmbh\\\/\",\"https:\\\/\\\/www.xing.com\\\/pages\\\/trappspeditiongmbh\"]}]}<\/script>\n<!-- \/ Yoast SEO plugin. -->","yoast_head_json":{"title":"Spedition Trapp - conocimientos de log\u00edstica","description":"Conocimiento de idiomas y tr\u00e1mites, seguridad y compatibilidad con el medio ambiente: todo esto lo tenemos en cuenta a la hora de transportarlo.","robots":{"index":"index","follow":"follow","max-snippet":"max-snippet:-1","max-image-preview":"max-image-preview:large","max-video-preview":"max-video-preview:-1"},"canonical":"https:\/\/trappsped.at\/es\/quienes-somos\/conocimientos\/","og_locale":"es_ES","og_type":"article","og_title":"Spedition Trapp - conocimientos de log\u00edstica","og_description":"Conocimiento de idiomas y tr\u00e1mites, seguridad y compatibilidad con el medio ambiente: todo esto lo tenemos en cuenta a la hora de transportarlo.","og_url":"https:\/\/trappsped.at\/es\/quienes-somos\/conocimientos\/","og_site_name":"Spedition Trapp","article_publisher":"https:\/\/www.facebook.com\/trappsped.at\/","article_modified_time":"2022-09-24T13:38:03+00:00","twitter_card":"summary_large_image","twitter_misc":{"Tiempo de lectura":"2 minutos"},"schema":{"@context":"https:\/\/schema.org","@graph":[{"@type":"WebPage","@id":"https:\/\/trappsped.at\/es\/quienes-somos\/conocimientos\/","url":"https:\/\/trappsped.at\/es\/quienes-somos\/conocimientos\/","name":"Spedition Trapp - conocimientos de log\u00edstica","isPartOf":{"@id":"https:\/\/trappsped.at\/#website"},"datePublished":"2022-03-11T08:39:14+00:00","dateModified":"2022-09-24T13:38:03+00:00","description":"Conocimiento de idiomas y tr\u00e1mites, seguridad y compatibilidad con el medio ambiente: todo esto lo tenemos en cuenta a la hora de transportarlo.","breadcrumb":{"@id":"https:\/\/trappsped.at\/es\/quienes-somos\/conocimientos\/#breadcrumb"},"inLanguage":"es","potentialAction":[{"@type":"ReadAction","target":["https:\/\/trappsped.at\/es\/quienes-somos\/conocimientos\/"]}]},{"@type":"BreadcrumbList","@id":"https:\/\/trappsped.at\/es\/quienes-somos\/conocimientos\/#breadcrumb","itemListElement":[{"@type":"ListItem","position":1,"name":"Home","item":"https:\/\/trappsped.at\/es\/"},{"@type":"ListItem","position":2,"name":"Qui\u00e9nes somos","item":"https:\/\/trappsped.at\/es\/quienes-somos\/"},{"@type":"ListItem","position":3,"name":"Conocimientos"}]},{"@type":"WebSite","@id":"https:\/\/trappsped.at\/#website","url":"https:\/\/trappsped.at\/","name":"Spedition Trapp","description":"Logistik der Extraklasse","publisher":{"@id":"https:\/\/trappsped.at\/#organization"},"potentialAction":[{"@type":"SearchAction","target":{"@type":"EntryPoint","urlTemplate":"https:\/\/trappsped.at\/?s={search_term_string}"},"query-input":{"@type":"PropertyValueSpecification","valueRequired":true,"valueName":"search_term_string"}}],"inLanguage":"es"},{"@type":"Organization","@id":"https:\/\/trappsped.at\/#organization","name":"Spedition Trapp GmbH","url":"https:\/\/trappsped.at\/","logo":{"@type":"ImageObject","inLanguage":"es","@id":"https:\/\/trappsped.at\/#\/schema\/logo\/image\/","url":"https:\/\/trappsped.at\/wp-content\/uploads\/2022\/02\/Spedition-Trapp-Logo.svg","contentUrl":"https:\/\/trappsped.at\/wp-content\/uploads\/2022\/02\/Spedition-Trapp-Logo.svg","width":1,"height":1,"caption":"Spedition Trapp GmbH"},"image":{"@id":"https:\/\/trappsped.at\/#\/schema\/logo\/image\/"},"sameAs":["https:\/\/www.facebook.com\/trappsped.at\/","https:\/\/www.linkedin.com\/company\/trapp-spedition-gmbh\/","https:\/\/www.xing.com\/pages\/trappspeditiongmbh"]}]}},"_links":{"self":[{"href":"https:\/\/trappsped.at\/es\/wp-json\/wp\/v2\/pages\/3774","targetHints":{"allow":["GET"]}}],"collection":[{"href":"https:\/\/trappsped.at\/es\/wp-json\/wp\/v2\/pages"}],"about":[{"href":"https:\/\/trappsped.at\/es\/wp-json\/wp\/v2\/types\/page"}],"author":[{"embeddable":true,"href":"https:\/\/trappsped.at\/es\/wp-json\/wp\/v2\/users\/1"}],"replies":[{"embeddable":true,"href":"https:\/\/trappsped.at\/es\/wp-json\/wp\/v2\/comments?post=3774"}],"version-history":[{"count":0,"href":"https:\/\/trappsped.at\/es\/wp-json\/wp\/v2\/pages\/3774\/revisions"}],"up":[{"embeddable":true,"href":"https:\/\/trappsped.at\/es\/wp-json\/wp\/v2\/pages\/3766"}],"wp:attachment":[{"href":"https:\/\/trappsped.at\/es\/wp-json\/wp\/v2\/media?parent=3774"}],"curies":[{"name":"wp","href":"https:\/\/api.w.org\/{rel}","templated":true}]}}