{"id":3824,"date":"2022-02-16T09:54:28","date_gmt":"2022-02-16T09:54:28","guid":{"rendered":"https:\/\/trapp.webartists.at\/proteccion-de-datos\/"},"modified":"2022-09-24T14:38:58","modified_gmt":"2022-09-24T14:38:58","slug":"proteccion-de-datos","status":"publish","type":"page","link":"https:\/\/trappsped.at\/es\/proteccion-de-datos\/","title":{"rendered":"Protecci\u00f3n de datos"},"content":{"rendered":"<p>[vc_row][vc_column]<div id=\"\" class=\"trapp-space trapp-space-63074407569e75657066a8 \"><\/div><style>.trapp-space-63074407569e75657066a8{height:80px;}@media (max-width: 767px){.trapp-space-63074407569e75657066a8{height:30px;}}<\/style>\n    <div id=\"\" class=\"\">\n        <div class=\"content-title wow fadeInUp\" data-wow-delay=\"0.3s\" data-wow-duration=\"0.5s\">\n            <div class=\"maxwidth-50\"><h1>Spedition Trapp &#8211; Pol\u00edtica de privacidad<\/h1>\n<\/div>\n        <\/div>\n    <\/div>[\/vc_column][\/vc_row][vc_row][vc_column]<div id=\"\" class=\"trapp-space trapp-space-68788082669e756570702f \"><\/div><style>.trapp-space-68788082669e756570702f{height:80px;}@media (max-width: 767px){.trapp-space-68788082669e756570702f{height:30px;}}<\/style>[vc_column_text]La presente pol\u00edtica de privacidad tiene por objeto informar a los usuarios de este sitio web sobre la naturaleza, el alcance y la finalidad de la recopilaci\u00f3n y el uso de los datos personales por parte del operador del sitio web TRAPP Spedition GmbH, Schw\u00f6llstra\u00dfe 3, 5211 Lengau, <a href=\"mailto:office@trappsped.at\">office@trappsped.at<\/a>, tel\u00e9fono +43 7746 20582-0.<\/p>\n<p>El operador del sitio web se toma muy en serio la protecci\u00f3n de sus datos y trata sus datos personales de forma confidencial y de acuerdo con la normativa legal. Dado que las nuevas tecnolog\u00edas y el desarrollo constante de este sitio web pueden dar lugar a cambios en esta Pol\u00edtica de privacidad, le recomendamos que la vuelva a leer peri\u00f3dicamente.<\/p>\n<p>Las definiciones de los t\u00e9rminos utilizados (por ejemplo, \u00abdatos personales\u00bb o \u00abtratamiento\u00bb) se encuentran en el art\u00edculo 4 del RGPD.<\/p>\n<p><strong>Datos de acceso<\/strong><\/p>\n<p>Nosotros, el operador del sitio web o el proveedor de la p\u00e1gina, recogemos datos sobre el acceso al sitio web sobre la base de nuestro inter\u00e9s leg\u00edtimo (v\u00e9ase el art\u00edculo 6, apartado 1, letra f del RGPD) y los almacenamos como \u00abarchivos de registro del servidor\u00bb en el servidor del sitio web. Los siguientes datos se registran de esta manera:<\/p>\n<ul>\n<li>Sitio web visitado<\/li>\n<li>Hora en el momento del acceso<\/li>\n<li>Cantidad de datos enviados en bytes<\/li>\n<li>Fuente\/referencia desde la que lleg\u00f3 a la p\u00e1gina<\/li>\n<li>Navegador utilizado<\/li>\n<li>Sistema operativo utilizado<\/li>\n<li>Direcci\u00f3n IP utilizada<\/li>\n<li><\/li>\n<li>Los archivos de registro del servidor se eliminan peri\u00f3dicamente.<\/li>\n<\/ul>\n<p>Los datos se almacenan por razones de seguridad, por ejemplo, para poder esclarecer casos de uso indebido. Si los datos deben conservarse por motivos probatorios, est\u00e1n exentos de ser eliminados hasta que se aclare definitivamente el incidente.<\/p>\n<p><strong>Medici\u00f3n de alcance y cookies<\/strong><\/p>\n<p>Este sitio web utiliza cookies para la medici\u00f3n del alcance seudonimizada, que son transmitidas al navegador del usuario por nuestro servidor o por el de un tercero. Las cookies son peque\u00f1os archivos que se almacenan en su dispositivo. Su navegador accede a estos archivos. El uso de cookies aumenta la facilidad de uso y la seguridad de este sitio web.<\/p>\n<p>Si no desea que se almacenen cookies en su dispositivo con el fin de medir el alcance, puede oponerse a su uso en la configuraci\u00f3n de cookies.<\/p>\n<p>Los navegadores habituales ofrecen la opci\u00f3n de no permitir las cookies. Nota: No se garantiza que pueda acceder a todas las funciones de este sitio web sin restricciones si realiza los ajustes adecuados.<\/p>\n<p><strong>Recopilaci\u00f3n y tratamiento de datos personales<\/strong><\/p>\n<p>El operador del sitio web solo recopila, utiliza y divulga sus datos personales si lo permite la ley o si usted da su consentimiento para la recopilaci\u00f3n de datos.<\/p>\n<p>Los datos personales son cualquier informaci\u00f3n que pueda utilizarse para identificarle y que pueda ser rastreada hasta usted, por ejemplo, su nombre, direcci\u00f3n de correo electr\u00f3nico y n\u00famero de tel\u00e9fono.<\/p>\n<p>Tambi\u00e9n puede visitar este sitio web sin proporcionar ninguna informaci\u00f3n personal. Sin embargo, para mejorar nuestros servicios en l\u00ednea, almacenamos (sin referencia personal) sus datos de acceso a este sitio web. Estos datos de acceso incluyen, por ejemplo, el archivo que ha solicitado o el nombre de su proveedor de Internet. Debido a la anonimizaci\u00f3n de los datos, no es posible sacar conclusiones sobre su persona.<\/p>\n<ul>\n<li>Al enviar los formularios en l\u00ednea (formulario de contacto, pedido de carga), procesamos datos personales como el nombre, la empresa, la direcci\u00f3n de correo electr\u00f3nico, el n\u00famero de tel\u00e9fono, el cargo, la direcci\u00f3n IP y los detalles del contenido del formulario de contacto.<\/li>\n<li>Solo procesamos los datos personales con el permiso expreso de los usuarios afectados y en cumplimiento de la normativa de protecci\u00f3n de datos aplicable.<\/li>\n<li>El tratamiento de los datos personales se basa en nuestro inter\u00e9s leg\u00edtimo en el cumplimiento de nuestros servicios acordados por contrato, la respuesta a su solicitud de contacto, la tramitaci\u00f3n de los pedidos de carga y la optimizaci\u00f3n de nuestra oferta en l\u00ednea.<\/li>\n<\/ul>\n<p><strong>Tratamiento de los datos de contacto<\/strong><\/p>\n<p>Si se pone en contacto con nosotros como operador del sitio web a trav\u00e9s de las opciones de contacto ofrecidas, sus datos se almacenar\u00e1n para que puedan ser utilizados para procesar y responder a su consulta. Estos datos no se transmitir\u00e1n a terceros sin su consentimiento.<\/p>\n<p><strong>Google Analytics<\/strong><\/p>\n<p>Este sitio web utiliza el servicio \u00abGoogle Analytics\u00bb debido a nuestros intereses leg\u00edtimos en la optimizaci\u00f3n y el an\u00e1lisis de nuestra oferta en l\u00ednea en el sentido del art\u00edculo 6, apartado 1, letra f. del RGPD el servicio \u00abGoogle Analytics\u00bb, que es ofrecido por Google Inc. (1600 Amphitheatre Parkway, Mountain View, CA 94043, EE. UU.). El servicio (Google Analytics) utiliza \u00abcookies\u00bb, archivos de texto que se almacenan en su dispositivo. La informaci\u00f3n recopilada por las cookies se suele enviar a un servidor de Google en Estados Unidos y se almacena all\u00ed.<\/p>\n<p>Google LLC cumple con la legislaci\u00f3n europea en materia de protecci\u00f3n de datos y cuenta con la certificaci\u00f3n del acuerdo Privacy Shield:<br \/>\n<a href=\"https:\/\/www.privacyshield.gov\/participant?id=a2zt000000001L5AAI&amp;status=Active\" target=\"_blank\" rel=\"noopener\">https:\/\/www.privacyshield.gov\/participant?id=a2zt000000001L5AAI&amp;status=Active<\/a><\/p>\n<p>En este sitio web se utiliza la anonimizaci\u00f3n de la IP. La direcci\u00f3n IP del usuario se acorta dentro de los estados miembros de la UE y del Espacio Econ\u00f3mico Europeo y en los dem\u00e1s estados contratantes del acuerdo. Solo en casos concretos la direcci\u00f3n IP se transmite inicialmente sin abreviar a un servidor de Google en Estados Unidos y se acorta all\u00ed. Esta abreviaci\u00f3n elimina la referencia personal de su direcci\u00f3n IP. La direcci\u00f3n IP del usuario transmitida por el navegador no se combina con otros datos almacenados por Google.<\/p>\n<p>Seg\u00fan los t\u00e9rminos del acuerdo de intercambio de datos que nosotros, como operador del sitio web, hemos concluido con Google Inc., este \u00faltimo utiliza la informaci\u00f3n recopilada para evaluar el uso del sitio web y la actividad del mismo y proporciona servicios relacionados con el uso de internet.<br \/>\nLos datos recopilados por Google en nuestro nombre se utilizan para evaluar el uso de nuestra oferta en l\u00ednea por parte de usuarios individuales, por ejemplo, para crear informes sobre la actividad del sitio web con el fin de mejorar nuestra oferta en l\u00ednea.<\/p>\n<p>Tiene la opci\u00f3n de evitar que las cookies se almacenen en su dispositivo estableciendo la configuraci\u00f3n adecuada en su navegador. No se garantiza que pueda acceder a todas las funciones de este sitio web sin restricciones si su navegador no permite las cookies.<br \/>\nAdem\u00e1s, puede utilizar un complemento del navegador para evitar que la informaci\u00f3n recopilada por las cookies (incluida su direcci\u00f3n IP) sea enviada a Google Inc. y utilizada por ella. El siguiente enlace le llevar\u00e1 al plugin correspondiente: <a href=\"https:\/\/tools.google.com\/dlpage\/gaoptout?hl=de\" target=\"_blank\" rel=\"noopener\">https:\/\/tools.google.com\/dlpage\/gaoptout?hl=de<\/a><\/p>\n<p>Tambi\u00e9n puede utilizar la configuraci\u00f3n de las cookies para evitar que Google Analytics recopile datos sobre usted en este sitio web.<\/p>\n<p>Aqu\u00ed puede encontrar m\u00e1s informaci\u00f3n sobre el uso de datos por parte de Google Inc:<\/p>\n<p>\u2022 <a href=\"https:\/\/policies.google.com\/privacy\/partners?hl=de\" target=\"_blank\" rel=\"noopener\">https:\/\/policies.google.com\/privacy\/partners?hl=de<\/a> (datos recopilados por los socios de Google)<br \/>\n\u2022 <a href=\"https:\/\/adssettings.google.de\/authenticated\" target=\"_blank\" rel=\"noopener\">https:\/\/adssettings.google.de\/authenticated<\/a> (configuraci\u00f3n de la publicidad que se le muestra)<br \/>\n\u2022 <a href=\"https:\/\/policies.google.com\/technologies\/ads?hl=de\" target=\"_blank\" rel=\"noopener\">https:\/\/policies.google.com\/technologies\/ads?hl=de<\/a> (uso de cookies en los anuncios)<\/p>\n<p><strong>Derechos del usuario<\/strong><\/p>\n<p>Como usuario, tiene derecho a solicitar informaci\u00f3n gratuita sobre los datos personales que se han almacenado sobre usted. Tambi\u00e9n tiene derecho a que se corrijan los datos inexactos y a que se restrinja o elimine el tratamiento de sus datos personales. Si procede, tambi\u00e9n puede ejercer su derecho a la portabilidad de los datos. Si cree que sus datos han sido procesados de forma ilegal, puede presentar una reclamaci\u00f3n ante la autoridad de control competente.<\/p>\n<p><strong>Eliminaci\u00f3n de datos<\/strong><\/p>\n<p>A menos que su solicitud entre en conflicto con una obligaci\u00f3n legal de conservar los datos (por ejemplo, la retenci\u00f3n de datos), usted tiene derecho a que se eliminen sus datos. Los datos almacenados por nosotros se eliminar\u00e1n cuando ya no sean necesarios para los fines previstos y no existan plazos legales de conservaci\u00f3n. Si la eliminaci\u00f3n no puede llevarse a cabo porque los datos son necesarios para fines legales permitidos, se restringe el tratamiento de datos. En este caso, los datos ser\u00e1n bloqueados y no ser\u00e1n procesados para otros fines.<\/p>\n<p><strong>Derecho de oposici\u00f3n<\/strong><\/p>\n<p>Los usuarios de este sitio web pueden ejercer su derecho a oponerse al tratamiento de sus datos personales en cualquier momento.<\/p>\n<p>Si desea que se corrijan, bloqueen o supriman sus datos personales o se le informe sobre los datos personales almacenados sobre usted, o si tiene alguna pregunta sobre la recopilaci\u00f3n, el tratamiento o el uso de sus datos personales, o si desea revocar cualquier consentimiento que haya dado, p\u00f3ngase en contacto con nosotros en la siguiente direcci\u00f3n de correo electr\u00f3nico: <a href=\"mailto:office@trappsped.at\">office@trappsped.at<\/a>.[\/vc_column_text][\/vc_column][\/vc_row]<\/p>\n","protected":false},"excerpt":{"rendered":"<p>[vc_row][vc_column][\/vc_column][\/vc_row][vc_row][vc_column][vc_column_text]La presente pol\u00edtica de privacidad tiene por objeto informar a los usuarios de este sitio web sobre la naturaleza, el alcance y la finalidad de la recopilaci\u00f3n y el uso de los datos personales por parte del operador del sitio web TRAPP Spedition GmbH, Schw\u00f6llstra\u00dfe 3, 5211 Lengau, office@trappsped.at, tel\u00e9fono&#8230;<\/p>\n","protected":false},"author":1,"featured_media":0,"parent":0,"menu_order":0,"comment_status":"closed","ping_status":"closed","template":"","meta":{"_acf_changed":false,"footnotes":""},"class_list":["post-3824","page","type-page","status-publish","hentry"],"acf":[],"yoast_head":"<!-- This site is optimized with the Yoast SEO plugin v27.4 - https:\/\/yoast.com\/product\/yoast-seo-wordpress\/ -->\n<title>Spedition Trapp - Pol\u00edtica de privacidad<\/title>\n<meta name=\"description\" content=\"Esta declaraci\u00f3n proporciona informaci\u00f3n sobre el tipo, el alcance y el prop\u00f3sito de la recopilaci\u00f3n y el uso de datos personales\" \/>\n<meta name=\"robots\" content=\"index, follow, max-snippet:-1, max-image-preview:large, max-video-preview:-1\" \/>\n<link rel=\"canonical\" href=\"https:\/\/trappsped.at\/es\/proteccion-de-datos\/\" \/>\n<meta property=\"og:locale\" content=\"es_ES\" \/>\n<meta property=\"og:type\" content=\"article\" \/>\n<meta property=\"og:title\" content=\"Spedition Trapp - Pol\u00edtica de privacidad\" \/>\n<meta property=\"og:description\" content=\"Esta declaraci\u00f3n proporciona informaci\u00f3n sobre el tipo, el alcance y el prop\u00f3sito de la recopilaci\u00f3n y el uso de datos personales\" \/>\n<meta property=\"og:url\" content=\"https:\/\/trappsped.at\/es\/proteccion-de-datos\/\" \/>\n<meta property=\"og:site_name\" content=\"Spedition Trapp\" \/>\n<meta property=\"article:publisher\" content=\"https:\/\/www.facebook.com\/trappsped.at\/\" \/>\n<meta property=\"article:modified_time\" content=\"2022-09-24T14:38:58+00:00\" \/>\n<meta name=\"twitter:card\" content=\"summary_large_image\" \/>\n<meta name=\"twitter:label1\" content=\"Tiempo de lectura\" \/>\n\t<meta name=\"twitter:data1\" content=\"7 minutos\" \/>\n<script type=\"application\/ld+json\" class=\"yoast-schema-graph\">{\"@context\":\"https:\\\/\\\/schema.org\",\"@graph\":[{\"@type\":\"WebPage\",\"@id\":\"https:\\\/\\\/trappsped.at\\\/es\\\/proteccion-de-datos\\\/\",\"url\":\"https:\\\/\\\/trappsped.at\\\/es\\\/proteccion-de-datos\\\/\",\"name\":\"Spedition Trapp - Pol\u00edtica de privacidad\",\"isPartOf\":{\"@id\":\"https:\\\/\\\/trappsped.at\\\/#website\"},\"datePublished\":\"2022-02-16T09:54:28+00:00\",\"dateModified\":\"2022-09-24T14:38:58+00:00\",\"description\":\"Esta declaraci\u00f3n proporciona informaci\u00f3n sobre el tipo, el alcance y el prop\u00f3sito de la recopilaci\u00f3n y el uso de datos personales\",\"breadcrumb\":{\"@id\":\"https:\\\/\\\/trappsped.at\\\/es\\\/proteccion-de-datos\\\/#breadcrumb\"},\"inLanguage\":\"es\",\"potentialAction\":[{\"@type\":\"ReadAction\",\"target\":[\"https:\\\/\\\/trappsped.at\\\/es\\\/proteccion-de-datos\\\/\"]}]},{\"@type\":\"BreadcrumbList\",\"@id\":\"https:\\\/\\\/trappsped.at\\\/es\\\/proteccion-de-datos\\\/#breadcrumb\",\"itemListElement\":[{\"@type\":\"ListItem\",\"position\":1,\"name\":\"Home\",\"item\":\"https:\\\/\\\/trappsped.at\\\/es\\\/\"},{\"@type\":\"ListItem\",\"position\":2,\"name\":\"Protecci\u00f3n de datos\"}]},{\"@type\":\"WebSite\",\"@id\":\"https:\\\/\\\/trappsped.at\\\/#website\",\"url\":\"https:\\\/\\\/trappsped.at\\\/\",\"name\":\"Spedition Trapp\",\"description\":\"Logistik der Extraklasse\",\"publisher\":{\"@id\":\"https:\\\/\\\/trappsped.at\\\/#organization\"},\"potentialAction\":[{\"@type\":\"SearchAction\",\"target\":{\"@type\":\"EntryPoint\",\"urlTemplate\":\"https:\\\/\\\/trappsped.at\\\/?s={search_term_string}\"},\"query-input\":{\"@type\":\"PropertyValueSpecification\",\"valueRequired\":true,\"valueName\":\"search_term_string\"}}],\"inLanguage\":\"es\"},{\"@type\":\"Organization\",\"@id\":\"https:\\\/\\\/trappsped.at\\\/#organization\",\"name\":\"Spedition Trapp GmbH\",\"url\":\"https:\\\/\\\/trappsped.at\\\/\",\"logo\":{\"@type\":\"ImageObject\",\"inLanguage\":\"es\",\"@id\":\"https:\\\/\\\/trappsped.at\\\/#\\\/schema\\\/logo\\\/image\\\/\",\"url\":\"https:\\\/\\\/trappsped.at\\\/wp-content\\\/uploads\\\/2022\\\/02\\\/Spedition-Trapp-Logo.svg\",\"contentUrl\":\"https:\\\/\\\/trappsped.at\\\/wp-content\\\/uploads\\\/2022\\\/02\\\/Spedition-Trapp-Logo.svg\",\"width\":1,\"height\":1,\"caption\":\"Spedition Trapp GmbH\"},\"image\":{\"@id\":\"https:\\\/\\\/trappsped.at\\\/#\\\/schema\\\/logo\\\/image\\\/\"},\"sameAs\":[\"https:\\\/\\\/www.facebook.com\\\/trappsped.at\\\/\",\"https:\\\/\\\/www.linkedin.com\\\/company\\\/trapp-spedition-gmbh\\\/\",\"https:\\\/\\\/www.xing.com\\\/pages\\\/trappspeditiongmbh\"]}]}<\/script>\n<!-- \/ Yoast SEO plugin. -->","yoast_head_json":{"title":"Spedition Trapp - Pol\u00edtica de privacidad","description":"Esta declaraci\u00f3n proporciona informaci\u00f3n sobre el tipo, el alcance y el prop\u00f3sito de la recopilaci\u00f3n y el uso de datos personales","robots":{"index":"index","follow":"follow","max-snippet":"max-snippet:-1","max-image-preview":"max-image-preview:large","max-video-preview":"max-video-preview:-1"},"canonical":"https:\/\/trappsped.at\/es\/proteccion-de-datos\/","og_locale":"es_ES","og_type":"article","og_title":"Spedition Trapp - Pol\u00edtica de privacidad","og_description":"Esta declaraci\u00f3n proporciona informaci\u00f3n sobre el tipo, el alcance y el prop\u00f3sito de la recopilaci\u00f3n y el uso de datos personales","og_url":"https:\/\/trappsped.at\/es\/proteccion-de-datos\/","og_site_name":"Spedition Trapp","article_publisher":"https:\/\/www.facebook.com\/trappsped.at\/","article_modified_time":"2022-09-24T14:38:58+00:00","twitter_card":"summary_large_image","twitter_misc":{"Tiempo de lectura":"7 minutos"},"schema":{"@context":"https:\/\/schema.org","@graph":[{"@type":"WebPage","@id":"https:\/\/trappsped.at\/es\/proteccion-de-datos\/","url":"https:\/\/trappsped.at\/es\/proteccion-de-datos\/","name":"Spedition Trapp - Pol\u00edtica de privacidad","isPartOf":{"@id":"https:\/\/trappsped.at\/#website"},"datePublished":"2022-02-16T09:54:28+00:00","dateModified":"2022-09-24T14:38:58+00:00","description":"Esta declaraci\u00f3n proporciona informaci\u00f3n sobre el tipo, el alcance y el prop\u00f3sito de la recopilaci\u00f3n y el uso de datos personales","breadcrumb":{"@id":"https:\/\/trappsped.at\/es\/proteccion-de-datos\/#breadcrumb"},"inLanguage":"es","potentialAction":[{"@type":"ReadAction","target":["https:\/\/trappsped.at\/es\/proteccion-de-datos\/"]}]},{"@type":"BreadcrumbList","@id":"https:\/\/trappsped.at\/es\/proteccion-de-datos\/#breadcrumb","itemListElement":[{"@type":"ListItem","position":1,"name":"Home","item":"https:\/\/trappsped.at\/es\/"},{"@type":"ListItem","position":2,"name":"Protecci\u00f3n de datos"}]},{"@type":"WebSite","@id":"https:\/\/trappsped.at\/#website","url":"https:\/\/trappsped.at\/","name":"Spedition Trapp","description":"Logistik der Extraklasse","publisher":{"@id":"https:\/\/trappsped.at\/#organization"},"potentialAction":[{"@type":"SearchAction","target":{"@type":"EntryPoint","urlTemplate":"https:\/\/trappsped.at\/?s={search_term_string}"},"query-input":{"@type":"PropertyValueSpecification","valueRequired":true,"valueName":"search_term_string"}}],"inLanguage":"es"},{"@type":"Organization","@id":"https:\/\/trappsped.at\/#organization","name":"Spedition Trapp GmbH","url":"https:\/\/trappsped.at\/","logo":{"@type":"ImageObject","inLanguage":"es","@id":"https:\/\/trappsped.at\/#\/schema\/logo\/image\/","url":"https:\/\/trappsped.at\/wp-content\/uploads\/2022\/02\/Spedition-Trapp-Logo.svg","contentUrl":"https:\/\/trappsped.at\/wp-content\/uploads\/2022\/02\/Spedition-Trapp-Logo.svg","width":1,"height":1,"caption":"Spedition Trapp GmbH"},"image":{"@id":"https:\/\/trappsped.at\/#\/schema\/logo\/image\/"},"sameAs":["https:\/\/www.facebook.com\/trappsped.at\/","https:\/\/www.linkedin.com\/company\/trapp-spedition-gmbh\/","https:\/\/www.xing.com\/pages\/trappspeditiongmbh"]}]}},"_links":{"self":[{"href":"https:\/\/trappsped.at\/es\/wp-json\/wp\/v2\/pages\/3824","targetHints":{"allow":["GET"]}}],"collection":[{"href":"https:\/\/trappsped.at\/es\/wp-json\/wp\/v2\/pages"}],"about":[{"href":"https:\/\/trappsped.at\/es\/wp-json\/wp\/v2\/types\/page"}],"author":[{"embeddable":true,"href":"https:\/\/trappsped.at\/es\/wp-json\/wp\/v2\/users\/1"}],"replies":[{"embeddable":true,"href":"https:\/\/trappsped.at\/es\/wp-json\/wp\/v2\/comments?post=3824"}],"version-history":[{"count":0,"href":"https:\/\/trappsped.at\/es\/wp-json\/wp\/v2\/pages\/3824\/revisions"}],"wp:attachment":[{"href":"https:\/\/trappsped.at\/es\/wp-json\/wp\/v2\/media?parent=3824"}],"curies":[{"name":"wp","href":"https:\/\/api.w.org\/{rel}","templated":true}]}}