{"id":4418,"date":"2022-10-05T13:52:29","date_gmt":"2022-10-05T13:52:29","guid":{"rendered":"https:\/\/trappsped.at\/?page_id=4418"},"modified":"2023-06-28T08:44:46","modified_gmt":"2023-06-28T08:44:46","slug":"certificado-de-credito","status":"publish","type":"page","link":"https:\/\/trappsped.at\/es\/certificado-de-credito\/","title":{"rendered":"Certificado de cr\u00e9dito"},"content":{"rendered":"<p>[vc_row][vc_column]<div id=\"\" class=\"trapp-space trapp-space-91751390169e0334b53043 \"><\/div><style>.trapp-space-91751390169e0334b53043{height:80px;}@media (max-width: 767px){.trapp-space-91751390169e0334b53043{height:30px;}}<\/style>\n    <div id=\"\" class=\"\">\n        <div class=\"content-title wow fadeInUp\" data-wow-delay=\"0.3s\" data-wow-duration=\"0.5s\">\n            <div class=\"maxwidth-50\"><h1>Creditreform<br \/>\n<strong>Certificado de cr\u00e9dito<\/strong><\/h1>\n<\/div>\n        <\/div>\n    <\/div>[\/vc_column][\/vc_row][vc_row][vc_column]<div id=\"\" class=\"trapp-space trapp-space-172334926769e0334b5391f \"><\/div><style>.trapp-space-172334926769e0334b5391f{height:80px;}@media (max-width: 767px){.trapp-space-172334926769e0334b5391f{height:30px;}}<\/style>[vc_column_text]Here you will find our Creditreform creditworthiness certificate.[\/vc_column_text][\/vc_column][\/vc_row][vc_row][vc_column width=\u00bb1\/3&#8243;][vc_raw_html]JTNDYSUyMGhyZWYlM0QlMjJodHRwcyUzQSUyRiUyRnplcnRpZmlrYXQuY3JlZGl0cmVmb3JtLmF0JTJGYW56ZWlnZV8yMDIxLnBocCUzRmNvZGUlM0RhV3FacTRYNG8zbkVoRmcxWnFYNjVWNHpuZ1RLQzlOZyUyNmhlaWdodCUzRDAlMjIlMjB0YXJnZXQlM0QlMjJfYmxhbmslMjIlMjByZWwlM0QlMjJub29wZW5lciUyMiUzRSUwQSUzQ2ltZyUyMHNyYyUzRCUyMmh0dHBzJTNBJTJGJTJGemVydGlmaWthdC5jcmVkaXRyZWZvcm0uYXQlMkZhbnplaWdlXzIwMjEucGhwJTNGY29kZSUzRGFXcVpxNFg0bzNuRWhGZzFacVg2NVY0em5nVEtDOU5nJTI2aGVpZ2h0JTNEMTAwMCUyMiUyMGhlaWdodCUzRCUyMjUwMHB4JTIyJTIwYWx0JTNEJTIyU3BlZGl0aW9uJTIwVHJhcHAlMjBDZXJ0aWZpY2FkbyUyMGRlJTIwY3IlQzMlQTlkaXRvJTIyJTNFJTNDJTJGYSUzRQ==[\/vc_raw_html][\/vc_column][vc_column width=\u00bb1\/3&#8243;][vc_raw_html]JTNDYSUyMGhyZWYlM0QlMjIlMkZ3cC1jb250ZW50JTJGdXBsb2FkcyUyRjIwMjIlMkYxMCUyRnRyYXBwX3dpcnRzY2hhZnRzYXVza3VuZnQucG5nJTIyJTIwdGFyZ2V0JTNEJTIyX2JsYW5rJTIyJTIwcmVsJTNEJTIybm9vcGVuZXIlMjIlM0UlMEElM0NpbWclMjBzcmMlM0QlMjIlMkZ3cC1jb250ZW50JTJGdXBsb2FkcyUyRjIwMjIlMkYxMCUyRnRyYXBwX3dpcnRzY2hhZnRzYXVza3VuZnQucG5nJTIyJTIwaGVpZ2h0JTNEJTIyNTAwcHglMjIlMjBhbHQlM0QlMjJTcGVkaXRpb24lMjBUcmFwcCUyMHJlcG9ydGUlMjBkZSUyMGNyJUMzJUE5ZGl0byUyMiUzRSUzQyUyRmElM0U=[\/vc_raw_html][\/vc_column][vc_column width=\u00bb1\/3&#8243;][\/vc_column][\/vc_row][vc_row full_width=\u00bbstretch_row_content_no_spaces\u00bb][vc_column]<div id=\"\" class=\"trapp-space trapp-space-107638689769e0334b53945 \"><\/div><style>.trapp-space-107638689769e0334b53945{height:70px;}@media (max-width: 1200px){.trapp-space-107638689769e0334b53945{height:60px;}}@media (max-width: 767px){.trapp-space-107638689769e0334b53945{height:50px;}}<\/style>[\/vc_column][\/vc_row]<\/p>\n","protected":false},"excerpt":{"rendered":"<p>[vc_row][vc_column][\/vc_column][\/vc_row][vc_row][vc_column][vc_column_text]Here you will find our Creditreform creditworthiness certificate.[\/vc_column_text][\/vc_column][\/vc_row][vc_row][vc_column width=\u00bb1\/3&#8243;][vc_raw_html]JTNDYSUyMGhyZWYlM0QlMjJodHRwcyUzQSUyRiUyRnplcnRpZmlrYXQuY3JlZGl0cmVmb3JtLmF0JTJGYW56ZWlnZV8yMDIxLnBocCUzRmNvZGUlM0RhV3FacTRYNG8zbkVoRmcxWnFYNjVWNHpuZ1RLQzlOZyUyNmhlaWdodCUzRDAlMjIlMjB0YXJnZXQlM0QlMjJfYmxhbmslMjIlMjByZWwlM0QlMjJub29wZW5lciUyMiUzRSUwQSUzQ2ltZyUyMHNyYyUzRCUyMmh0dHBzJTNBJTJGJTJGemVydGlmaWthdC5jcmVkaXRyZWZvcm0uYXQlMkZhbnplaWdlXzIwMjEucGhwJTNGY29kZSUzRGFXcVpxNFg0bzNuRWhGZzFacVg2NVY0em5nVEtDOU5nJTI2aGVpZ2h0JTNEMTAwMCUyMiUyMGhlaWdodCUzRCUyMjUwMHB4JTIyJTIwYWx0JTNEJTIyU3BlZGl0aW9uJTIwVHJhcHAlMjBDZXJ0aWZpY2FkbyUyMGRlJTIwY3IlQzMlQTlkaXRvJTIyJTNFJTNDJTJGYSUzRQ==[\/vc_raw_html][\/vc_column][vc_column width=\u00bb1\/3&#8243;][vc_raw_html]JTNDYSUyMGhyZWYlM0QlMjIlMkZ3cC1jb250ZW50JTJGdXBsb2FkcyUyRjIwMjIlMkYxMCUyRnRyYXBwX3dpcnRzY2hhZnRzYXVza3VuZnQucG5nJTIyJTIwdGFyZ2V0JTNEJTIyX2JsYW5rJTIyJTIwcmVsJTNEJTIybm9vcGVuZXIlMjIlM0UlMEElM0NpbWclMjBzcmMlM0QlMjIlMkZ3cC1jb250ZW50JTJGdXBsb2FkcyUyRjIwMjIlMkYxMCUyRnRyYXBwX3dpcnRzY2hhZnRzYXVza3VuZnQucG5nJTIyJTIwaGVpZ2h0JTNEJTIyNTAwcHglMjIlMjBhbHQlM0QlMjJTcGVkaXRpb24lMjBUcmFwcCUyMHJlcG9ydGUlMjBkZSUyMGNyJUMzJUE5ZGl0byUyMiUzRSUzQyUyRmElM0U=[\/vc_raw_html][\/vc_column][vc_column width=\u00bb1\/3&#8243;][\/vc_column][\/vc_row][vc_row full_width=\u00bbstretch_row_content_no_spaces\u00bb][vc_column][\/vc_column][\/vc_row]<\/p>\n","protected":false},"author":1,"featured_media":0,"parent":0,"menu_order":0,"comment_status":"closed","ping_status":"closed","template":"","meta":{"_acf_changed":false,"footnotes":""},"class_list":["post-4418","page","type-page","status-publish","hentry"],"acf":[],"yoast_head":"<!-- This site is optimized with the Yoast SEO plugin v27.4 - https:\/\/yoast.com\/product\/yoast-seo-wordpress\/ -->\n<title>Spedition Trapp - Certificado de solvencia Creditreform<\/title>\n<meta name=\"description\" content=\"El desempe\u00f1o econ\u00f3mico es importante para una cooperaci\u00f3n confiable: puede encontrar nuestro certificado de solvencia aqu\u00ed.\" \/>\n<meta name=\"robots\" content=\"index, follow, max-snippet:-1, max-image-preview:large, max-video-preview:-1\" \/>\n<link rel=\"canonical\" href=\"https:\/\/trappsped.at\/es\/certificado-de-credito\/\" \/>\n<meta property=\"og:locale\" content=\"es_ES\" \/>\n<meta property=\"og:type\" content=\"article\" \/>\n<meta property=\"og:title\" content=\"Spedition Trapp - Certificado de solvencia Creditreform\" \/>\n<meta property=\"og:description\" content=\"El desempe\u00f1o econ\u00f3mico es importante para una cooperaci\u00f3n confiable: puede encontrar nuestro certificado de solvencia aqu\u00ed.\" \/>\n<meta property=\"og:url\" content=\"https:\/\/trappsped.at\/es\/certificado-de-credito\/\" \/>\n<meta property=\"og:site_name\" content=\"Spedition Trapp\" \/>\n<meta property=\"article:publisher\" content=\"https:\/\/www.facebook.com\/trappsped.at\/\" \/>\n<meta property=\"article:modified_time\" content=\"2023-06-28T08:44:46+00:00\" \/>\n<meta name=\"twitter:card\" content=\"summary_large_image\" \/>\n<meta name=\"twitter:label1\" content=\"Tiempo de lectura\" \/>\n\t<meta name=\"twitter:data1\" content=\"1 minuto\" \/>\n<script type=\"application\/ld+json\" class=\"yoast-schema-graph\">{\"@context\":\"https:\\\/\\\/schema.org\",\"@graph\":[{\"@type\":\"WebPage\",\"@id\":\"https:\\\/\\\/trappsped.at\\\/es\\\/certificado-de-credito\\\/\",\"url\":\"https:\\\/\\\/trappsped.at\\\/es\\\/certificado-de-credito\\\/\",\"name\":\"Spedition Trapp - Certificado de solvencia Creditreform\",\"isPartOf\":{\"@id\":\"https:\\\/\\\/trappsped.at\\\/#website\"},\"datePublished\":\"2022-10-05T13:52:29+00:00\",\"dateModified\":\"2023-06-28T08:44:46+00:00\",\"description\":\"El desempe\u00f1o econ\u00f3mico es importante para una cooperaci\u00f3n confiable: puede encontrar nuestro certificado de solvencia aqu\u00ed.\",\"breadcrumb\":{\"@id\":\"https:\\\/\\\/trappsped.at\\\/es\\\/certificado-de-credito\\\/#breadcrumb\"},\"inLanguage\":\"es\",\"potentialAction\":[{\"@type\":\"ReadAction\",\"target\":[\"https:\\\/\\\/trappsped.at\\\/es\\\/certificado-de-credito\\\/\"]}]},{\"@type\":\"BreadcrumbList\",\"@id\":\"https:\\\/\\\/trappsped.at\\\/es\\\/certificado-de-credito\\\/#breadcrumb\",\"itemListElement\":[{\"@type\":\"ListItem\",\"position\":1,\"name\":\"Home\",\"item\":\"https:\\\/\\\/trappsped.at\\\/es\\\/\"},{\"@type\":\"ListItem\",\"position\":2,\"name\":\"Certificado de cr\u00e9dito\"}]},{\"@type\":\"WebSite\",\"@id\":\"https:\\\/\\\/trappsped.at\\\/#website\",\"url\":\"https:\\\/\\\/trappsped.at\\\/\",\"name\":\"Spedition Trapp\",\"description\":\"Logistik der Extraklasse\",\"publisher\":{\"@id\":\"https:\\\/\\\/trappsped.at\\\/#organization\"},\"potentialAction\":[{\"@type\":\"SearchAction\",\"target\":{\"@type\":\"EntryPoint\",\"urlTemplate\":\"https:\\\/\\\/trappsped.at\\\/?s={search_term_string}\"},\"query-input\":{\"@type\":\"PropertyValueSpecification\",\"valueRequired\":true,\"valueName\":\"search_term_string\"}}],\"inLanguage\":\"es\"},{\"@type\":\"Organization\",\"@id\":\"https:\\\/\\\/trappsped.at\\\/#organization\",\"name\":\"Spedition Trapp GmbH\",\"url\":\"https:\\\/\\\/trappsped.at\\\/\",\"logo\":{\"@type\":\"ImageObject\",\"inLanguage\":\"es\",\"@id\":\"https:\\\/\\\/trappsped.at\\\/#\\\/schema\\\/logo\\\/image\\\/\",\"url\":\"https:\\\/\\\/trappsped.at\\\/wp-content\\\/uploads\\\/2022\\\/02\\\/Spedition-Trapp-Logo.svg\",\"contentUrl\":\"https:\\\/\\\/trappsped.at\\\/wp-content\\\/uploads\\\/2022\\\/02\\\/Spedition-Trapp-Logo.svg\",\"width\":1,\"height\":1,\"caption\":\"Spedition Trapp GmbH\"},\"image\":{\"@id\":\"https:\\\/\\\/trappsped.at\\\/#\\\/schema\\\/logo\\\/image\\\/\"},\"sameAs\":[\"https:\\\/\\\/www.facebook.com\\\/trappsped.at\\\/\",\"https:\\\/\\\/www.linkedin.com\\\/company\\\/trapp-spedition-gmbh\\\/\",\"https:\\\/\\\/www.xing.com\\\/pages\\\/trappspeditiongmbh\"]}]}<\/script>\n<!-- \/ Yoast SEO plugin. -->","yoast_head_json":{"title":"Spedition Trapp - Certificado de solvencia Creditreform","description":"El desempe\u00f1o econ\u00f3mico es importante para una cooperaci\u00f3n confiable: puede encontrar nuestro certificado de solvencia aqu\u00ed.","robots":{"index":"index","follow":"follow","max-snippet":"max-snippet:-1","max-image-preview":"max-image-preview:large","max-video-preview":"max-video-preview:-1"},"canonical":"https:\/\/trappsped.at\/es\/certificado-de-credito\/","og_locale":"es_ES","og_type":"article","og_title":"Spedition Trapp - Certificado de solvencia Creditreform","og_description":"El desempe\u00f1o econ\u00f3mico es importante para una cooperaci\u00f3n confiable: puede encontrar nuestro certificado de solvencia aqu\u00ed.","og_url":"https:\/\/trappsped.at\/es\/certificado-de-credito\/","og_site_name":"Spedition Trapp","article_publisher":"https:\/\/www.facebook.com\/trappsped.at\/","article_modified_time":"2023-06-28T08:44:46+00:00","twitter_card":"summary_large_image","twitter_misc":{"Tiempo de lectura":"1 minuto"},"schema":{"@context":"https:\/\/schema.org","@graph":[{"@type":"WebPage","@id":"https:\/\/trappsped.at\/es\/certificado-de-credito\/","url":"https:\/\/trappsped.at\/es\/certificado-de-credito\/","name":"Spedition Trapp - Certificado de solvencia Creditreform","isPartOf":{"@id":"https:\/\/trappsped.at\/#website"},"datePublished":"2022-10-05T13:52:29+00:00","dateModified":"2023-06-28T08:44:46+00:00","description":"El desempe\u00f1o econ\u00f3mico es importante para una cooperaci\u00f3n confiable: puede encontrar nuestro certificado de solvencia aqu\u00ed.","breadcrumb":{"@id":"https:\/\/trappsped.at\/es\/certificado-de-credito\/#breadcrumb"},"inLanguage":"es","potentialAction":[{"@type":"ReadAction","target":["https:\/\/trappsped.at\/es\/certificado-de-credito\/"]}]},{"@type":"BreadcrumbList","@id":"https:\/\/trappsped.at\/es\/certificado-de-credito\/#breadcrumb","itemListElement":[{"@type":"ListItem","position":1,"name":"Home","item":"https:\/\/trappsped.at\/es\/"},{"@type":"ListItem","position":2,"name":"Certificado de cr\u00e9dito"}]},{"@type":"WebSite","@id":"https:\/\/trappsped.at\/#website","url":"https:\/\/trappsped.at\/","name":"Spedition Trapp","description":"Logistik der Extraklasse","publisher":{"@id":"https:\/\/trappsped.at\/#organization"},"potentialAction":[{"@type":"SearchAction","target":{"@type":"EntryPoint","urlTemplate":"https:\/\/trappsped.at\/?s={search_term_string}"},"query-input":{"@type":"PropertyValueSpecification","valueRequired":true,"valueName":"search_term_string"}}],"inLanguage":"es"},{"@type":"Organization","@id":"https:\/\/trappsped.at\/#organization","name":"Spedition Trapp GmbH","url":"https:\/\/trappsped.at\/","logo":{"@type":"ImageObject","inLanguage":"es","@id":"https:\/\/trappsped.at\/#\/schema\/logo\/image\/","url":"https:\/\/trappsped.at\/wp-content\/uploads\/2022\/02\/Spedition-Trapp-Logo.svg","contentUrl":"https:\/\/trappsped.at\/wp-content\/uploads\/2022\/02\/Spedition-Trapp-Logo.svg","width":1,"height":1,"caption":"Spedition Trapp GmbH"},"image":{"@id":"https:\/\/trappsped.at\/#\/schema\/logo\/image\/"},"sameAs":["https:\/\/www.facebook.com\/trappsped.at\/","https:\/\/www.linkedin.com\/company\/trapp-spedition-gmbh\/","https:\/\/www.xing.com\/pages\/trappspeditiongmbh"]}]}},"_links":{"self":[{"href":"https:\/\/trappsped.at\/es\/wp-json\/wp\/v2\/pages\/4418","targetHints":{"allow":["GET"]}}],"collection":[{"href":"https:\/\/trappsped.at\/es\/wp-json\/wp\/v2\/pages"}],"about":[{"href":"https:\/\/trappsped.at\/es\/wp-json\/wp\/v2\/types\/page"}],"author":[{"embeddable":true,"href":"https:\/\/trappsped.at\/es\/wp-json\/wp\/v2\/users\/1"}],"replies":[{"embeddable":true,"href":"https:\/\/trappsped.at\/es\/wp-json\/wp\/v2\/comments?post=4418"}],"version-history":[{"count":2,"href":"https:\/\/trappsped.at\/es\/wp-json\/wp\/v2\/pages\/4418\/revisions"}],"predecessor-version":[{"id":7106,"href":"https:\/\/trappsped.at\/es\/wp-json\/wp\/v2\/pages\/4418\/revisions\/7106"}],"wp:attachment":[{"href":"https:\/\/trappsped.at\/es\/wp-json\/wp\/v2\/media?parent=4418"}],"curies":[{"name":"wp","href":"https:\/\/api.w.org\/{rel}","templated":true}]}}