{"id":6652,"date":"2022-11-25T13:01:02","date_gmt":"2022-11-25T13:01:02","guid":{"rendered":"https:\/\/trappsped.at\/?page_id=6652"},"modified":"2023-06-28T08:32:15","modified_gmt":"2023-06-28T08:32:15","slug":"transporte-de-maquinas-de-impresion","status":"publish","type":"page","link":"https:\/\/trappsped.at\/es\/sectores\/transporte-de-maquinas-de-impresion\/","title":{"rendered":"Transporte de m\u00e1quinas de impresi\u00f3n"},"content":{"rendered":"<p>[vc_row full_width=\u00bbstretch_row_content_no_spaces\u00bb][vc_column]\r\n    <section id=\"\" class=\"hero-banner banner-bg \" data-background=\"https:\/\/trappsped.at\/wp-content\/uploads\/2022\/11\/Spedition_Trapp_Transport_Druckmaschinen.jpg\">\r\n        <div class=\"hero-banner-caption\">\r\n            <div class=\"container\">\r\n                <div class=\"hero-banner-info wow fadeInUp\" data-wow-delay=\"0.3s\" data-wow-duration=\"0.5s\">                        <h1>Servicios profesionales de transporte, montaje e instalaci\u00f3n.<\/h1><p>Trasl\u00e1dese de forma segura con el transporte de m\u00e1quinas de impresi\u00f3n<\/p>\n                <\/div>\r\n            <\/div>\r\n        <\/div>\r\n    <\/section>\r\n    <section class=\"content-part pv-0\">\r\n        <div class=\"container\">\r\n            <div class=\"content-row grid-33 wow fadeInUp\" data-wow-delay=\"0.3s\" data-wow-duration=\"0.5s\">\r\n                <div class=\"row\">\r\n                    <div class=\"col-xl-6 offset-xl-6 col-lg-8 offset-lg-4 col-md-11 offset-md-1\">\r\n                        <div class=\"hero-service-row active-service grid-7\">\r\n                            <div class=\"row\">\r\n                                        <div class=\"col-lg-3 col-md-3 col-sm-6 col-6 mb-15\">\r\n                                            <div class=\"hero-service-blog not-active\">\r\n                                                <a href=\"https:\/\/trappsped.at\/es\/servicios\/transporte-terrestre\/\">                                                        <span><img decoding=\"async\" src=\"https:\/\/trappsped.at\/wp-content\/uploads\/2022\/02\/truck.svg\" alt=\"truck\"><\/span>                                                    <p>Transporte terrestre<\/p>\r\n                                                <\/a>\r\n                                            <\/div>\r\n                                        <\/div>\r\n                                        <div class=\"col-lg-3 col-md-3 col-sm-6 col-6 mb-15\">\r\n                                            <div class=\"hero-service-blog not-active\">\r\n                                                <a href=\"https:\/\/trappsped.at\/es\/servicios\/flete-aereo-y-maritimo\/\">                                                        <span><img decoding=\"async\" src=\"https:\/\/trappsped.at\/wp-content\/uploads\/2022\/02\/ship.svg\" alt=\"Spedition Trapp -\"><\/span>                                                    <p>Flete a\u00e9reo y mar\u00edtimo<\/p>\r\n                                                <\/a>\r\n                                            <\/div>\r\n                                        <\/div>\r\n                                        <div class=\"col-lg-3 col-md-3 col-sm-6 col-6 mb-15\">\r\n                                            <div class=\"hero-service-blog not-active\">\r\n                                                <a href=\"https:\/\/trappsped.at\/es\/servicios\/transporte-especial\/\">                                                        <span><img decoding=\"async\" src=\"https:\/\/trappsped.at\/wp-content\/uploads\/2022\/02\/cargo.svg\" alt=\"cargo\"><\/span>                                                    <p>Transporte especial<\/p>\r\n                                                <\/a>\r\n                                            <\/div>\r\n                                        <\/div>\r\n                                        <div class=\"col-lg-3 col-md-3 col-sm-6 col-6 mb-15\">\r\n                                            <div class=\"hero-service-blog not-active\">\r\n                                                <a href=\"https:\/\/trappsped.at\/es\/servicios\/transporte-urgente\/\">                                                        <span><img decoding=\"async\" src=\"https:\/\/trappsped.at\/wp-content\/uploads\/2022\/02\/fast-delivery.svg\" alt=\"fast-delivery\"><\/span>                                                    <p>Transporte urgente<\/p>\r\n                                                <\/a>\r\n                                            <\/div>\r\n                                        <\/div>                            <\/div>\r\n                        <\/div>\r\n                    <\/div>\r\n                <\/div>\r\n            <\/div>\r\n        <\/div>\r\n    <\/section>[\/vc_column][\/vc_row][vc_row][vc_column]        <section id=\"\" class=\"content-part pb-10 \">\n            <div class=\"container\">\n                <div class=\"content-row\">\n                    <div class=\"row\">\n                        <div class=\"col-lg-6 col-md-12 col-sm-12 col-12\">\n                            <div class=\"content-flex\">                                    <div class=\"content-title mb-xl-60 mb-md-40 mb-30 wow fadeInUp\" data-wow-delay=\"0.3s\" data-wow-duration=\"0.5s\">\n                                        <div class=\"maxwidth-453\"><h2>Transportamos <strong>m\u00e1quinas de impresi\u00f3n de forma segura<\/strong><br \/>\na su destino<\/h2><\/div>\n                                    <\/div>                                    <div class=\"sk-contact wow fadeInUp\" data-wow-delay=\"0.3s\" data-wow-duration=\"0.5s\">\n                                        <div class=\"sk-tab-contact-img\">                                                    <img decoding=\"async\" src=\"https:\/\/trappsped.at\/wp-content\/uploads\/2022\/02\/Wolfgang_Mirtl-Geschaeftsfuehrer_Spedition_TRAPP.jpg\" alt=\"Wolfgang Mirtl - Gesch\u00e4ftsf\u00fchrer Spedition TRAPP \u00d6sterreich\">                                        <\/div>\n                                        <div class=\"sk-tab-contact-col\">                                                <h3>Tu contacto<\/h3>                                                <p><span>Wolfgang Mirtl<\/span>Importaci\u00f3n y exportaci\u00f3n Importaci\u00f3n y exportaci\u00f3n <a href=\"\/es\/maerkte\/espana\/\">ESP<\/a> \/ <a href=\"\/es\/maerkte\/portugal\/\">PRT<\/a> \/ <a href=\"\/es\/mercados\/reino-unido-irlanda\/\">GRB<\/a> \/ <a href=\"\/es\/mercados\/reino-unido-irlanda\/\">IRL<\/a> <\/p>\n                                                <ul>                                                            <li class=\"phone\"><a href=\"tel:004377462058240\" title=\"+43 7746 20582-40\" class=\"\">+43 7746 20582-40<\/a><\/li>                                                            <li class=\"email\"><a href=\"mailto:mirtl@trappsped.at\" title=\"mirtl@trappsped.at\" class=\"\">mirtl@trappsped.at<\/a><\/li>                                                <\/ul>                                        <\/div>\n                                    <\/div>                            <\/div>\n                        <\/div>\n                        <div class=\"col-lg-6 col-md-12 col-sm-12 col-12\">\n                            <div class=\"content-info wow fadeInUp\" data-wow-delay=\"0.3s\" data-wow-duration=\"0.5s\">\n                                <p>A la hora de trasladar una m\u00e1quina de impresi\u00f3n, el transporte requiere mucho cuidado y una buena gesti\u00f3n del tiempo. Por lo general, eso significa que la producci\u00f3n se detiene a la espera de la llegada de la nueva m\u00e1quina. Cuando se trata de transportar m\u00e1quinas de impresi\u00f3n, damos mayor prioridad a una manipulaci\u00f3n que ahorre tiempo y a una organizaci\u00f3n fiable. El transporte se planifica en funci\u00f3n del tama\u00f1o y del lugar de uso y de entrega de la m\u00e1quina de impresi\u00f3n. Le ofrecemos:<\/p>\n<ul>\n<li>Desmontaje de la m\u00e1quina de impresi\u00f3n<\/li>\n<li>Carga y transporte<\/li>\n<li>Almacenamiento o dep\u00f3sito provisional si es necesario<\/li>\n<li>Entrega<\/li>\n<li>Instalaci\u00f3n de la m\u00e1quina de impresi\u00f3n<\/li>\n<\/ul>\n<p>Vaya a lo seguro para que sus m\u00e1quinas de impresi\u00f3n sean transportadas, ensambladas e instaladas profesionalmente.<\/p>\n<p>Para saber m\u00e1s sobre el transporte de m\u00e1quinas de impresi\u00f3n, las tarifas y los horarios, p\u00f3ngase en contacto con nuestros expedidores. Estaremos encantados de asesorarle sobre sus opciones.<\/p>\n                            <\/div>\n                        <\/div>\n                    <\/div>\n                <\/div>\n            <\/div>\n        <\/section>[\/vc_column][\/vc_row][vc_row][vc_column]<div id=\"\" class=\"trapp-space trapp-space-2548089769e6c8472fc71 \"><\/div><style>.trapp-space-2548089769e6c8472fc71{height:50px;}@media (max-width: 1200px){.trapp-space-2548089769e6c8472fc71{height:30px;}}@media (max-width: 767px){.trapp-space-2548089769e6c8472fc71{height:10px;}}<\/style>[\/vc_column][\/vc_row]<\/p>\n","protected":false},"excerpt":{"rendered":"<p>[vc_row full_width=\u00bbstretch_row_content_no_spaces\u00bb][vc_column][\/vc_column][\/vc_row][vc_row][vc_column][\/vc_column][\/vc_row][vc_row][vc_column][\/vc_column][\/vc_row]<\/p>\n","protected":false},"author":1,"featured_media":0,"parent":3754,"menu_order":0,"comment_status":"closed","ping_status":"closed","template":"","meta":{"_acf_changed":false,"footnotes":""},"class_list":["post-6652","page","type-page","status-publish","hentry"],"acf":[],"yoast_head":"<!-- This site is optimized with the Yoast SEO plugin v27.4 - https:\/\/yoast.com\/product\/yoast-seo-wordpress\/ -->\n<title>Spedition Trapp - transporte de m\u00e1quinas de impresi\u00f3n<\/title>\n<meta name=\"description\" content=\"Ofrecemos un procesamiento que ahorra tiempo y una organizaci\u00f3n confiable del transporte de su m\u00e1quina de impresi\u00f3n: cont\u00e1ctenos.\" \/>\n<meta name=\"robots\" content=\"index, follow, max-snippet:-1, max-image-preview:large, max-video-preview:-1\" \/>\n<link rel=\"canonical\" href=\"https:\/\/trappsped.at\/es\/sectores\/transporte-de-maquinas-de-impresion\/\" \/>\n<meta property=\"og:locale\" content=\"es_ES\" \/>\n<meta property=\"og:type\" content=\"article\" \/>\n<meta property=\"og:title\" content=\"Spedition Trapp - transporte de m\u00e1quinas de impresi\u00f3n\" \/>\n<meta property=\"og:description\" content=\"Ofrecemos un procesamiento que ahorra tiempo y una organizaci\u00f3n confiable del transporte de su m\u00e1quina de impresi\u00f3n: cont\u00e1ctenos.\" \/>\n<meta property=\"og:url\" content=\"https:\/\/trappsped.at\/es\/sectores\/transporte-de-maquinas-de-impresion\/\" \/>\n<meta property=\"og:site_name\" content=\"Spedition Trapp\" \/>\n<meta property=\"article:publisher\" content=\"https:\/\/www.facebook.com\/trappsped.at\/\" \/>\n<meta property=\"article:modified_time\" content=\"2023-06-28T08:32:15+00:00\" \/>\n<meta name=\"twitter:card\" content=\"summary_large_image\" \/>\n<meta name=\"twitter:label1\" content=\"Tiempo de lectura\" \/>\n\t<meta name=\"twitter:data1\" content=\"2 minutos\" \/>\n<script type=\"application\/ld+json\" class=\"yoast-schema-graph\">{\"@context\":\"https:\\\/\\\/schema.org\",\"@graph\":[{\"@type\":\"WebPage\",\"@id\":\"https:\\\/\\\/trappsped.at\\\/es\\\/sectores\\\/transporte-de-maquinas-de-impresion\\\/\",\"url\":\"https:\\\/\\\/trappsped.at\\\/es\\\/sectores\\\/transporte-de-maquinas-de-impresion\\\/\",\"name\":\"Spedition Trapp - transporte de m\u00e1quinas de impresi\u00f3n\",\"isPartOf\":{\"@id\":\"https:\\\/\\\/trappsped.at\\\/#website\"},\"datePublished\":\"2022-11-25T13:01:02+00:00\",\"dateModified\":\"2023-06-28T08:32:15+00:00\",\"description\":\"Ofrecemos un procesamiento que ahorra tiempo y una organizaci\u00f3n confiable del transporte de su m\u00e1quina de impresi\u00f3n: cont\u00e1ctenos.\",\"breadcrumb\":{\"@id\":\"https:\\\/\\\/trappsped.at\\\/es\\\/sectores\\\/transporte-de-maquinas-de-impresion\\\/#breadcrumb\"},\"inLanguage\":\"es\",\"potentialAction\":[{\"@type\":\"ReadAction\",\"target\":[\"https:\\\/\\\/trappsped.at\\\/es\\\/sectores\\\/transporte-de-maquinas-de-impresion\\\/\"]}]},{\"@type\":\"BreadcrumbList\",\"@id\":\"https:\\\/\\\/trappsped.at\\\/es\\\/sectores\\\/transporte-de-maquinas-de-impresion\\\/#breadcrumb\",\"itemListElement\":[{\"@type\":\"ListItem\",\"position\":1,\"name\":\"Home\",\"item\":\"https:\\\/\\\/trappsped.at\\\/es\\\/\"},{\"@type\":\"ListItem\",\"position\":2,\"name\":\"Sectores\",\"item\":\"https:\\\/\\\/trappsped.at\\\/es\\\/sectores\\\/\"},{\"@type\":\"ListItem\",\"position\":3,\"name\":\"Transporte de m\u00e1quinas de impresi\u00f3n\"}]},{\"@type\":\"WebSite\",\"@id\":\"https:\\\/\\\/trappsped.at\\\/#website\",\"url\":\"https:\\\/\\\/trappsped.at\\\/\",\"name\":\"Spedition Trapp\",\"description\":\"Logistik der Extraklasse\",\"publisher\":{\"@id\":\"https:\\\/\\\/trappsped.at\\\/#organization\"},\"potentialAction\":[{\"@type\":\"SearchAction\",\"target\":{\"@type\":\"EntryPoint\",\"urlTemplate\":\"https:\\\/\\\/trappsped.at\\\/?s={search_term_string}\"},\"query-input\":{\"@type\":\"PropertyValueSpecification\",\"valueRequired\":true,\"valueName\":\"search_term_string\"}}],\"inLanguage\":\"es\"},{\"@type\":\"Organization\",\"@id\":\"https:\\\/\\\/trappsped.at\\\/#organization\",\"name\":\"Spedition Trapp GmbH\",\"url\":\"https:\\\/\\\/trappsped.at\\\/\",\"logo\":{\"@type\":\"ImageObject\",\"inLanguage\":\"es\",\"@id\":\"https:\\\/\\\/trappsped.at\\\/#\\\/schema\\\/logo\\\/image\\\/\",\"url\":\"https:\\\/\\\/trappsped.at\\\/wp-content\\\/uploads\\\/2022\\\/02\\\/Spedition-Trapp-Logo.svg\",\"contentUrl\":\"https:\\\/\\\/trappsped.at\\\/wp-content\\\/uploads\\\/2022\\\/02\\\/Spedition-Trapp-Logo.svg\",\"width\":1,\"height\":1,\"caption\":\"Spedition Trapp GmbH\"},\"image\":{\"@id\":\"https:\\\/\\\/trappsped.at\\\/#\\\/schema\\\/logo\\\/image\\\/\"},\"sameAs\":[\"https:\\\/\\\/www.facebook.com\\\/trappsped.at\\\/\",\"https:\\\/\\\/www.linkedin.com\\\/company\\\/trapp-spedition-gmbh\\\/\",\"https:\\\/\\\/www.xing.com\\\/pages\\\/trappspeditiongmbh\"]}]}<\/script>\n<!-- \/ Yoast SEO plugin. -->","yoast_head_json":{"title":"Spedition Trapp - transporte de m\u00e1quinas de impresi\u00f3n","description":"Ofrecemos un procesamiento que ahorra tiempo y una organizaci\u00f3n confiable del transporte de su m\u00e1quina de impresi\u00f3n: cont\u00e1ctenos.","robots":{"index":"index","follow":"follow","max-snippet":"max-snippet:-1","max-image-preview":"max-image-preview:large","max-video-preview":"max-video-preview:-1"},"canonical":"https:\/\/trappsped.at\/es\/sectores\/transporte-de-maquinas-de-impresion\/","og_locale":"es_ES","og_type":"article","og_title":"Spedition Trapp - transporte de m\u00e1quinas de impresi\u00f3n","og_description":"Ofrecemos un procesamiento que ahorra tiempo y una organizaci\u00f3n confiable del transporte de su m\u00e1quina de impresi\u00f3n: cont\u00e1ctenos.","og_url":"https:\/\/trappsped.at\/es\/sectores\/transporte-de-maquinas-de-impresion\/","og_site_name":"Spedition Trapp","article_publisher":"https:\/\/www.facebook.com\/trappsped.at\/","article_modified_time":"2023-06-28T08:32:15+00:00","twitter_card":"summary_large_image","twitter_misc":{"Tiempo de lectura":"2 minutos"},"schema":{"@context":"https:\/\/schema.org","@graph":[{"@type":"WebPage","@id":"https:\/\/trappsped.at\/es\/sectores\/transporte-de-maquinas-de-impresion\/","url":"https:\/\/trappsped.at\/es\/sectores\/transporte-de-maquinas-de-impresion\/","name":"Spedition Trapp - transporte de m\u00e1quinas de impresi\u00f3n","isPartOf":{"@id":"https:\/\/trappsped.at\/#website"},"datePublished":"2022-11-25T13:01:02+00:00","dateModified":"2023-06-28T08:32:15+00:00","description":"Ofrecemos un procesamiento que ahorra tiempo y una organizaci\u00f3n confiable del transporte de su m\u00e1quina de impresi\u00f3n: cont\u00e1ctenos.","breadcrumb":{"@id":"https:\/\/trappsped.at\/es\/sectores\/transporte-de-maquinas-de-impresion\/#breadcrumb"},"inLanguage":"es","potentialAction":[{"@type":"ReadAction","target":["https:\/\/trappsped.at\/es\/sectores\/transporte-de-maquinas-de-impresion\/"]}]},{"@type":"BreadcrumbList","@id":"https:\/\/trappsped.at\/es\/sectores\/transporte-de-maquinas-de-impresion\/#breadcrumb","itemListElement":[{"@type":"ListItem","position":1,"name":"Home","item":"https:\/\/trappsped.at\/es\/"},{"@type":"ListItem","position":2,"name":"Sectores","item":"https:\/\/trappsped.at\/es\/sectores\/"},{"@type":"ListItem","position":3,"name":"Transporte de m\u00e1quinas de impresi\u00f3n"}]},{"@type":"WebSite","@id":"https:\/\/trappsped.at\/#website","url":"https:\/\/trappsped.at\/","name":"Spedition Trapp","description":"Logistik der Extraklasse","publisher":{"@id":"https:\/\/trappsped.at\/#organization"},"potentialAction":[{"@type":"SearchAction","target":{"@type":"EntryPoint","urlTemplate":"https:\/\/trappsped.at\/?s={search_term_string}"},"query-input":{"@type":"PropertyValueSpecification","valueRequired":true,"valueName":"search_term_string"}}],"inLanguage":"es"},{"@type":"Organization","@id":"https:\/\/trappsped.at\/#organization","name":"Spedition Trapp GmbH","url":"https:\/\/trappsped.at\/","logo":{"@type":"ImageObject","inLanguage":"es","@id":"https:\/\/trappsped.at\/#\/schema\/logo\/image\/","url":"https:\/\/trappsped.at\/wp-content\/uploads\/2022\/02\/Spedition-Trapp-Logo.svg","contentUrl":"https:\/\/trappsped.at\/wp-content\/uploads\/2022\/02\/Spedition-Trapp-Logo.svg","width":1,"height":1,"caption":"Spedition Trapp GmbH"},"image":{"@id":"https:\/\/trappsped.at\/#\/schema\/logo\/image\/"},"sameAs":["https:\/\/www.facebook.com\/trappsped.at\/","https:\/\/www.linkedin.com\/company\/trapp-spedition-gmbh\/","https:\/\/www.xing.com\/pages\/trappspeditiongmbh"]}]}},"_links":{"self":[{"href":"https:\/\/trappsped.at\/es\/wp-json\/wp\/v2\/pages\/6652","targetHints":{"allow":["GET"]}}],"collection":[{"href":"https:\/\/trappsped.at\/es\/wp-json\/wp\/v2\/pages"}],"about":[{"href":"https:\/\/trappsped.at\/es\/wp-json\/wp\/v2\/types\/page"}],"author":[{"embeddable":true,"href":"https:\/\/trappsped.at\/es\/wp-json\/wp\/v2\/users\/1"}],"replies":[{"embeddable":true,"href":"https:\/\/trappsped.at\/es\/wp-json\/wp\/v2\/comments?post=6652"}],"version-history":[{"count":3,"href":"https:\/\/trappsped.at\/es\/wp-json\/wp\/v2\/pages\/6652\/revisions"}],"predecessor-version":[{"id":7091,"href":"https:\/\/trappsped.at\/es\/wp-json\/wp\/v2\/pages\/6652\/revisions\/7091"}],"up":[{"embeddable":true,"href":"https:\/\/trappsped.at\/es\/wp-json\/wp\/v2\/pages\/3754"}],"wp:attachment":[{"href":"https:\/\/trappsped.at\/es\/wp-json\/wp\/v2\/media?parent=6652"}],"curies":[{"name":"wp","href":"https:\/\/api.w.org\/{rel}","templated":true}]}}